{"id":414155,"date":"2023-03-24T16:43:41","date_gmt":"2023-03-24T15:43:41","guid":{"rendered":"https:\/\/www.claret.cat\/llibre\/el-pelegrinatge-ecumenic-9788491655442\/"},"modified":"2024-05-23T02:41:11","modified_gmt":"2024-05-23T00:41:11","slug":"el-pelegrinatge-ecumenic-9788491655442","status":"publish","type":"product","link":"https:\/\/www.claret.cat\/es\/libro\/el-pelegrinatge-ecumenic-9788491655442\/","title":{"rendered":"EL PELEGRINATGE ECUM\u00c8NIC"},"content":{"rendered":"<p><span style='color: black'>Al llarg del temps s\u2019han donat greus trencadisses de la unitat cristiana (les Esgl\u00e9sies orientals el segle V, Esgl\u00e9sies ortodoxes el segle XI, i la Reforma Protestant el segle XVI). L\u2019obra present estudia l\u2019evoluci\u00f3 de les Esgl\u00e9sies dividides vers la unitat que Crist volgu\u00e9 per a la seva Esgl\u00e9sia, des de 1965 amb el final del Concili Vatic\u00e0 II i la IV Assemblea del Consell Mundial de les Esgl\u00e9sies (Upsala,1968), fins a l\u2019actualitat (X Assemblea del CME a Karlsruhe, 2022). Aquest llibre vol aportar una s\u00edntesi de com han evolucionat els esfor\u00e7os per assolir la unitat visible de les confessions cristianes m\u00e9s importants. Al llarg aquests gaireb\u00e9 seixanta anys, el moviment ecum\u00e8nic ha assolit molt bones fites. De fet, el gruix del missatge cristi\u00e0 \u00e9s b\u00e0sicament com\u00fa a gaireb\u00e9 totes les Esgl\u00e9sies i constitueix un s\u00f2lid i bon punt de partida per endegar i cosir els temes en disputa que van provocar les divisions. El moviment ecum\u00e8nic cap a la unitat avan\u00e7a, malgrat el que molts puguin pensar. El mandat de Jesucrist \u00abque tots siguin u\u00bb es va assolint. Aquest \u00e9s el missatge del llibre que t\u00e9 al davant.<\/span><\/p>\n","protected":false},"excerpt":{"rendered":"<p>MATABOSCH I SOLER, ANTONI<\/p>\n","protected":false},"featured_media":444208,"template":"","meta":{"_acf_changed":false,"om_disable_all_campaigns":false,"rs_blank_template":"","rs_page_bg_color":"","slide_template_v7":"","inline_featured_image":false,"_monsterinsights_skip_tracking":false,"_monsterinsights_sitenote_active":false,"_monsterinsights_sitenote_note":"","_monsterinsights_sitenote_category":0},"product_brand":[],"product_cat":[93,543],"product_tag":[],"class_list":{"0":"post-414155","1":"product","2":"type-product","3":"status-publish","4":"has-post-thumbnail","6":"product_cat-eclesiologia","7":"product_cat-eclesiologia-es","9":"first","10":"instock","11":"taxable","12":"shipping-taxable","13":"purchasable","14":"product-type-simple"},"acf":{"autor":"MATABOSCH I SOLER, ANTONI","codart":"849165544","libros-coleccion":"Ema\u00fas","ediciones":"1","encuadernacion":"R\u00fastica","fecha_de_publicacion":"24\/03\/2023","novedad":"1","paginas":"234","subtitulo":"DEL VATIC\u00c0 II ALS NOSTRES DIES ","orden":"0","portada":"0","idioma":"cat","editorial":[{"ID":6172,"post_author":"3","post_date":"2022-07-28 17:46:27","post_date_gmt":"2022-07-28 15:46:27","post_content":"","post_title":"CPL","post_excerpt":"","post_status":"publish","comment_status":"closed","ping_status":"closed","post_password":"","post_name":"cpl","to_ping":"","pinged":"","post_modified":"2022-07-28 17:46:27","post_modified_gmt":"2022-07-28 15:46:27","post_content_filtered":"","post_parent":0,"guid":"http:\/\/dev.claret.cat\/editorial\/cpl\/","menu_order":0,"post_type":"editorial","post_mime_type":"","comment_count":"0","filter":"raw"}],"autores-libros":[{"ID":414153,"post_author":"3","post_date":"2023-03-24 16:43:32","post_date_gmt":"2023-03-24 15:43:32","post_content":"","post_title":"ANTONI MATABOSCH I SOLER","post_excerpt":"","post_status":"publish","comment_status":"closed","ping_status":"closed","post_password":"","post_name":"antoni-matabosch-i-soler","to_ping":"","pinged":"","post_modified":"2023-03-24 16:43:32","post_modified_gmt":"2023-03-24 15:43:32","post_content_filtered":"","post_parent":0,"guid":"https:\/\/www.claret.cat\/autor\/antoni-matabosch-i-soler\/","menu_order":0,"post_type":"autor","post_mime_type":"","comment_count":"0","filter":"raw"}]},"aioseo_notices":[],"_links":{"self":[{"href":"https:\/\/www.claret.cat\/es\/wp-json\/wp\/v2\/product\/414155","targetHints":{"allow":["GET"]}}],"collection":[{"href":"https:\/\/www.claret.cat\/es\/wp-json\/wp\/v2\/product"}],"about":[{"href":"https:\/\/www.claret.cat\/es\/wp-json\/wp\/v2\/types\/product"}],"wp:featuredmedia":[{"embeddable":true,"href":"https:\/\/www.claret.cat\/es\/wp-json\/wp\/v2\/media\/444208"}],"wp:attachment":[{"href":"https:\/\/www.claret.cat\/es\/wp-json\/wp\/v2\/media?parent=414155"}],"wp:term":[{"taxonomy":"product_brand","embeddable":true,"href":"https:\/\/www.claret.cat\/es\/wp-json\/wp\/v2\/product_brand?post=414155"},{"taxonomy":"product_cat","embeddable":true,"href":"https:\/\/www.claret.cat\/es\/wp-json\/wp\/v2\/product_cat?post=414155"},{"taxonomy":"product_tag","embeddable":true,"href":"https:\/\/www.claret.cat\/es\/wp-json\/wp\/v2\/product_tag?post=414155"}],"curies":[{"name":"wp","href":"https:\/\/api.w.org\/{rel}","templated":true}]}}