{"id":414173,"date":"2023-03-24T17:50:58","date_gmt":"2023-03-24T16:50:58","guid":{"rendered":"https:\/\/www.claret.cat\/llibre\/la-humanidad-de-dios-9788498798104\/"},"modified":"2026-04-02T16:30:20","modified_gmt":"2026-04-02T14:30:20","slug":"la-humanidad-de-dios-9788498798104","status":"publish","type":"product","link":"https:\/\/www.claret.cat\/es\/libro\/la-humanidad-de-dios-9788498798104\/","title":{"rendered":"LA HUMANIDAD DE DIOS"},"content":{"rendered":"<p>Son muchos los millones de ciudadanos del mundo que se interesan por Dios. Y, sin embargo, son tambi\u00e9n bastantes los millones de personas que no quieren saber nada de lo divino, lo sagrado, lo religioso. Se ha dicho con raz\u00f3n que la actual crisis de la fe en Dios solo ha podido desencadenarse debido a la forma falseada de pensar a Dios y de vivir la relaci\u00f3n con \u00e9l. Por definici\u00f3n, Dios es el Trascendente. Precisamente porque nos trasciende, Dios no est\u00e1 al alcance del hombre, ni se puede saber c\u00f3mo es \u00abDios en s\u00ed\u00bb, porque \u00aba Dios nadie lo ha visto jam\u00e1s\u00bb (Juan 1, 18). Lo que se piensa y se dice de Dios son las \u00abrepresentaciones\u00bb que los humanos nos hacemos de \u00e9l. Pero ocurre que a Dios \u00abnos lo representamos mal\u00bb. A Dios se le ha representado como infinitamente poderoso e infinitamente bueno. Pero no es posible conciliar ambas cosas, si es que este mundo, donde hay tanto sufrimiento, tiene algo que ver con Dios.<br \/> Al no poder cuadrar las ideas humanas sobre Dios con la realidad tan calamitosa de este mundo, ha ocurrido lo peor que pod\u00eda ocurrir: los dirigentes de las religiones y los te\u00f3logos o entendidos en los asuntos divinos se han agarrado al poder y han presentado a un Dios autoritario, prepotente, dominador, justiciero, amenazante&#8230; En una palabra, han \u00abdeshumanizado\u00bb a Dios y a la religi\u00f3n. De forma que, tanto Dios como la religi\u00f3n, para muchos, resultan insoportables o, lo que quiz\u00e1s es peor, palabras y problemas que no interesan porque no resuelven nada y para nada sirven. Este libro propone cambiar nuestra idea de Dios y nuestra manera de entender y practicar la religi\u00f3n. Lo cual no es hacerse un \u00abdios a la carta\u00bb o una \u00abreligi\u00f3n a la medida\u00bb de los propios intereses y conveniencias. Se trata de recuperar, hasta el fondo, el significado de lo m\u00e1s original que ha aportado el cristianismo a las tradiciones religiosas de la humanidad: que Dios se ha humanizado en Jes\u00fas de Nazaret. Lo cual quiere decir que el \u00abpunto de encuentro\u00bb con Dios no es ya ni \u00ablo divino\u00bb, ni \u00ablo sagrado\u00bb, ni \u00ablo religioso\u00bb, sino sencillamente \u00ablo humano\u00bb. A Dios lo encontramos en la medida en que nos hacemos m\u00e1s profundamente humanos, liber\u00e1ndonos -y liberando este mundo- de la brutal deshumanizaci\u00f3n que tanto sufrimiento, violencia y muerte ha desencadenado.<\/p>\n","protected":false},"excerpt":{"rendered":"<p>CASTILLO, JOS\u00c9 M.<\/p>\n","protected":false},"featured_media":414174,"template":"","meta":{"_acf_changed":false,"om_disable_all_campaigns":false,"rs_blank_template":"","rs_page_bg_color":"","slide_template_v7":"","inline_featured_image":false,"_monsterinsights_skip_tracking":false,"_monsterinsights_sitenote_active":false,"_monsterinsights_sitenote_note":"","_monsterinsights_sitenote_category":0},"product_brand":[],"product_cat":[91,541],"product_tag":[],"class_list":{"0":"post-414173","1":"product","2":"type-product","3":"status-publish","4":"has-post-thumbnail","6":"product_cat-cristologia","7":"product_cat-cristologia-1_espiritualidad-spa","9":"first","10":"instock","11":"taxable","12":"shipping-taxable","13":"purchasable","14":"product-type-simple"},"acf":{"autor":"CASTILLO, JOS\u00c9 M.","codart":"849879810","libros-coleccion":"Estructuras y procesos. Religi\u00f3n","ediciones":"1","encuadernacion":"R\u00fastica","fecha_de_publicacion":"01\/06\/2019","novedad":"1","paginas":"117","subtitulo":"","orden":"0","portada":"0","idioma":"spa","editorial":[{"ID":6237,"post_author":"3","post_date":"2022-07-28 17:47:53","post_date_gmt":"2022-07-28 15:47:53","post_content":"","post_title":"Editorial Trotta","post_excerpt":"","post_status":"publish","comment_status":"closed","ping_status":"closed","post_password":"","post_name":"editorial-trotta","to_ping":"","pinged":"","post_modified":"2022-07-28 17:47:53","post_modified_gmt":"2022-07-28 15:47:53","post_content_filtered":"","post_parent":0,"guid":"http:\/\/dev.claret.cat\/editorial\/editorial-trotta\/","menu_order":0,"post_type":"editorial","post_mime_type":"","comment_count":"0","filter":"raw"}],"autores-libros":[{"ID":160383,"post_author":"3","post_date":"2022-10-14 15:52:37","post_date_gmt":"2022-10-14 13:52:37","post_content":"","post_title":"JOS\u00c9 M. CASTILLO","post_excerpt":"","post_status":"publish","comment_status":"closed","ping_status":"closed","post_password":"","post_name":"jose-m-castillo-2","to_ping":"","pinged":"","post_modified":"2022-10-14 15:52:37","post_modified_gmt":"2022-10-14 13:52:37","post_content_filtered":"","post_parent":0,"guid":"http:\/\/dev.claret.cat\/autor\/jose-m-castillo-2\/","menu_order":0,"post_type":"autor","post_mime_type":"","comment_count":"0","filter":"raw"}],"booktrailer":"","resenas":""},"aioseo_notices":[],"_links":{"self":[{"href":"https:\/\/www.claret.cat\/es\/wp-json\/wp\/v2\/product\/414173","targetHints":{"allow":["GET"]}}],"collection":[{"href":"https:\/\/www.claret.cat\/es\/wp-json\/wp\/v2\/product"}],"about":[{"href":"https:\/\/www.claret.cat\/es\/wp-json\/wp\/v2\/types\/product"}],"wp:featuredmedia":[{"embeddable":true,"href":"https:\/\/www.claret.cat\/es\/wp-json\/wp\/v2\/media\/414174"}],"wp:attachment":[{"href":"https:\/\/www.claret.cat\/es\/wp-json\/wp\/v2\/media?parent=414173"}],"wp:term":[{"taxonomy":"product_brand","embeddable":true,"href":"https:\/\/www.claret.cat\/es\/wp-json\/wp\/v2\/product_brand?post=414173"},{"taxonomy":"product_cat","embeddable":true,"href":"https:\/\/www.claret.cat\/es\/wp-json\/wp\/v2\/product_cat?post=414173"},{"taxonomy":"product_tag","embeddable":true,"href":"https:\/\/www.claret.cat\/es\/wp-json\/wp\/v2\/product_tag?post=414173"}],"curies":[{"name":"wp","href":"https:\/\/api.w.org\/{rel}","templated":true}]}}