{"id":414176,"date":"2023-03-25T11:20:03","date_gmt":"2023-03-25T10:20:03","guid":{"rendered":"https:\/\/www.claret.cat\/llibre\/el-drac-rac-9788418817694\/"},"modified":"2025-05-09T14:06:28","modified_gmt":"2025-05-09T12:06:28","slug":"el-drac-rac-9788418817694","status":"publish","type":"product","link":"https:\/\/www.claret.cat\/es\/libro\/el-drac-rac-9788418817694\/","title":{"rendered":"EL DRAC RAC"},"content":{"rendered":"<p>Aquesta \u00e9s la hist\u00f2ria del drac Rac, una hist\u00f2ria que tamb\u00e9 \u00e9s una can\u00e7\u00f3. En Rac \u00e9s un drac gros i tothom el defuig&#8230;, fins que descobreixen que dins seu s&#8221;hi amaga un cor tan gegant com ell!  Un llibre de cartr\u00f3 ple d&#8221;emocions amb el qual els m\u00e9s petits de la casa donaran les primeres passes al m\u00f3n de la lectura mentres juguen, canten i ballen amb El Pot Petit! El m\u00f3n de les can\u00e7ons de El Pot Petit \u00e9s l&#8221;univers dels m\u00e9s petits, que ara podran gaudir de totes les seves hist\u00f2ries amb un llibre de tot cartr\u00f3. Amb les aventures dels seus personatges m\u00e9s estimats, El Drac Rac presenta una nova manera de treballar les emocions i destaca el valor de l&#8221;amistat i la solidaritat en un format l\u00fadic. Descobreix els contes de El Pot Petit!<\/p>\n","protected":false},"excerpt":{"rendered":"<p>EL POT PETIT<\/p>\n","protected":false},"featured_media":414177,"template":"","meta":{"_acf_changed":false,"om_disable_all_campaigns":false,"rs_blank_template":"","rs_page_bg_color":"","slide_template_v7":"","inline_featured_image":false,"_monsterinsights_skip_tracking":false,"_monsterinsights_sitenote_active":false,"_monsterinsights_sitenote_note":"","_monsterinsights_sitenote_category":0},"product_brand":[],"product_cat":[131,361],"product_tag":[],"class_list":{"0":"post-414176","1":"product","2":"type-product","3":"status-publish","4":"has-post-thumbnail","6":"product_cat-contes-per-infants-0-6-anys","7":"product_cat-cuentos-para-ninos-0-6-anos","9":"first","10":"instock","11":"taxable","12":"shipping-taxable","13":"purchasable","14":"product-type-simple"},"acf":{"autor":"EL POT PETIT","codart":"841881769","libros-coleccion":"FORA DE COL.LECCI\u00d3","ediciones":"1","encuadernacion":"Carpeta","fecha_de_publicacion":"01\/03\/2023","novedad":"1","paginas":"12","subtitulo":"LLIBRE DE CARTR\u00d3","orden":"0","portada":"0","idioma":"cat","editorial":[{"ID":148657,"post_author":"3","post_date":"2022-10-14 11:59:58","post_date_gmt":"2022-10-14 09:59:58","post_content":"","post_title":"Penguin Kids","post_excerpt":"","post_status":"publish","comment_status":"closed","ping_status":"closed","post_password":"","post_name":"penguin-kids","to_ping":"","pinged":"","post_modified":"2022-10-14 11:59:58","post_modified_gmt":"2022-10-14 09:59:58","post_content_filtered":"","post_parent":0,"guid":"http:\/\/dev.claret.cat\/editorial\/penguin-kids\/","menu_order":0,"post_type":"editorial","post_mime_type":"","comment_count":"0","filter":"raw"}],"autores-libros":[{"ID":154686,"post_author":"3","post_date":"2022-10-14 15:06:48","post_date_gmt":"2022-10-14 13:06:48","post_content":"","post_title":"EL POT PETIT","post_excerpt":"","post_status":"publish","comment_status":"closed","ping_status":"closed","post_password":"","post_name":"el-pot-petit","to_ping":"","pinged":"","post_modified":"2022-10-14 15:06:48","post_modified_gmt":"2022-10-14 13:06:48","post_content_filtered":"","post_parent":0,"guid":"http:\/\/dev.claret.cat\/autor\/el-pot-petit\/","menu_order":0,"post_type":"autor","post_mime_type":"","comment_count":"0","filter":"raw"}],"booktrailer":"","resenas":""},"aioseo_notices":[],"_links":{"self":[{"href":"https:\/\/www.claret.cat\/es\/wp-json\/wp\/v2\/product\/414176","targetHints":{"allow":["GET"]}}],"collection":[{"href":"https:\/\/www.claret.cat\/es\/wp-json\/wp\/v2\/product"}],"about":[{"href":"https:\/\/www.claret.cat\/es\/wp-json\/wp\/v2\/types\/product"}],"wp:featuredmedia":[{"embeddable":true,"href":"https:\/\/www.claret.cat\/es\/wp-json\/wp\/v2\/media\/414177"}],"wp:attachment":[{"href":"https:\/\/www.claret.cat\/es\/wp-json\/wp\/v2\/media?parent=414176"}],"wp:term":[{"taxonomy":"product_brand","embeddable":true,"href":"https:\/\/www.claret.cat\/es\/wp-json\/wp\/v2\/product_brand?post=414176"},{"taxonomy":"product_cat","embeddable":true,"href":"https:\/\/www.claret.cat\/es\/wp-json\/wp\/v2\/product_cat?post=414176"},{"taxonomy":"product_tag","embeddable":true,"href":"https:\/\/www.claret.cat\/es\/wp-json\/wp\/v2\/product_tag?post=414176"}],"curies":[{"name":"wp","href":"https:\/\/api.w.org\/{rel}","templated":true}]}}