{"id":414224,"date":"2023-03-27T12:05:02","date_gmt":"2023-03-27T10:05:02","guid":{"rendered":"https:\/\/www.claret.cat\/llibre\/declive-de-la-religion-y-futuro-del-evangelio-9788433032188\/"},"modified":"2025-09-19T16:39:24","modified_gmt":"2025-09-19T14:39:24","slug":"declive-de-la-religion-y-futuro-del-evangelio-9788433032188","status":"publish","type":"product","link":"https:\/\/www.claret.cat\/es\/libro\/declive-de-la-religion-y-futuro-del-evangelio-9788433032188\/","title":{"rendered":"DECLIVE DE LA RELIGION Y FUTURO DEL EVANGELIO"},"content":{"rendered":"<p>A partir del s. III y hasta el d\u00eda de hoy, la Iglesia ha concedido m\u00e1s importancia a la Religi\u00f3n que al Evangelio, de forma que presenta y vive el cristianismo como una Religi\u00f3n que se funde y se confunde con el Evangelio. Y ello a pesar de que la Religi\u00f3n se enfrent\u00f3 al Evangelio hasta tal punto que fueron sus propios dirigentes -los sacerdotes- quienes condenaron a Jes\u00fas a muerte. Ellos fueron los primeros en darse cuenta de que el Evangelio era la amenaza y la ruina de la Religi\u00f3n.<br \/> Una Religi\u00f3n que es la divinizaci\u00f3n de lo humano, mientras que el Evangelio supone la humanizaci\u00f3n de lo divino. \u00bfPor qu\u00e9, entonces, est\u00e1 m\u00e1s presente en la Iglesia la Religi\u00f3n que el Evangelio? Sencillamente, porque los rituales de la Religi\u00f3n tranquilizan nuestra conciencia, mientras que las exigencias del Evangelio nos plantean el despojo de la riqueza y, sobre todo, del propio yo, lo que resulta muy dif\u00edcil de aceptar para la mayor\u00eda de las personas. Esto ha llevado a una disminuci\u00f3n de la relevancia de la Religi\u00f3n y a una desconexi\u00f3n con las necesidades de la sociedad actual. <br \/> En consecuencia, las sociedades tecnol\u00f3gicamente avanzadas producen actualmente m\u00e1s bienestar que los rituales de la Religi\u00f3n, que cada d\u00eda interesan menos y enga\u00f1an m\u00e1s. En cambio, el Evangelio, que exige el despojo de la riqueza y del yo, nos humaniza en un mundo que se percibe cada d\u00eda m\u00e1s deshumanizado.<\/p>\n<p> Jos\u00e9 Mar\u00eda Castillo naci\u00f3 en Puebla de Don Fadrique (Granada) en 1929. Hizo los estudios eclesi\u00e1sticos en la Facultad de Teolog\u00eda de Granada. Jesuita desde 1956. Doctor en Teolog\u00eda (Universidad Gregoriana de Roma). Profesor de Teolog\u00eda Dogm\u00e1tica (Eclesiolog\u00eda, Sacramentos, Espiritualidad) en Granada. Profesor invitado en Madrid (Universidad de Comillas), Roma (Universidad Gregoriana), UCA (San Salvador).Ha publicado 52 libros, con un sentido cr\u00edtico, destacando determinadas incoherencias entre la Teolog\u00eda Dogm\u00e1tica y el Evangelio. Por esto, en 1983, se le retir\u00f3 la c\u00e1tedra de Teolog\u00eda Dogm\u00e1tica. En 1988, junto al Profesor Juan A. Estrada, se vio privado de la Venia docendi (permiso para ense\u00f1ar). Esto explica que el profesor Estrada pasara a la Universidad de Granada y Castillo fuera destinado a la UCA (El Salvador) para ocupar una parte del vac\u00edo que dejaron Ellacur\u00eda y sus compa\u00f1eros asesinados en San Salvador. A partir de entonces la censura eclesi\u00e1stica fue m\u00e1s severa para Castillo, que en 2007 abandon\u00f3 la Vida Religiosa (pero no el Sacerdocio) para tener m\u00e1s tiempo y libertad en su producci\u00f3n teol\u00f3gica.En 2011, la Universidad de Granada lo nombr\u00f3 Doctor Honoris Causa<\/p>\n","protected":false},"excerpt":{"rendered":"<p>CASTILLO S\u00c1NCHEZ, JOS\u00c9 MAR\u00cdA<\/p>\n","protected":false},"featured_media":414225,"template":"","meta":{"_acf_changed":false,"om_disable_all_campaigns":false,"rs_blank_template":"","rs_page_bg_color":"","slide_template_v7":"","inline_featured_image":false,"_monsterinsights_skip_tracking":false,"_monsterinsights_sitenote_active":false,"_monsterinsights_sitenote_note":"","_monsterinsights_sitenote_category":0},"product_brand":[],"product_cat":[485,232,511,283,89,308],"product_tag":[],"class_list":{"0":"post-414224","1":"product","2":"type-product","3":"status-publish","4":"has-post-thumbnail","6":"product_cat-autores-espiritualidad-1_espiritualidad","7":"product_cat-autors-espiritualitat","8":"product_cat-eclesiologia-teologia-1_espiritualidad","9":"product_cat-eclesiologia-teologia","10":"product_cat-els-mes-venuts","11":"product_cat-castella","13":"first","14":"instock","15":"taxable","16":"shipping-taxable","17":"purchasable","18":"product-type-simple"},"acf":{"autor":"CASTILLO S\u00c1NCHEZ, JOS\u00c9 MAR\u00cdA","codart":"843303218","libros-coleccion":"A los cuatro vientos","ediciones":"1","encuadernacion":"R\u00fastica","fecha_de_publicacion":"24\/03\/2023","novedad":"1","paginas":"248","subtitulo":"","orden":"1000","portada":"1","idioma":"spa","editorial":[{"ID":6179,"post_author":"3","post_date":"2022-07-28 17:46:36","post_date_gmt":"2022-07-28 15:46:36","post_content":"","post_title":"DESCLEE DE BROUWER","post_excerpt":"","post_status":"publish","comment_status":"closed","ping_status":"closed","post_password":"","post_name":"desclee-de-brouwer","to_ping":"","pinged":"","post_modified":"2022-07-28 17:46:36","post_modified_gmt":"2022-07-28 15:46:36","post_content_filtered":"","post_parent":0,"guid":"http:\/\/dev.claret.cat\/editorial\/desclee-de-brouwer\/","menu_order":0,"post_type":"editorial","post_mime_type":"","comment_count":"0","filter":"raw"}],"autores-libros":[{"ID":160447,"post_author":"3","post_date":"2022-10-14 15:53:09","post_date_gmt":"2022-10-14 13:53:09","post_content":"","post_title":"JOS\u00c9 MARIA CASTILLO S\u00c1NCHEZ","post_excerpt":"","post_status":"publish","comment_status":"closed","ping_status":"closed","post_password":"","post_name":"jose-maria-castillo-sanchez","to_ping":"","pinged":"","post_modified":"2022-10-14 15:53:09","post_modified_gmt":"2022-10-14 13:53:09","post_content_filtered":"","post_parent":0,"guid":"http:\/\/dev.claret.cat\/autor\/jose-maria-castillo-sanchez\/","menu_order":0,"post_type":"autor","post_mime_type":"","comment_count":"0","filter":"raw"}],"traductores-libros":"","ilustradores-libros":"","formato":"","linkebook":"","precioebook":"0","ebookportada":false,"ficha":"","muestra":"","presentacion":"","booktrailer":"","resenas":"","recomendamos":"","mas_vendido":""},"aioseo_notices":[],"_links":{"self":[{"href":"https:\/\/www.claret.cat\/es\/wp-json\/wp\/v2\/product\/414224","targetHints":{"allow":["GET"]}}],"collection":[{"href":"https:\/\/www.claret.cat\/es\/wp-json\/wp\/v2\/product"}],"about":[{"href":"https:\/\/www.claret.cat\/es\/wp-json\/wp\/v2\/types\/product"}],"wp:featuredmedia":[{"embeddable":true,"href":"https:\/\/www.claret.cat\/es\/wp-json\/wp\/v2\/media\/414225"}],"wp:attachment":[{"href":"https:\/\/www.claret.cat\/es\/wp-json\/wp\/v2\/media?parent=414224"}],"wp:term":[{"taxonomy":"product_brand","embeddable":true,"href":"https:\/\/www.claret.cat\/es\/wp-json\/wp\/v2\/product_brand?post=414224"},{"taxonomy":"product_cat","embeddable":true,"href":"https:\/\/www.claret.cat\/es\/wp-json\/wp\/v2\/product_cat?post=414224"},{"taxonomy":"product_tag","embeddable":true,"href":"https:\/\/www.claret.cat\/es\/wp-json\/wp\/v2\/product_tag?post=414224"}],"curies":[{"name":"wp","href":"https:\/\/api.w.org\/{rel}","templated":true}]}}