{"id":414297,"date":"2023-03-27T17:20:31","date_gmt":"2023-03-27T15:20:31","guid":{"rendered":"https:\/\/www.claret.cat\/llibre\/breu-historia-del-mandat-9788417796839\/"},"modified":"2025-11-27T10:45:48","modified_gmt":"2025-11-27T09:45:48","slug":"breu-historia-del-mandat-9788417796839","status":"publish","type":"product","link":"https:\/\/www.claret.cat\/es\/libro\/breu-historia-del-mandat-9788417796839\/","title":{"rendered":"BREU HIST\u00d2RIA DEL MANDAT"},"content":{"rendered":"<p><span>En l\u2019episodi del sacrifici d\u2019Isaac (G\u00e8nesi, 22), D\u00e9u simplement diu \u00abAbraham!\u00bb i Abraham contesta \u00abAqu\u00ed em tens\u00bb. No sabem res de la veu de D\u00e9u, ni si \u00e9s una veu interior que el patriarca sent al cervell o si li arriba timbalejant des del cel. Aquesta abstracci\u00f3 del mandat t\u00e9 unes causes i unes conseq\u00fc\u00e8ncies, com totes les formes de donar i rebre ordres que els humans hem concebut al llarg dels segles. A trav\u00e9s de l\u2019an\u00e0lisi de grans obres de la literatura d\u2019occident, i mitjan\u00e7ant les eines de la cr\u00edtica liter\u00e0ria, l\u2019escriptor Borja Baguny\u00e0 analitza els lligams entre la realitat i la consci\u00e8ncia i els mecanismes que l\u2019home ha creat per adre\u00e7ar la seva acci\u00f3. La col\u00b7lecci\u00f3 Assaltar la B\u00edblia ofereix llibres d\u2019assaig sobre temes actuals per mitj\u00e0 de la relectura de passatges b\u00edblics c\u00e8lebres. Amb un estil fresc, amb una visi\u00f3 humanista i transversal, amb el convenciment que els textos cl\u00e0ssics s\u00f3n grans eines per pensar els reptes contemporanis.<\/span><\/p>\n","protected":false},"excerpt":{"rendered":"<p>BAGUNY\u00c0, BORJA<\/p>\n","protected":false},"featured_media":1068624,"template":"","meta":{"_acf_changed":false,"om_disable_all_campaigns":false,"rs_blank_template":"","rs_page_bg_color":"","slide_template_v7":"","inline_featured_image":false,"_monsterinsights_skip_tracking":false,"_monsterinsights_sitenote_active":false,"_monsterinsights_sitenote_note":"","_monsterinsights_sitenote_category":0},"product_brand":[],"product_cat":[271,409,196,459],"product_tag":[],"class_list":{"0":"post-414297","1":"product","2":"type-product","3":"status-publish","4":"has-post-thumbnail","6":"product_cat-en-general","7":"product_cat-en-general-pastoral-1_espiritualidad","8":"product_cat-pentateuc","9":"product_cat-pentateuco","11":"first","12":"instock","13":"taxable","14":"shipping-taxable","15":"purchasable","16":"product-type-simple"},"acf":{"autor":"BAGUNY\u00c0, BORJA","codart":"841779683","libros-coleccion":"Assaig","ediciones":"1","encuadernacion":"R\u00fastica","fecha_de_publicacion":"01\/03\/2023","novedad":"1","paginas":"78","subtitulo":"","orden":"0","portada":"0","idioma":"cat","editorial":[{"ID":6258,"post_author":"3","post_date":"2022-07-28 17:48:20","post_date_gmt":"2022-07-28 15:48:20","post_content":"","post_title":"FRAGMENTA EDITORIAL","post_excerpt":"","post_status":"publish","comment_status":"closed","ping_status":"closed","post_password":"","post_name":"fragmenta-editorial","to_ping":"","pinged":"","post_modified":"2022-07-28 17:48:20","post_modified_gmt":"2022-07-28 15:48:20","post_content_filtered":"","post_parent":0,"guid":"http:\/\/dev.claret.cat\/editorial\/fragmenta-editorial\/","menu_order":0,"post_type":"editorial","post_mime_type":"","comment_count":"0","filter":"raw"}],"autores-libros":[{"ID":151828,"post_author":"3","post_date":"2022-10-14 14:43:57","post_date_gmt":"2022-10-14 12:43:57","post_content":"","post_title":"BORJA BAGUNY\u00c0","post_excerpt":"","post_status":"publish","comment_status":"closed","ping_status":"closed","post_password":"","post_name":"borja-bagunya","to_ping":"","pinged":"","post_modified":"2022-10-14 14:43:57","post_modified_gmt":"2022-10-14 12:43:57","post_content_filtered":"","post_parent":0,"guid":"http:\/\/dev.claret.cat\/autor\/borja-bagunya\/","menu_order":0,"post_type":"autor","post_mime_type":"","comment_count":"0","filter":"raw"}],"booktrailer":"","resenas":""},"aioseo_notices":[],"_links":{"self":[{"href":"https:\/\/www.claret.cat\/es\/wp-json\/wp\/v2\/product\/414297","targetHints":{"allow":["GET"]}}],"collection":[{"href":"https:\/\/www.claret.cat\/es\/wp-json\/wp\/v2\/product"}],"about":[{"href":"https:\/\/www.claret.cat\/es\/wp-json\/wp\/v2\/types\/product"}],"wp:featuredmedia":[{"embeddable":true,"href":"https:\/\/www.claret.cat\/es\/wp-json\/wp\/v2\/media\/1068624"}],"wp:attachment":[{"href":"https:\/\/www.claret.cat\/es\/wp-json\/wp\/v2\/media?parent=414297"}],"wp:term":[{"taxonomy":"product_brand","embeddable":true,"href":"https:\/\/www.claret.cat\/es\/wp-json\/wp\/v2\/product_brand?post=414297"},{"taxonomy":"product_cat","embeddable":true,"href":"https:\/\/www.claret.cat\/es\/wp-json\/wp\/v2\/product_cat?post=414297"},{"taxonomy":"product_tag","embeddable":true,"href":"https:\/\/www.claret.cat\/es\/wp-json\/wp\/v2\/product_tag?post=414297"}],"curies":[{"name":"wp","href":"https:\/\/api.w.org\/{rel}","templated":true}]}}