{"id":414311,"date":"2023-03-27T17:41:15","date_gmt":"2023-03-27T15:41:15","guid":{"rendered":"https:\/\/www.claret.cat\/llibre\/fairy-oak-el-destino-de-un-hada-9788419521354\/"},"modified":"2023-10-11T03:26:30","modified_gmt":"2023-10-11T01:26:30","slug":"fairy-oak-el-destino-de-un-hada-9788419521354","status":"publish","type":"product","link":"https:\/\/www.claret.cat\/es\/libro\/fairy-oak-el-destino-de-un-hada-9788419521354\/","title":{"rendered":"FAIRY OAK. EL DESTINO DE UN HADA"},"content":{"rendered":"<p> Secretos, sonidos y verdades inesperadas de un valle y de un pueblo llenos de encanto.<\/p>\n<p>  Una nueva voz, la de la autora, nos cuenta la historia de Fairy Oak. Sabe muchas cosas y revela much\u00edsimas, enriqueciendo el cuadro que retrata a los habitantes del valle de Verdellano y su historia con detalles muy curiosos y nuevos e inesperados matices. La nueva novela de Elisabetta Gnone desvela todos los secretos (o casi) de la comunidad que convive en paz en el pueblo del Roble Encantado. En estos a\u00f1os a la autora le han hecho muchas preguntas y le han mostrado gran curiosidad a prop\u00f3sito de la saga, por lo que ha pensado que un libro podr\u00eda colmar esos vac\u00edos y resolver esas dudas que tantos tienen a\u00fan acerca de sus habitantes. Y puesto que lo sabe todo de esta historia y es una voz en off, puede revelar secretos, entrar en detalles y contar an\u00e9cdotas y situaciones que sus personajes no pueden conocer o referir. Por ejemplo, Elisabetta sabe cu\u00e1ndo se enamor\u00f3 Grisam Burdock de Pervinca Periwinkle, el momento exacto, y cu\u00e1ndo al joven inventor Jim Burium el coraz\u00f3n le dio el primer brinco en el pecho por la hermana de Pervinca, Vainilla. Sabe lo que pens\u00f3 el hada Fel\u00ed la primera vez que vio desde las alturas el peque\u00f1o pueblo asomado al mar, y es sobre todo de ella de quien nos habla, del primer a\u00f1o y del \u00faltimo que Sifelizellaser\u00e1dec\u00edrnosloquerr\u00e1 vivi\u00f3 en Fairy Oak y de aquellos pocos instantes en que se cumple el destino de un hada. Un destino com\u00fan a muchos, como descubrir\u00e9is&#8230; <\/p>\n<p>  En exclusiva en esta primera edici\u00f3n un ejemplar de EL HERBARIO de Fairy Oak, para conocer las plantas y las flores que han dado nombre a los protagonistas de la saga.<\/p>\n","protected":false},"excerpt":{"rendered":"<p>GNONE, ELISABETTA<\/p>\n","protected":false},"featured_media":414312,"template":"","meta":{"_acf_changed":false,"om_disable_all_campaigns":false,"rs_blank_template":"","rs_page_bg_color":"","slide_template_v7":"","inline_featured_image":false,"_monsterinsights_skip_tracking":false,"_monsterinsights_sitenote_active":false,"_monsterinsights_sitenote_note":"","_monsterinsights_sitenote_category":0},"product_brand":[],"product_cat":[133,132,362,363],"product_tag":[],"class_list":{"0":"post-414311","1":"product","2":"type-product","3":"status-publish","4":"has-post-thumbnail","6":"product_cat-lectures-per-adolescents-12-18-anys","7":"product_cat-lectures-per-preadolescents-6-12-anys","8":"product_cat-libros-preadolescentes-6-12-anos","9":"product_cat-lecturas-por-adolescentes-12-18-anos","11":"first","12":"instock","13":"taxable","14":"shipping-taxable","15":"purchasable","16":"product-type-simple"},"acf":{"autor":"GNONE, ELISABETTA","codart":"841952135","libros-coleccion":"FORA DE COL.LECCI\u00d3","ediciones":"1","encuadernacion":"Carton\u00e9","fecha_de_publicacion":"01\/04\/2023","novedad":"1","paginas":"277","subtitulo":"","orden":"0","portada":"0","idioma":"spa","editorial":[{"ID":386718,"post_author":"3","post_date":"2023-02-10 19:28:07","post_date_gmt":"2023-02-10 18:28:07","post_content":"","post_title":"Newton Compton Editores","post_excerpt":"","post_status":"publish","comment_status":"closed","ping_status":"closed","post_password":"","post_name":"newton-compton-editores","to_ping":"","pinged":"","post_modified":"2023-02-10 19:28:07","post_modified_gmt":"2023-02-10 18:28:07","post_content_filtered":"","post_parent":0,"guid":"https:\/\/www.claret.cat\/editorial\/newton-compton-editores\/","menu_order":0,"post_type":"editorial","post_mime_type":"","comment_count":"0","filter":"raw"}],"autores-libros":[{"ID":154833,"post_author":"3","post_date":"2022-10-14 15:08:01","post_date_gmt":"2022-10-14 13:08:01","post_content":"","post_title":"ELISABETTA GNONE","post_excerpt":"","post_status":"publish","comment_status":"closed","ping_status":"closed","post_password":"","post_name":"elisabetta-gnone","to_ping":"","pinged":"","post_modified":"2022-10-14 15:08:01","post_modified_gmt":"2022-10-14 13:08:01","post_content_filtered":"","post_parent":0,"guid":"http:\/\/dev.claret.cat\/autor\/elisabetta-gnone\/","menu_order":0,"post_type":"autor","post_mime_type":"","comment_count":"0","filter":"raw"}]},"aioseo_notices":[],"_links":{"self":[{"href":"https:\/\/www.claret.cat\/es\/wp-json\/wp\/v2\/product\/414311","targetHints":{"allow":["GET"]}}],"collection":[{"href":"https:\/\/www.claret.cat\/es\/wp-json\/wp\/v2\/product"}],"about":[{"href":"https:\/\/www.claret.cat\/es\/wp-json\/wp\/v2\/types\/product"}],"wp:featuredmedia":[{"embeddable":true,"href":"https:\/\/www.claret.cat\/es\/wp-json\/wp\/v2\/media\/414312"}],"wp:attachment":[{"href":"https:\/\/www.claret.cat\/es\/wp-json\/wp\/v2\/media?parent=414311"}],"wp:term":[{"taxonomy":"product_brand","embeddable":true,"href":"https:\/\/www.claret.cat\/es\/wp-json\/wp\/v2\/product_brand?post=414311"},{"taxonomy":"product_cat","embeddable":true,"href":"https:\/\/www.claret.cat\/es\/wp-json\/wp\/v2\/product_cat?post=414311"},{"taxonomy":"product_tag","embeddable":true,"href":"https:\/\/www.claret.cat\/es\/wp-json\/wp\/v2\/product_tag?post=414311"}],"curies":[{"name":"wp","href":"https:\/\/api.w.org\/{rel}","templated":true}]}}