{"id":414329,"date":"2023-03-27T17:47:11","date_gmt":"2023-03-27T15:47:11","guid":{"rendered":"https:\/\/www.claret.cat\/llibre\/los-portavoces-de-dios-9788417796808\/"},"modified":"2025-11-21T19:56:00","modified_gmt":"2025-11-21T18:56:00","slug":"los-portavoces-de-dios-9788417796808","status":"publish","type":"product","link":"https:\/\/www.claret.cat\/es\/libro\/los-portavoces-de-dios-9788417796808\/","title":{"rendered":"LOS PORTAVOCES DE DIOS"},"content":{"rendered":"<p><span>La propagaci\u00f3n del mensaje cristiano es una de las campa\u00f1as de marketing m\u00e1s importantes de la historia del ser humano. Si la voluntad de Cristo era eminentemente comunicativa, y si los ap\u00f3stoles, poniendo por escrito su mensaje, ampl\u00edan su alcance receptivo \u2014el share medi\u00e1tico\u2014, todo apunta que los recursos de la ciencia moderna de la comunicaci\u00f3n nos pueden ayudar a arrojar luz acerca de uno de los acontecimientos inici\u00e1ticos m\u00e1s fascinantes de la cultura occidental. Con las herramientas del an\u00e1lisis del discurso, de la<\/span> semi\u00f3tica y de la teor\u00eda del periodismo, Antoni Batista se aproxima a los textos b\u00edblicos y nos invita a meditar, con dinamismo y osad\u00eda, sobre la relaci\u00f3n entre profetas y evangelistas (el cuerpo redaccional de un gran medio de<\/p>\n<p> comunicaci\u00f3n) y la voz que los gu\u00eda en la transmisi\u00f3n del mensaje (Dios, el Editor).<\/p>\n<p> Mediante el ensayo, la cr\u00f3nica y el \u00abperiodismo de la vivencia\u00bb, el libro se adentra en los evangelios y propone una interpretaci\u00f3n descarada, innovadora y sugerente desde la visi\u00f3n de la teor\u00eda de la comunicaci\u00f3n.<\/p>\n","protected":false},"excerpt":{"rendered":"<p>BATISTA, ANTONI<\/p>\n","protected":false},"featured_media":1067679,"template":"","meta":{"_acf_changed":false,"om_disable_all_campaigns":false,"rs_blank_template":"","rs_page_bg_color":"","slide_template_v7":"","inline_featured_image":false,"_monsterinsights_skip_tracking":false,"_monsterinsights_sitenote_active":false,"_monsterinsights_sitenote_note":"","_monsterinsights_sitenote_category":0},"product_brand":[],"product_cat":[464,203],"product_tag":[],"class_list":{"0":"post-414329","1":"product","2":"type-product","3":"status-publish","4":"has-post-thumbnail","6":"product_cat-sinopticos","7":"product_cat-sinoptics","9":"first","10":"instock","11":"taxable","12":"shipping-taxable","13":"purchasable","14":"product-type-simple"},"acf":{"autor":"BATISTA, ANTONI","codart":"841779680","libros-coleccion":"Fragmentos","ediciones":"1","encuadernacion":"R\u00fastica","fecha_de_publicacion":"01\/03\/2023","novedad":"1","paginas":"190","subtitulo":"","orden":"0","portada":"0","idioma":"spa","editorial":[{"ID":6258,"post_author":"3","post_date":"2022-07-28 17:48:20","post_date_gmt":"2022-07-28 15:48:20","post_content":"","post_title":"FRAGMENTA EDITORIAL","post_excerpt":"","post_status":"publish","comment_status":"closed","ping_status":"closed","post_password":"","post_name":"fragmenta-editorial","to_ping":"","pinged":"","post_modified":"2022-07-28 17:48:20","post_modified_gmt":"2022-07-28 15:48:20","post_content_filtered":"","post_parent":0,"guid":"http:\/\/dev.claret.cat\/editorial\/fragmenta-editorial\/","menu_order":0,"post_type":"editorial","post_mime_type":"","comment_count":"0","filter":"raw"}],"autores-libros":[{"ID":270135,"post_author":"3","post_date":"2022-12-05 13:40:16","post_date_gmt":"2022-12-05 12:40:16","post_content":"","post_title":"ANTONI BATISTA","post_excerpt":"","post_status":"publish","comment_status":"closed","ping_status":"closed","post_password":"","post_name":"antoni-batista","to_ping":"","pinged":"","post_modified":"2022-12-05 13:40:16","post_modified_gmt":"2022-12-05 12:40:16","post_content_filtered":"","post_parent":0,"guid":"http:\/\/dev.claret.cat\/autor\/antoni-batista\/","menu_order":0,"post_type":"autor","post_mime_type":"","comment_count":"0","filter":"raw"}],"booktrailer":"","resenas":""},"aioseo_notices":[],"_links":{"self":[{"href":"https:\/\/www.claret.cat\/es\/wp-json\/wp\/v2\/product\/414329","targetHints":{"allow":["GET"]}}],"collection":[{"href":"https:\/\/www.claret.cat\/es\/wp-json\/wp\/v2\/product"}],"about":[{"href":"https:\/\/www.claret.cat\/es\/wp-json\/wp\/v2\/types\/product"}],"wp:featuredmedia":[{"embeddable":true,"href":"https:\/\/www.claret.cat\/es\/wp-json\/wp\/v2\/media\/1067679"}],"wp:attachment":[{"href":"https:\/\/www.claret.cat\/es\/wp-json\/wp\/v2\/media?parent=414329"}],"wp:term":[{"taxonomy":"product_brand","embeddable":true,"href":"https:\/\/www.claret.cat\/es\/wp-json\/wp\/v2\/product_brand?post=414329"},{"taxonomy":"product_cat","embeddable":true,"href":"https:\/\/www.claret.cat\/es\/wp-json\/wp\/v2\/product_cat?post=414329"},{"taxonomy":"product_tag","embeddable":true,"href":"https:\/\/www.claret.cat\/es\/wp-json\/wp\/v2\/product_tag?post=414329"}],"curies":[{"name":"wp","href":"https:\/\/api.w.org\/{rel}","templated":true}]}}