{"id":414343,"date":"2023-03-27T18:00:03","date_gmt":"2023-03-27T16:00:03","guid":{"rendered":"https:\/\/www.claret.cat\/llibre\/nadius-americans-9788419095312\/"},"modified":"2023-10-11T03:26:11","modified_gmt":"2023-10-11T01:26:11","slug":"nadius-americans-9788419095312","status":"publish","type":"product","link":"https:\/\/www.claret.cat\/es\/libro\/nadius-americans-9788419095312\/","title":{"rendered":"NADIUS AMERICANS"},"content":{"rendered":"<p>Aquest llibre, que deixar\u00e0 bocabadat al lector pel seu color, la for\u00e7a i la composici\u00f3 dels elements de cada doble p\u00e0gina, t\u00e9 un objectiu b\u00e0sic i primordial: col\u00b7laborar que les generacions de joves i de nens no oblidin els centenars de nacions que van viure a Am\u00e8rica, des d&#8217;Alaska i gaireb\u00e9 la l\u00ednia del cercle \u00c0rtic fins a les planes assolellades de M\u00e8xic.<\/p>\n<p> La generaci\u00f3 dels nens i joves lectors amb prou feines coneix la riquesa de la vida i costums de pobles com ara els sioux, els apatxes, els arapahoes, etc., i la generaci\u00f3 dels pares d&#8217;aquests nens va cr\u00e9ixer manipulada per una hist\u00f2ria plena de mentides i t\u00f2pics.<\/p>\n<p> Aquest \u00e9s un llibre que pren partit per la llibertat i la den\u00fancia de la incre\u00efble massacre de l&#8217;home blanc, emp\u00e8s per la febre de l&#8217;or i la cobd\u00edcia.<\/p>\n","protected":false},"excerpt":{"rendered":"<p>RIVERA, F\u00c1TIMA<\/p>\n","protected":false},"featured_media":414344,"template":"","meta":{"_acf_changed":false,"om_disable_all_campaigns":false,"rs_blank_template":"","rs_page_bg_color":"","slide_template_v7":"","inline_featured_image":false,"_monsterinsights_skip_tracking":false,"_monsterinsights_sitenote_active":false,"_monsterinsights_sitenote_note":"","_monsterinsights_sitenote_category":0},"product_brand":[],"product_cat":[132,362],"product_tag":[],"class_list":{"0":"post-414343","1":"product","2":"type-product","3":"status-publish","4":"has-post-thumbnail","6":"product_cat-lectures-per-preadolescents-6-12-anys","7":"product_cat-libros-preadolescentes-6-12-anos","9":"first","10":"instock","11":"taxable","12":"shipping-taxable","13":"purchasable","14":"product-type-simple"},"acf":{"autor":"RIVERA, F\u00c1TIMA","codart":"841909531","libros-coleccion":"FORA DE COL.LECCI\u00d3","ediciones":"1","encuadernacion":"Carton\u00e9","fecha_de_publicacion":"01\/03\/2023","novedad":"1","paginas":"48","subtitulo":"HOMENATGE A LES NACIONS ORIGIN\u00c0RIES D''AM\u00c8RICA","orden":"0","portada":"0","idioma":"cat","editorial":[{"ID":148549,"post_author":"3","post_date":"2022-10-14 11:59:07","post_date_gmt":"2022-10-14 09:59:07","post_content":"","post_title":"MOSQUITO BOOKS","post_excerpt":"","post_status":"publish","comment_status":"closed","ping_status":"closed","post_password":"","post_name":"mosquito-books","to_ping":"","pinged":"","post_modified":"2022-10-14 11:59:07","post_modified_gmt":"2022-10-14 09:59:07","post_content_filtered":"","post_parent":0,"guid":"http:\/\/dev.claret.cat\/editorial\/mosquito-books\/","menu_order":0,"post_type":"editorial","post_mime_type":"","comment_count":"0","filter":"raw"}],"autores-libros":[{"ID":414342,"post_author":"3","post_date":"2023-03-27 17:55:22","post_date_gmt":"2023-03-27 15:55:22","post_content":"","post_title":"F\u00c1TIMA RIVERA","post_excerpt":"","post_status":"publish","comment_status":"closed","ping_status":"closed","post_password":"","post_name":"fatima-rivera","to_ping":"","pinged":"","post_modified":"2023-03-27 17:55:22","post_modified_gmt":"2023-03-27 15:55:22","post_content_filtered":"","post_parent":0,"guid":"https:\/\/www.claret.cat\/autor\/fatima-rivera\/","menu_order":0,"post_type":"autor","post_mime_type":"","comment_count":"0","filter":"raw"}]},"aioseo_notices":[],"_links":{"self":[{"href":"https:\/\/www.claret.cat\/es\/wp-json\/wp\/v2\/product\/414343","targetHints":{"allow":["GET"]}}],"collection":[{"href":"https:\/\/www.claret.cat\/es\/wp-json\/wp\/v2\/product"}],"about":[{"href":"https:\/\/www.claret.cat\/es\/wp-json\/wp\/v2\/types\/product"}],"wp:featuredmedia":[{"embeddable":true,"href":"https:\/\/www.claret.cat\/es\/wp-json\/wp\/v2\/media\/414344"}],"wp:attachment":[{"href":"https:\/\/www.claret.cat\/es\/wp-json\/wp\/v2\/media?parent=414343"}],"wp:term":[{"taxonomy":"product_brand","embeddable":true,"href":"https:\/\/www.claret.cat\/es\/wp-json\/wp\/v2\/product_brand?post=414343"},{"taxonomy":"product_cat","embeddable":true,"href":"https:\/\/www.claret.cat\/es\/wp-json\/wp\/v2\/product_cat?post=414343"},{"taxonomy":"product_tag","embeddable":true,"href":"https:\/\/www.claret.cat\/es\/wp-json\/wp\/v2\/product_tag?post=414343"}],"curies":[{"name":"wp","href":"https:\/\/api.w.org\/{rel}","templated":true}]}}