{"id":414355,"date":"2023-03-28T12:35:11","date_gmt":"2023-03-28T10:35:11","guid":{"rendered":"https:\/\/www.claret.cat\/llibre\/estoig-la-porta-dels-tres-panys-9788413895048\/"},"modified":"2025-10-20T19:51:12","modified_gmt":"2025-10-20T17:51:12","slug":"estoig-la-porta-dels-tres-panys-9788413895048","status":"publish","type":"product","link":"https:\/\/www.claret.cat\/es\/libro\/estoig-la-porta-dels-tres-panys-9788413895048\/","title":{"rendered":"ESTOIG LA PORTA DELS TRES PANYS"},"content":{"rendered":"<p>La trilogia de La Porta dels tres panys est\u00e0 cridada a ser un cl\u00e0ssic de ficci\u00f3 per les ments m\u00e9s curioses.<\/p>\n<p>Aquestes tres novel\u00b7les expliquen la f\u00edsica qu\u00e0ntica de manera divertida i comprensible, una aventura qu\u00e0ntica de la qual ja han gaudit m\u00e9s de 250.000 lectors de totes las edats. Despr\u00e9s de rebre un misteri\u00f3s missatge, en Niko recorre un nou cam\u00ed per anar a l&#8217;institut i descobreix una casa que no havia vist mai abans. La resoluci\u00f3 d&#8217;un enigma li permet entrar en el que resultar\u00e0 ser un estrany lloc on neixen universos,\u00a0hi ha un gat que apareix i desapareix, i \u00e9s possible teletransportar-se.<\/p>\n","protected":false},"excerpt":{"rendered":"<p>FERN\u00c1NDEZ-VIDAL, S\u00d3NIA<\/p>\n","protected":false},"featured_media":414356,"template":"","meta":{"_acf_changed":false,"om_disable_all_campaigns":false,"rs_blank_template":"","rs_page_bg_color":"","slide_template_v7":"","inline_featured_image":false,"_monsterinsights_skip_tracking":false,"_monsterinsights_sitenote_active":false,"_monsterinsights_sitenote_note":"","_monsterinsights_sitenote_category":0},"product_brand":[],"product_cat":[132,362],"product_tag":[],"class_list":{"0":"post-414355","1":"product","2":"type-product","3":"status-publish","4":"has-post-thumbnail","6":"product_cat-lectures-per-preadolescents-6-12-anys","7":"product_cat-libros-preadolescentes-6-12-anos","9":"first","10":"instock","11":"taxable","12":"shipping-taxable","13":"purchasable","14":"product-type-simple"},"acf":{"autor":"FERN\u00c1NDEZ-VIDAL, S\u00d3NIA","codart":"841389504","libros-coleccion":"FORA DE COL.LECCI\u00d3","ediciones":"1","encuadernacion":"Carton\u00e9","fecha_de_publicacion":"01\/03\/2023","novedad":"1","paginas":"816","subtitulo":"","orden":"0","portada":"0","idioma":"cat","editorial":[{"ID":6249,"post_author":"3","post_date":"2022-07-28 17:48:09","post_date_gmt":"2022-07-28 15:48:09","post_content":"","post_title":"Estrella Polar","post_excerpt":"","post_status":"publish","comment_status":"closed","ping_status":"closed","post_password":"","post_name":"estrella-polar","to_ping":"","pinged":"","post_modified":"2022-07-28 17:48:09","post_modified_gmt":"2022-07-28 15:48:09","post_content_filtered":"","post_parent":0,"guid":"http:\/\/dev.claret.cat\/editorial\/estrella-polar\/","menu_order":0,"post_type":"editorial","post_mime_type":"","comment_count":"0","filter":"raw"}],"autores-libros":[{"ID":169664,"post_author":"3","post_date":"2022-10-14 22:29:02","post_date_gmt":"2022-10-14 20:29:02","post_content":"","post_title":"SONIA FERN\u00c1NDEZ-VIDAL","post_excerpt":"","post_status":"publish","comment_status":"closed","ping_status":"closed","post_password":"","post_name":"sonia-fernandez-vidal","to_ping":"","pinged":"","post_modified":"2022-10-14 22:29:02","post_modified_gmt":"2022-10-14 20:29:02","post_content_filtered":"","post_parent":0,"guid":"http:\/\/dev.claret.cat\/autor\/sonia-fernandez-vidal\/","menu_order":0,"post_type":"autor","post_mime_type":"","comment_count":"0","filter":"raw"}],"booktrailer":"","resenas":""},"aioseo_notices":[],"_links":{"self":[{"href":"https:\/\/www.claret.cat\/es\/wp-json\/wp\/v2\/product\/414355","targetHints":{"allow":["GET"]}}],"collection":[{"href":"https:\/\/www.claret.cat\/es\/wp-json\/wp\/v2\/product"}],"about":[{"href":"https:\/\/www.claret.cat\/es\/wp-json\/wp\/v2\/types\/product"}],"wp:featuredmedia":[{"embeddable":true,"href":"https:\/\/www.claret.cat\/es\/wp-json\/wp\/v2\/media\/414356"}],"wp:attachment":[{"href":"https:\/\/www.claret.cat\/es\/wp-json\/wp\/v2\/media?parent=414355"}],"wp:term":[{"taxonomy":"product_brand","embeddable":true,"href":"https:\/\/www.claret.cat\/es\/wp-json\/wp\/v2\/product_brand?post=414355"},{"taxonomy":"product_cat","embeddable":true,"href":"https:\/\/www.claret.cat\/es\/wp-json\/wp\/v2\/product_cat?post=414355"},{"taxonomy":"product_tag","embeddable":true,"href":"https:\/\/www.claret.cat\/es\/wp-json\/wp\/v2\/product_tag?post=414355"}],"curies":[{"name":"wp","href":"https:\/\/api.w.org\/{rel}","templated":true}]}}