{"id":414362,"date":"2023-03-28T13:25:12","date_gmt":"2023-03-28T11:25:12","guid":{"rendered":"https:\/\/www.claret.cat\/llibre\/querido-cerebro-que-cono-quieres-de-mi-9788427050662\/"},"modified":"2026-04-16T19:16:04","modified_gmt":"2026-04-16T17:16:04","slug":"querido-cerebro-que-cono-quieres-de-mi-9788427050662","status":"publish","type":"product","link":"https:\/\/www.claret.cat\/es\/libro\/querido-cerebro-que-cono-quieres-de-mi-9788427050662\/","title":{"rendered":"QUERIDO CEREBRO, \u00bfQU\u00c9 CO\u00d1O QUIERES DE M\u00cd?"},"content":{"rendered":"<p>Querido cerebro, \u00bfqu\u00e9 co\u00f1o quieres de m\u00ed? pretende perforar tus creencias con humor para que te des cuenta de que, aunque en ocasiones te sucedan cosas que no son culpa tuya, en otras puedes ser parte activa de la soluci\u00f3n. A veces la \u00fanica manera de espabilar y cambiar es enfrentarte a lo que menos te gusta de ti mismo.<br \/> Con este libro, Lorena Gasc\u00f3n, m\u00e1s conocida como @lapsicologajaputa, te ayuda a comprender el porqu\u00e9 de lo que te pasa y a llevarte mejor\u00a0con lo que sientes.<\/p>\n<p> \u00abDeja de culpar a los dem\u00e1s, cari\u00f1o.<br \/> Si quieres dejar de ver mierda, saca la cabeza de tu culo\u00bb.<\/p>\n","protected":false},"excerpt":{"rendered":"<p>LORENA GASC\u00d3N @LAPSICOLOGAJAPUTA<\/p>\n","protected":false},"featured_media":414363,"template":"","meta":{"_acf_changed":false,"om_disable_all_campaigns":false,"rs_blank_template":"","rs_page_bg_color":"","slide_template_v7":"","inline_featured_image":false,"_monsterinsights_skip_tracking":false,"_monsterinsights_sitenote_active":false,"_monsterinsights_sitenote_note":"","_monsterinsights_sitenote_category":0},"product_brand":[],"product_cat":[90,179,377,540],"product_tag":[],"class_list":{"0":"post-414362","1":"product","2":"type-product","3":"status-publish","4":"has-post-thumbnail","6":"product_cat-altres","7":"product_cat-autoajuda-i-salut-mental","8":"product_cat-autoayuda-y-salud-mental","9":"product_cat-otros","11":"first","12":"instock","13":"taxable","14":"shipping-taxable","15":"purchasable","16":"product-type-simple"},"acf":{"autor":"LORENA GASC\u00d3N @LAPSICOLOGAJAPUTA","codart":"842705066","libros-coleccion":"FUERA DE COLECCI\u00d3N","ediciones":"1","encuadernacion":"R\u00fastica","fecha_de_publicacion":"01\/02\/2023","novedad":"1","paginas":"207","subtitulo":"","orden":"0","portada":"0","idioma":"spa","editorial":[{"ID":6303,"post_author":"3","post_date":"2022-07-28 17:49:17","post_date_gmt":"2022-07-28 15:49:17","post_content":"","post_title":"MARTINEZ ROCA","post_excerpt":"","post_status":"publish","comment_status":"closed","ping_status":"closed","post_password":"","post_name":"martinez-roca","to_ping":"","pinged":"","post_modified":"2022-07-28 17:49:17","post_modified_gmt":"2022-07-28 15:49:17","post_content_filtered":"","post_parent":0,"guid":"http:\/\/dev.claret.cat\/editorial\/martinez-roca\/","menu_order":0,"post_type":"editorial","post_mime_type":"","comment_count":"0","filter":"raw"}],"autores-libros":[{"ID":414366,"post_author":"3","post_date":"2023-03-28 13:35:07","post_date_gmt":"2023-03-28 11:35:07","post_content":"","post_title":"LORENA GASC\u00d3N @LAPSICOLOGAJAPUTA","post_excerpt":"","post_status":"publish","comment_status":"closed","ping_status":"closed","post_password":"","post_name":"lorena-gascon-lapsicologajaputa","to_ping":"","pinged":"","post_modified":"2023-03-28 13:35:07","post_modified_gmt":"2023-03-28 11:35:07","post_content_filtered":"","post_parent":0,"guid":"https:\/\/www.claret.cat\/autor\/lorena-gascon-lapsicologajaputa\/","menu_order":0,"post_type":"autor","post_mime_type":"","comment_count":"0","filter":"raw"}],"booktrailer":"","resenas":""},"aioseo_notices":[],"_links":{"self":[{"href":"https:\/\/www.claret.cat\/es\/wp-json\/wp\/v2\/product\/414362","targetHints":{"allow":["GET"]}}],"collection":[{"href":"https:\/\/www.claret.cat\/es\/wp-json\/wp\/v2\/product"}],"about":[{"href":"https:\/\/www.claret.cat\/es\/wp-json\/wp\/v2\/types\/product"}],"wp:featuredmedia":[{"embeddable":true,"href":"https:\/\/www.claret.cat\/es\/wp-json\/wp\/v2\/media\/414363"}],"wp:attachment":[{"href":"https:\/\/www.claret.cat\/es\/wp-json\/wp\/v2\/media?parent=414362"}],"wp:term":[{"taxonomy":"product_brand","embeddable":true,"href":"https:\/\/www.claret.cat\/es\/wp-json\/wp\/v2\/product_brand?post=414362"},{"taxonomy":"product_cat","embeddable":true,"href":"https:\/\/www.claret.cat\/es\/wp-json\/wp\/v2\/product_cat?post=414362"},{"taxonomy":"product_tag","embeddable":true,"href":"https:\/\/www.claret.cat\/es\/wp-json\/wp\/v2\/product_tag?post=414362"}],"curies":[{"name":"wp","href":"https:\/\/api.w.org\/{rel}","templated":true}]}}