{"id":414432,"date":"2023-03-28T17:30:46","date_gmt":"2023-03-28T15:30:46","guid":{"rendered":"https:\/\/www.claret.cat\/llibre\/estocolmo-de-cerca-3-9788408264224\/"},"modified":"2025-03-07T18:21:20","modified_gmt":"2025-03-07T17:21:20","slug":"estocolmo-de-cerca-3-9788408264224","status":"publish","type":"product","link":"https:\/\/www.claret.cat\/es\/libro\/estocolmo-de-cerca-3-9788408264224\/","title":{"rendered":"ESTOCOLMO DE CERCA 3"},"content":{"rendered":"<p>En la capital de Suecia, Estocolmo, el viajero podr\u00e1 descubrir un espectacular casco antiguo\u00a0repleto de callejones con joyas hist\u00f3ricas como el Kungliga Slottet y plazas que parecen no haber cambiado desde la \u00e9poca medieval, o pasear por las calles m\u00e1s modernas, llenas de dinamismo y una activa vida cultural y art\u00edstica. Es una ciudad obsesionada con el dise\u00f1o, y lo demuestra en la arquitectura de sus edificios, en sus museos y galer\u00edas de arte, y en sus tiendas de moda, con dise\u00f1adores emergentes con mucho talento y creatividad. Esta gu\u00eda es el complemento ideal para disfrutar al m\u00e1ximo de todas las experiencias que Estocolmo puede ofrecer.<\/p>\n","protected":false},"excerpt":{"rendered":"<p>RAWLINGS-WAY, CHARLES \/ OHLSEN, BECKY<\/p>\n","protected":false},"featured_media":414433,"template":"","meta":{"_acf_changed":false,"om_disable_all_campaigns":false,"rs_blank_template":"","rs_page_bg_color":"","slide_template_v7":"","inline_featured_image":false,"_monsterinsights_skip_tracking":false,"_monsterinsights_sitenote_active":false,"_monsterinsights_sitenote_note":"","_monsterinsights_sitenote_category":0},"product_brand":[],"product_cat":[557,107],"product_tag":[],"class_list":{"0":"post-414432","1":"product","2":"type-product","3":"status-publish","4":"has-post-thumbnail","6":"product_cat-guias-de-viaje","7":"product_cat-guies-de-viatge","9":"first","10":"instock","11":"taxable","12":"shipping-taxable","13":"purchasable","14":"product-type-simple"},"acf":{"autor":"RAWLINGS-WAY, CHARLES \/ OHLSEN, BECKY","codart":"840826422","libros-coleccion":"GU\u00cdAS DE CERCA LONELY PLANET","ediciones":"1","encuadernacion":"R\u00fastica","fecha_de_publicacion":"01\/03\/2023","novedad":"1","paginas":"160","subtitulo":"","orden":"0","portada":"0","idioma":"spa","editorial":[{"ID":6233,"post_author":"3","post_date":"2022-07-28 17:47:48","post_date_gmt":"2022-07-28 15:47:48","post_content":"","post_title":"EDITORIAL PLANETA","post_excerpt":"","post_status":"publish","comment_status":"closed","ping_status":"closed","post_password":"","post_name":"editorial-planeta","to_ping":"","pinged":"","post_modified":"2022-07-28 17:47:48","post_modified_gmt":"2022-07-28 15:47:48","post_content_filtered":"","post_parent":0,"guid":"http:\/\/dev.claret.cat\/editorial\/editorial-planeta\/","menu_order":0,"post_type":"editorial","post_mime_type":"","comment_count":"0","filter":"raw"}],"autores-libros":[{"ID":152774,"post_author":"3","post_date":"2022-10-14 14:51:28","post_date_gmt":"2022-10-14 12:51:28","post_content":"","post_title":"CHARLES RAWLINGS-WAY","post_excerpt":"","post_status":"publish","comment_status":"closed","ping_status":"closed","post_password":"","post_name":"charles-rawlings-way","to_ping":"","pinged":"","post_modified":"2022-10-14 14:51:28","post_modified_gmt":"2022-10-14 12:51:28","post_content_filtered":"","post_parent":0,"guid":"http:\/\/dev.claret.cat\/autor\/charles-rawlings-way\/","menu_order":0,"post_type":"autor","post_mime_type":"","comment_count":"0","filter":"raw"},{"ID":151471,"post_author":"3","post_date":"2022-10-14 14:41:09","post_date_gmt":"2022-10-14 12:41:09","post_content":"","post_title":"BECKY OHLSEN","post_excerpt":"","post_status":"publish","comment_status":"closed","ping_status":"closed","post_password":"","post_name":"becky-ohlsen","to_ping":"","pinged":"","post_modified":"2022-10-14 14:41:09","post_modified_gmt":"2022-10-14 12:41:09","post_content_filtered":"","post_parent":0,"guid":"http:\/\/dev.claret.cat\/autor\/becky-ohlsen\/","menu_order":0,"post_type":"autor","post_mime_type":"","comment_count":"0","filter":"raw"}]},"aioseo_notices":[],"_links":{"self":[{"href":"https:\/\/www.claret.cat\/es\/wp-json\/wp\/v2\/product\/414432","targetHints":{"allow":["GET"]}}],"collection":[{"href":"https:\/\/www.claret.cat\/es\/wp-json\/wp\/v2\/product"}],"about":[{"href":"https:\/\/www.claret.cat\/es\/wp-json\/wp\/v2\/types\/product"}],"wp:featuredmedia":[{"embeddable":true,"href":"https:\/\/www.claret.cat\/es\/wp-json\/wp\/v2\/media\/414433"}],"wp:attachment":[{"href":"https:\/\/www.claret.cat\/es\/wp-json\/wp\/v2\/media?parent=414432"}],"wp:term":[{"taxonomy":"product_brand","embeddable":true,"href":"https:\/\/www.claret.cat\/es\/wp-json\/wp\/v2\/product_brand?post=414432"},{"taxonomy":"product_cat","embeddable":true,"href":"https:\/\/www.claret.cat\/es\/wp-json\/wp\/v2\/product_cat?post=414432"},{"taxonomy":"product_tag","embeddable":true,"href":"https:\/\/www.claret.cat\/es\/wp-json\/wp\/v2\/product_tag?post=414432"}],"curies":[{"name":"wp","href":"https:\/\/api.w.org\/{rel}","templated":true}]}}