{"id":414442,"date":"2023-03-28T17:35:22","date_gmt":"2023-03-28T15:35:22","guid":{"rendered":"https:\/\/www.claret.cat\/llibre\/el-castillo-de-barbazul-9788411072694\/"},"modified":"2023-10-11T03:25:11","modified_gmt":"2023-10-11T01:25:11","slug":"el-castillo-de-barbazul-9788411072694","status":"publish","type":"product","link":"https:\/\/www.claret.cat\/es\/libro\/el-castillo-de-barbazul-9788411072694\/","title":{"rendered":"EL CASTILLO DE BARBAZUL"},"content":{"rendered":"<p>El esperado desenlace de la exitosa trilog\u00eda Terra Alta.<br \/> \u00abCercas cierra la trilog\u00eda con una trepidante brillantez para goce de lectores anteriores y ne\u00f3fitos\u2026 Un\u00a0thriller\u00a0fren\u00e9tico, esmeradamente urdido, que arrastra al lector a trav\u00e9s de sucesivos suspenses\u2026 Gran literatura con los instrumentos de la ficci\u00f3n de aventuras.\u00bb\u00a0Domingo R\u00f3denas de Moya,\u00a0Babelia\u00a0(El Pa\u00eds)<br \/>  \u00abExcelente novela&#8230; Una intriga que nunca se hab\u00eda desarrollado de modo tan trepidante.\u00bb\u00a0Jos\u00e9 Mar\u00eda Pozuelo Yvancos,\u00a0ABC Cultural<br \/>  \u00abNo pod\u00eda soltar la novela.\u00bb\u00a0Lilian Neuman,\u00a0Cultura\/s (La Vanguardia)<br \/> A\u00f1os despu\u00e9s de lo ocurrido en Independencia, Melchor Mar\u00edn ya no es polic\u00eda: trabaja como bibliotecario y vive con su hija Cosette, convertida en una adolescente. Un d\u00eda, Cosette descubre que su padre le ha ocultado c\u00f3mo muri\u00f3 su madre, y este hecho la confunde y la subleva. Poco despu\u00e9s parte de vacaciones a Mallorca, pero no regresa; tampoco contesta los mensajes ni las llamadas de Melchor, quien, convencido de que algo malo ha ocurrido, decide plantarse en la isla en busca de ella. A partir de aqu\u00ed la novela se adentra en un laberinto absorbente, a la vez siniestro y luminoso, donde Melchor descubre que los seres humanos somos capaces de lo peor, pero tambi\u00e9n de lo mejor: que vivimos rodeados de violencia, mentiras, abusos de poder y cobard\u00eda, pero que tambi\u00e9n hay gente capaz de jug\u00e1rselo todo por una causa justa.<br \/> Astuta y felizmente disfrazada de novela de aventuras, El castillo de Barbazul acaba de desenmascarar las novelas de la Terra Alta como lo que son: el proyecto literario m\u00e1s ambicioso de Javier Cercas.<\/p>\n","protected":false},"excerpt":{"rendered":"<p>CERCAS, JAVIER<\/p>\n","protected":false},"featured_media":414443,"template":"","meta":{"_acf_changed":false,"om_disable_all_campaigns":false,"rs_blank_template":"","rs_page_bg_color":"","slide_template_v7":"","inline_featured_image":false,"_monsterinsights_skip_tracking":false,"_monsterinsights_sitenote_active":false,"_monsterinsights_sitenote_note":"","_monsterinsights_sitenote_category":0},"product_brand":[],"product_cat":[127,357],"product_tag":[],"class_list":{"0":"post-414442","1":"product","2":"type-product","3":"status-publish","4":"has-post-thumbnail","6":"product_cat-novella-contemporania","7":"product_cat-novela-contemporanea","9":"first","10":"instock","11":"taxable","12":"shipping-taxable","13":"purchasable","14":"product-type-simple"},"acf":{"autor":"CERCAS, JAVIER","codart":"841107269","libros-coleccion":"MAXI TUSQUETS","ediciones":"1","encuadernacion":"R\u00fastica","fecha_de_publicacion":"01\/03\/2023","novedad":"1","paginas":"397","subtitulo":"TERRA ALTA III","orden":"0","portada":"0","idioma":"spa","editorial":[{"ID":148518,"post_author":"3","post_date":"2022-10-14 11:58:52","post_date_gmt":"2022-10-14 09:58:52","post_content":"","post_title":"Maxi-Tusquets","post_excerpt":"","post_status":"publish","comment_status":"closed","ping_status":"closed","post_password":"","post_name":"maxi-tusquets","to_ping":"","pinged":"","post_modified":"2022-10-14 11:58:52","post_modified_gmt":"2022-10-14 09:58:52","post_content_filtered":"","post_parent":0,"guid":"http:\/\/dev.claret.cat\/editorial\/maxi-tusquets\/","menu_order":0,"post_type":"editorial","post_mime_type":"","comment_count":"0","filter":"raw"}],"autores-libros":[{"ID":158686,"post_author":"3","post_date":"2022-10-14 15:38:49","post_date_gmt":"2022-10-14 13:38:49","post_content":"","post_title":"JAVIER CERCAS","post_excerpt":"","post_status":"publish","comment_status":"closed","ping_status":"closed","post_password":"","post_name":"javier-cercas","to_ping":"","pinged":"","post_modified":"2022-10-14 15:38:49","post_modified_gmt":"2022-10-14 13:38:49","post_content_filtered":"","post_parent":0,"guid":"http:\/\/dev.claret.cat\/autor\/javier-cercas\/","menu_order":0,"post_type":"autor","post_mime_type":"","comment_count":"0","filter":"raw"}]},"aioseo_notices":[],"_links":{"self":[{"href":"https:\/\/www.claret.cat\/es\/wp-json\/wp\/v2\/product\/414442","targetHints":{"allow":["GET"]}}],"collection":[{"href":"https:\/\/www.claret.cat\/es\/wp-json\/wp\/v2\/product"}],"about":[{"href":"https:\/\/www.claret.cat\/es\/wp-json\/wp\/v2\/types\/product"}],"wp:featuredmedia":[{"embeddable":true,"href":"https:\/\/www.claret.cat\/es\/wp-json\/wp\/v2\/media\/414443"}],"wp:attachment":[{"href":"https:\/\/www.claret.cat\/es\/wp-json\/wp\/v2\/media?parent=414442"}],"wp:term":[{"taxonomy":"product_brand","embeddable":true,"href":"https:\/\/www.claret.cat\/es\/wp-json\/wp\/v2\/product_brand?post=414442"},{"taxonomy":"product_cat","embeddable":true,"href":"https:\/\/www.claret.cat\/es\/wp-json\/wp\/v2\/product_cat?post=414442"},{"taxonomy":"product_tag","embeddable":true,"href":"https:\/\/www.claret.cat\/es\/wp-json\/wp\/v2\/product_tag?post=414442"}],"curies":[{"name":"wp","href":"https:\/\/api.w.org\/{rel}","templated":true}]}}