{"id":414454,"date":"2023-03-28T17:36:21","date_gmt":"2023-03-28T15:36:21","guid":{"rendered":"https:\/\/www.claret.cat\/llibre\/terra-alta-9788411072700\/"},"modified":"2023-10-11T03:25:02","modified_gmt":"2023-10-11T01:25:02","slug":"terra-alta-9788411072700","status":"publish","type":"product","link":"https:\/\/www.claret.cat\/es\/libro\/terra-alta-9788411072700\/","title":{"rendered":"TERRA ALTA"},"content":{"rendered":"<p>La primera novela de la trilog\u00eda Terra Alta. Y la presentaci\u00f3n de un personaje inolvidable, Melchor Mar\u00edn, un hombre justo en un mundo que no lo es.<br \/> Novela galardonada con el Premio Planeta.<br \/> \u00abJavier Cercas debuta en la novela policiaca y escribe un cl\u00e1sico.\u00bb\u00a0Antonio Manzini<br \/> \u00abUna novela de una potencia impresionante.\u00bb\u00a0Christian Authier,\u00a0Le Figaro<br \/> \u00abUna novela suntuosa.\u00bb\u00a0Guy Duplat,\u00a0Lire<br \/>  \u00abUn \u00e9xito estrepitoso.\u00bb\u00a0Alexandre Fillon,\u00a0Les Echos<br \/> Un crimen terrible sacude la apacible comarca de la Terra Alta: los propietarios de su mayor empresa, Gr\u00e1ficas Adell, aparecen asesinados tras haber sido sometidos a atroces torturas. Se encarga del caso Melchor Mar\u00edn, un joven mosso d&#8221;esquadra llegado desde Barcelona cuatro a\u00f1os atr\u00e1s, con un oscuro pasado a cuestas que le ha convertido en una leyenda del cuerpo y que cree haber enterrado bajo su vida feliz como marido de la bibliotecaria del pueblo y padre de una ni\u00f1a llamada Cosette, igual que la hija de Jean Valjean, el protagonista de su novela favorita: Los miserables.<br \/> Partiendo de este suceso, y a trav\u00e9s de una narraci\u00f3n trepidante y repleta de personajes memorables, esta novela se convierte en una l\u00facida reflexi\u00f3n sobre el valor de la ley, la posibilidad de la justicia y la legitimidad de la venganza, pero sobre todo en la epopeya de un hombre en busca de su lugar en el mundo.<\/p>\n","protected":false},"excerpt":{"rendered":"<p>CERCAS, JAVIER<\/p>\n","protected":false},"featured_media":414455,"template":"","meta":{"_acf_changed":false,"om_disable_all_campaigns":false,"rs_blank_template":"","rs_page_bg_color":"","slide_template_v7":"","inline_featured_image":false,"_monsterinsights_skip_tracking":false,"_monsterinsights_sitenote_active":false,"_monsterinsights_sitenote_note":"","_monsterinsights_sitenote_category":0},"product_brand":[],"product_cat":[127,357],"product_tag":[],"class_list":{"0":"post-414454","1":"product","2":"type-product","3":"status-publish","4":"has-post-thumbnail","6":"product_cat-novella-contemporania","7":"product_cat-novela-contemporanea","9":"first","10":"instock","11":"taxable","12":"shipping-taxable","13":"purchasable","14":"product-type-simple"},"acf":{"autor":"CERCAS, JAVIER","codart":"841107270","libros-coleccion":"MAXI TUSQUETS","ediciones":"1","encuadernacion":"R\u00fastica","fecha_de_publicacion":"01\/03\/2023","novedad":"1","paginas":"365","subtitulo":"TERRA ALTA I","orden":"0","portada":"0","idioma":"spa","editorial":[{"ID":148518,"post_author":"3","post_date":"2022-10-14 11:58:52","post_date_gmt":"2022-10-14 09:58:52","post_content":"","post_title":"Maxi-Tusquets","post_excerpt":"","post_status":"publish","comment_status":"closed","ping_status":"closed","post_password":"","post_name":"maxi-tusquets","to_ping":"","pinged":"","post_modified":"2022-10-14 11:58:52","post_modified_gmt":"2022-10-14 09:58:52","post_content_filtered":"","post_parent":0,"guid":"http:\/\/dev.claret.cat\/editorial\/maxi-tusquets\/","menu_order":0,"post_type":"editorial","post_mime_type":"","comment_count":"0","filter":"raw"}],"autores-libros":[{"ID":158686,"post_author":"3","post_date":"2022-10-14 15:38:49","post_date_gmt":"2022-10-14 13:38:49","post_content":"","post_title":"JAVIER CERCAS","post_excerpt":"","post_status":"publish","comment_status":"closed","ping_status":"closed","post_password":"","post_name":"javier-cercas","to_ping":"","pinged":"","post_modified":"2022-10-14 15:38:49","post_modified_gmt":"2022-10-14 13:38:49","post_content_filtered":"","post_parent":0,"guid":"http:\/\/dev.claret.cat\/autor\/javier-cercas\/","menu_order":0,"post_type":"autor","post_mime_type":"","comment_count":"0","filter":"raw"}]},"aioseo_notices":[],"_links":{"self":[{"href":"https:\/\/www.claret.cat\/es\/wp-json\/wp\/v2\/product\/414454","targetHints":{"allow":["GET"]}}],"collection":[{"href":"https:\/\/www.claret.cat\/es\/wp-json\/wp\/v2\/product"}],"about":[{"href":"https:\/\/www.claret.cat\/es\/wp-json\/wp\/v2\/types\/product"}],"wp:featuredmedia":[{"embeddable":true,"href":"https:\/\/www.claret.cat\/es\/wp-json\/wp\/v2\/media\/414455"}],"wp:attachment":[{"href":"https:\/\/www.claret.cat\/es\/wp-json\/wp\/v2\/media?parent=414454"}],"wp:term":[{"taxonomy":"product_brand","embeddable":true,"href":"https:\/\/www.claret.cat\/es\/wp-json\/wp\/v2\/product_brand?post=414454"},{"taxonomy":"product_cat","embeddable":true,"href":"https:\/\/www.claret.cat\/es\/wp-json\/wp\/v2\/product_cat?post=414454"},{"taxonomy":"product_tag","embeddable":true,"href":"https:\/\/www.claret.cat\/es\/wp-json\/wp\/v2\/product_tag?post=414454"}],"curies":[{"name":"wp","href":"https:\/\/api.w.org\/{rel}","templated":true}]}}