{"id":414460,"date":"2023-03-28T17:55:02","date_gmt":"2023-03-28T15:55:02","guid":{"rendered":"https:\/\/www.claret.cat\/llibre\/corea-2-9788408264132\/"},"modified":"2025-06-02T17:16:12","modified_gmt":"2025-06-02T15:16:12","slug":"corea-2-9788408264132","status":"publish","type":"product","link":"https:\/\/www.claret.cat\/es\/libro\/corea-2-9788408264132\/","title":{"rendered":"COREA 2"},"content":{"rendered":"<p>Aunque es una pen\u00ednsula modesta y dividida, Corea promete brindar una inmensa variedad de experiencias que el viajero nunca podr\u00e1 olvidar. La cocina coreana y las costumbres y honradez de su gente van a desempe\u00f1ar un papel fundamental para completar un incre\u00edble viaje por los 5000 a\u00f1os de cultura e historia que cuentan sus modernas ciudades y aldeas m\u00e1s tradicionales. La excelente red de transporte permite observar la contemporaneidad arquitect\u00f3nica y el frenes\u00ed de los barrios de Se\u00fal, retirarse a la tranquilidad de los templos y palacios que forman su patrimonio, hasta descubrir pueblos perdidos y dormir en pensiones instaladas en hanoks (casas tradicionales de madera). Siempre cerca de la naturaleza, ya sea mar o monta\u00f1a, Corea no va a decepcionar al viajero.<\/p>\n","protected":false},"excerpt":{"rendered":"<p>HARPER, DAMIAN \/ MORGAN, MASOVAIDA \/ O&#8221;MALLEY, THOMAS \/ TANG, PHILLIP \/ WHYTE,<\/p>\n","protected":false},"featured_media":414461,"template":"","meta":{"_acf_changed":false,"om_disable_all_campaigns":false,"rs_blank_template":"","rs_page_bg_color":"","slide_template_v7":"","inline_featured_image":false,"_monsterinsights_skip_tracking":false,"_monsterinsights_sitenote_active":false,"_monsterinsights_sitenote_note":"","_monsterinsights_sitenote_category":0},"product_brand":[],"product_cat":[557,107],"product_tag":[],"class_list":{"0":"post-414460","1":"product","2":"type-product","3":"status-publish","4":"has-post-thumbnail","6":"product_cat-guias-de-viaje","7":"product_cat-guies-de-viatge","9":"first","10":"instock","11":"taxable","12":"shipping-taxable","13":"purchasable","14":"product-type-simple"},"acf":{"autor":"HARPER, DAMIAN \/ MORGAN, MASOVAIDA \/ O''MALLEY, THOMAS \/ TANG, PHILLIP \/ WHYTE,","codart":"840826413","libros-coleccion":"Gu\u00edas de Pa\u00eds Lonely Planet","ediciones":"1","encuadernacion":"R\u00fastica","fecha_de_publicacion":"01\/03\/2023","novedad":"1","paginas":"430","subtitulo":"","orden":"0","portada":"0","idioma":"spa","editorial":[{"ID":6233,"post_author":"3","post_date":"2022-07-28 17:47:48","post_date_gmt":"2022-07-28 15:47:48","post_content":"","post_title":"EDITORIAL PLANETA","post_excerpt":"","post_status":"publish","comment_status":"closed","ping_status":"closed","post_password":"","post_name":"editorial-planeta","to_ping":"","pinged":"","post_modified":"2022-07-28 17:47:48","post_modified_gmt":"2022-07-28 15:47:48","post_content_filtered":"","post_parent":0,"guid":"http:\/\/dev.claret.cat\/editorial\/editorial-planeta\/","menu_order":0,"post_type":"editorial","post_mime_type":"","comment_count":"0","filter":"raw"}],"autores-libros":[{"ID":167214,"post_author":"3","post_date":"2022-10-14 18:09:26","post_date_gmt":"2022-10-14 16:09:26","post_content":"","post_title":"PHILLIP TANG","post_excerpt":"","post_status":"publish","comment_status":"closed","ping_status":"closed","post_password":"","post_name":"phillip-tang","to_ping":"","pinged":"","post_modified":"2022-10-14 18:09:26","post_modified_gmt":"2022-10-14 16:09:26","post_content_filtered":"","post_parent":0,"guid":"http:\/\/dev.claret.cat\/autor\/phillip-tang\/","menu_order":0,"post_type":"autor","post_mime_type":"","comment_count":"0","filter":"raw"},{"ID":153497,"post_author":"3","post_date":"2022-10-14 14:57:14","post_date_gmt":"2022-10-14 12:57:14","post_content":"","post_title":"DAMIAN HARPER","post_excerpt":"","post_status":"publish","comment_status":"closed","ping_status":"closed","post_password":"","post_name":"damian-harper","to_ping":"","pinged":"","post_modified":"2022-10-14 14:57:14","post_modified_gmt":"2022-10-14 12:57:14","post_content_filtered":"","post_parent":0,"guid":"http:\/\/dev.claret.cat\/autor\/damian-harper\/","menu_order":0,"post_type":"autor","post_mime_type":"","comment_count":"0","filter":"raw"},{"ID":414457,"post_author":"3","post_date":"2023-03-28 17:40:02","post_date_gmt":"2023-03-28 15:40:02","post_content":"","post_title":"MASOVAIDA MORGAN","post_excerpt":"","post_status":"publish","comment_status":"closed","ping_status":"closed","post_password":"","post_name":"masovaida-morgan","to_ping":"","pinged":"","post_modified":"2023-03-28 17:40:02","post_modified_gmt":"2023-03-28 15:40:02","post_content_filtered":"","post_parent":0,"guid":"https:\/\/www.claret.cat\/autor\/masovaida-morgan\/","menu_order":0,"post_type":"autor","post_mime_type":"","comment_count":"0","filter":"raw"},{"ID":414458,"post_author":"3","post_date":"2023-03-28 17:45:02","post_date_gmt":"2023-03-28 15:45:02","post_content":"","post_title":"THOMAS O\u00b4\u00b4MALLEY","post_excerpt":"","post_status":"publish","comment_status":"closed","ping_status":"closed","post_password":"","post_name":"thomas-omalley-2","to_ping":"","pinged":"","post_modified":"2023-03-28 17:45:02","post_modified_gmt":"2023-03-28 15:45:02","post_content_filtered":"","post_parent":0,"guid":"https:\/\/www.claret.cat\/autor\/thomas-omalley-2\/","menu_order":0,"post_type":"autor","post_mime_type":"","comment_count":"0","filter":"raw"},{"ID":414459,"post_author":"3","post_date":"2023-03-28 17:50:01","post_date_gmt":"2023-03-28 15:50:01","post_content":"","post_title":"WHYTE","post_excerpt":"","post_status":"publish","comment_status":"closed","ping_status":"closed","post_password":"","post_name":"whyte","to_ping":"","pinged":"","post_modified":"2023-03-28 17:50:01","post_modified_gmt":"2023-03-28 15:50:01","post_content_filtered":"","post_parent":0,"guid":"https:\/\/www.claret.cat\/autor\/whyte\/","menu_order":0,"post_type":"autor","post_mime_type":"","comment_count":"0","filter":"raw"}],"booktrailer":"","resenas":""},"aioseo_notices":[],"_links":{"self":[{"href":"https:\/\/www.claret.cat\/es\/wp-json\/wp\/v2\/product\/414460","targetHints":{"allow":["GET"]}}],"collection":[{"href":"https:\/\/www.claret.cat\/es\/wp-json\/wp\/v2\/product"}],"about":[{"href":"https:\/\/www.claret.cat\/es\/wp-json\/wp\/v2\/types\/product"}],"wp:featuredmedia":[{"embeddable":true,"href":"https:\/\/www.claret.cat\/es\/wp-json\/wp\/v2\/media\/414461"}],"wp:attachment":[{"href":"https:\/\/www.claret.cat\/es\/wp-json\/wp\/v2\/media?parent=414460"}],"wp:term":[{"taxonomy":"product_brand","embeddable":true,"href":"https:\/\/www.claret.cat\/es\/wp-json\/wp\/v2\/product_brand?post=414460"},{"taxonomy":"product_cat","embeddable":true,"href":"https:\/\/www.claret.cat\/es\/wp-json\/wp\/v2\/product_cat?post=414460"},{"taxonomy":"product_tag","embeddable":true,"href":"https:\/\/www.claret.cat\/es\/wp-json\/wp\/v2\/product_tag?post=414460"}],"curies":[{"name":"wp","href":"https:\/\/api.w.org\/{rel}","templated":true}]}}