{"id":414472,"date":"2023-03-28T17:55:56","date_gmt":"2023-03-28T15:55:56","guid":{"rendered":"https:\/\/www.claret.cat\/llibre\/estuche-george-orwell-1984-rebelion-en-la-granja-9788423361250\/"},"modified":"2023-10-11T03:24:51","modified_gmt":"2023-10-11T01:24:51","slug":"estuche-george-orwell-1984-rebelion-en-la-granja-9788423361250","status":"publish","type":"product","link":"https:\/\/www.claret.cat\/es\/libro\/estuche-george-orwell-1984-rebelion-en-la-granja-9788423361250\/","title":{"rendered":"ESTUCHE GEORGE ORWELL (1984 + REBELI\u00d3N EN LA GRANJA)"},"content":{"rendered":"<p>Dos de las novelas m\u00e1s atractivas e inquietantes del siglo XX reunidas en un exclusivo estuche.<\/p>\n<p> 1984:<br \/> Londres, 1984: el Gran Hermano controla hasta el \u00faltimo detalle de la vida privada de los ciudadanos. Winston Smith trabaja en el Ministerio de la Verdad reescribiendo y retocando la historia para un estado totalitario que somete de forma despiadada a la poblaci\u00f3n, hasta que siente que no quiere contribuir m\u00e1s a este sistema perverso y decide rebelarse.<br \/> Escrita en 1948, esta novela es una de las cr\u00edticas m\u00e1s feroces que jam\u00e1s haya recibido cualquier forma de totalitarismo. Los mecanismos de control de la sociedad orwelliana recuerdan a los del nazismo y el estalinismo, y su magn\u00edfico an\u00e1lisis del poder y de la manipulaci\u00f3n de la informaci\u00f3n la convierten en una novela de una vigencia estremecedora.<\/p>\n<p> Rebeli\u00f3n en la granja:<br \/> Cansados de sufrir abusos, los animales de la granja de los Jones deciden rebelarse contra sus amos. Tras echar al propietario, establecen un nuevo orden basado en la igualdad. Sin embargo, pronto surge entre ellos una nueva clase de bur\u00f3cratas, los cerdos, que, con astucia, codicia y prepotencia se imponen sobre el resto de animales.<br \/> Concebida como una s\u00e1tira mordaz del estalinismo, el car\u00e1cter universal de su mensaje convierte esta novela en un extraordinario an\u00e1lisis de la corrupci\u00f3n que engendra el poder, una furibunda diatriba contra los totalitarismos y un l\u00facido examen de las manipulaciones que sufre la verdad hist\u00f3rica en los momentos de transformaci\u00f3n pol\u00edtica.<\/p>\n","protected":false},"excerpt":{"rendered":"<p>ORWELL, GEORGE<\/p>\n","protected":false},"featured_media":414473,"template":"","meta":{"_acf_changed":false,"om_disable_all_campaigns":false,"rs_blank_template":"","rs_page_bg_color":"","slide_template_v7":"","inline_featured_image":false,"_monsterinsights_skip_tracking":false,"_monsterinsights_sitenote_active":false,"_monsterinsights_sitenote_note":"","_monsterinsights_sitenote_category":0},"product_brand":[],"product_cat":[127,357],"product_tag":[],"class_list":{"0":"post-414472","1":"product","2":"type-product","3":"status-publish","4":"has-post-thumbnail","6":"product_cat-novella-contemporania","7":"product_cat-novela-contemporanea","9":"first","10":"instock","11":"taxable","12":"shipping-taxable","13":"purchasable","14":"product-type-simple"},"acf":{"autor":"ORWELL, GEORGE","codart":"842336125","libros-coleccion":"Novela","ediciones":"1","encuadernacion":"R\u00fastica","fecha_de_publicacion":"01\/03\/2023","novedad":"1","paginas":"0","subtitulo":"","orden":"0","portada":"0","idioma":"spa","editorial":[{"ID":6182,"post_author":"3","post_date":"2022-07-28 17:46:40","post_date_gmt":"2022-07-28 15:46:40","post_content":"","post_title":"DESTINO, S.L.","post_excerpt":"","post_status":"publish","comment_status":"closed","ping_status":"closed","post_password":"","post_name":"destino-s-l","to_ping":"","pinged":"","post_modified":"2022-07-28 17:46:40","post_modified_gmt":"2022-07-28 15:46:40","post_content_filtered":"","post_parent":0,"guid":"http:\/\/dev.claret.cat\/editorial\/destino-s-l\/","menu_order":0,"post_type":"editorial","post_mime_type":"","comment_count":"0","filter":"raw"}],"autores-libros":[{"ID":156738,"post_author":"3","post_date":"2022-10-14 15:23:13","post_date_gmt":"2022-10-14 13:23:13","post_content":"","post_title":"GEORGE ORWELL","post_excerpt":"","post_status":"publish","comment_status":"closed","ping_status":"closed","post_password":"","post_name":"george-orwell","to_ping":"","pinged":"","post_modified":"2022-10-14 15:23:13","post_modified_gmt":"2022-10-14 13:23:13","post_content_filtered":"","post_parent":0,"guid":"http:\/\/dev.claret.cat\/autor\/george-orwell\/","menu_order":0,"post_type":"autor","post_mime_type":"","comment_count":"0","filter":"raw"}]},"aioseo_notices":[],"_links":{"self":[{"href":"https:\/\/www.claret.cat\/es\/wp-json\/wp\/v2\/product\/414472","targetHints":{"allow":["GET"]}}],"collection":[{"href":"https:\/\/www.claret.cat\/es\/wp-json\/wp\/v2\/product"}],"about":[{"href":"https:\/\/www.claret.cat\/es\/wp-json\/wp\/v2\/types\/product"}],"wp:featuredmedia":[{"embeddable":true,"href":"https:\/\/www.claret.cat\/es\/wp-json\/wp\/v2\/media\/414473"}],"wp:attachment":[{"href":"https:\/\/www.claret.cat\/es\/wp-json\/wp\/v2\/media?parent=414472"}],"wp:term":[{"taxonomy":"product_brand","embeddable":true,"href":"https:\/\/www.claret.cat\/es\/wp-json\/wp\/v2\/product_brand?post=414472"},{"taxonomy":"product_cat","embeddable":true,"href":"https:\/\/www.claret.cat\/es\/wp-json\/wp\/v2\/product_cat?post=414472"},{"taxonomy":"product_tag","embeddable":true,"href":"https:\/\/www.claret.cat\/es\/wp-json\/wp\/v2\/product_tag?post=414472"}],"curies":[{"name":"wp","href":"https:\/\/api.w.org\/{rel}","templated":true}]}}