{"id":414512,"date":"2023-03-28T18:55:02","date_gmt":"2023-03-28T16:55:02","guid":{"rendered":"https:\/\/www.claret.cat\/llibre\/pack-twisted-love-llavero-9782715152939\/"},"modified":"2023-10-11T03:24:31","modified_gmt":"2023-10-11T01:24:31","slug":"pack-twisted-love-llavero-9782715152939","status":"publish","type":"product","link":"https:\/\/www.claret.cat\/es\/libro\/pack-twisted-love-llavero-9782715152939\/","title":{"rendered":"PACK TWISTED LOVE LLAVERO"},"content":{"rendered":"<p>Pack exclusivo que contiene el libro Twisted love + llavero de regalo.<\/p>\n<p>D\u00e9jate llevar por la serie m\u00e1s hot de Tiktok<\/p>\n<p>\u00c9l tiene el coraz\u00f3n de hielo. Pero por ella, quemar\u00eda el mundo.<\/p>\n<p>Aunque Ava Chen y Alex Volkov se conocen desde hace a\u00f1os, \u00e9l siempre se ha mostrado distante y fr\u00edo. Pero ahora que el hermano de Ava se ha ido y lo ha dejado encargado de la protecci\u00f3n de ella, Alex parece algo menos indiferente.\u2026Y su relaci\u00f3n, poco a poco, se va haciendo m\u00e1s estrecha, hasta que llegan a confiarse sus secretos y traumas m\u00e1s profundos\u2026A ella, su madre intent\u00f3 ahogarla en un arrebato de locura; mientras que Alex presenci\u00f3 el brutal asesinato de toda su familia.<\/p>\n<p>Tras compartir sus m\u00e1s \u00edntimos pensamientos, su relaci\u00f3n dar\u00e1 un giro. No pueden negar que existe una fuerte atracci\u00f3n entre ellos, pero ninguno de los dos se atreve a dar un paso adelante. Finalmente, Ava admite la pasi\u00f3n que est\u00e1 surgiendo, y, aunque Alex intenta resistirse tanto como puede, las chispas acaban saltando&#8230; y prenden un fuego ardiente. Sin embargo, cuando todo empezaba a funcionar entre ellos, unas sorprendentes revelaciones sobre la verdad de su pasado dinamitar\u00e1n su relaci\u00f3n y pondr\u00e1n en riesgo sus propias vidas.<\/p>\n","protected":false},"excerpt":{"rendered":"<p>HUANG, ANA<\/p>\n","protected":false},"featured_media":414513,"template":"","meta":{"_acf_changed":false,"om_disable_all_campaigns":false,"rs_blank_template":"","rs_page_bg_color":"","slide_template_v7":"","inline_featured_image":false,"_monsterinsights_skip_tracking":false,"_monsterinsights_sitenote_active":false,"_monsterinsights_sitenote_note":"","_monsterinsights_sitenote_category":0},"product_brand":[],"product_cat":[133,566,117,363],"product_tag":[],"class_list":{"0":"post-414512","1":"product","2":"type-product","3":"status-publish","4":"has-post-thumbnail","6":"product_cat-lectures-per-adolescents-12-18-anys","7":"product_cat-juvenil-3_infantil-juvenil-spa-spa","8":"product_cat-juvenil","9":"product_cat-lecturas-por-adolescentes-12-18-anos","11":"first","12":"instock","13":"taxable","14":"shipping-taxable","15":"purchasable","16":"product-type-simple"},"acf":{"autor":"HUANG, ANA","codart":"271515293","libros-coleccion":"","ediciones":"1","encuadernacion":"R\u00fastica","fecha_de_publicacion":"28\/03\/2023","novedad":"1","paginas":"384","subtitulo":"","orden":"0","portada":"0","idioma":"spa","editorial":[{"ID":147678,"post_author":"3","post_date":"2022-10-14 11:52:24","post_date_gmt":"2022-10-14 09:52:24","post_content":"","post_title":"CROSSBOOKS","post_excerpt":"","post_status":"publish","comment_status":"closed","ping_status":"closed","post_password":"","post_name":"crossbooks","to_ping":"","pinged":"","post_modified":"2022-10-14 11:52:24","post_modified_gmt":"2022-10-14 09:52:24","post_content_filtered":"","post_parent":0,"guid":"http:\/\/dev.claret.cat\/editorial\/crossbooks\/","menu_order":0,"post_type":"editorial","post_mime_type":"","comment_count":"0","filter":"raw"}],"autores-libros":[{"ID":150085,"post_author":"3","post_date":"2022-10-14 14:30:06","post_date_gmt":"2022-10-14 12:30:06","post_content":"","post_title":"ANA HUANG","post_excerpt":"","post_status":"publish","comment_status":"closed","ping_status":"closed","post_password":"","post_name":"ana-huang","to_ping":"","pinged":"","post_modified":"2022-10-14 14:30:06","post_modified_gmt":"2022-10-14 12:30:06","post_content_filtered":"","post_parent":0,"guid":"http:\/\/dev.claret.cat\/autor\/ana-huang\/","menu_order":0,"post_type":"autor","post_mime_type":"","comment_count":"0","filter":"raw"}]},"aioseo_notices":[],"_links":{"self":[{"href":"https:\/\/www.claret.cat\/es\/wp-json\/wp\/v2\/product\/414512","targetHints":{"allow":["GET"]}}],"collection":[{"href":"https:\/\/www.claret.cat\/es\/wp-json\/wp\/v2\/product"}],"about":[{"href":"https:\/\/www.claret.cat\/es\/wp-json\/wp\/v2\/types\/product"}],"wp:featuredmedia":[{"embeddable":true,"href":"https:\/\/www.claret.cat\/es\/wp-json\/wp\/v2\/media\/414513"}],"wp:attachment":[{"href":"https:\/\/www.claret.cat\/es\/wp-json\/wp\/v2\/media?parent=414512"}],"wp:term":[{"taxonomy":"product_brand","embeddable":true,"href":"https:\/\/www.claret.cat\/es\/wp-json\/wp\/v2\/product_brand?post=414512"},{"taxonomy":"product_cat","embeddable":true,"href":"https:\/\/www.claret.cat\/es\/wp-json\/wp\/v2\/product_cat?post=414512"},{"taxonomy":"product_tag","embeddable":true,"href":"https:\/\/www.claret.cat\/es\/wp-json\/wp\/v2\/product_tag?post=414512"}],"curies":[{"name":"wp","href":"https:\/\/api.w.org\/{rel}","templated":true}]}}