{"id":414572,"date":"2023-03-29T14:25:21","date_gmt":"2023-03-29T12:25:21","guid":{"rendered":"https:\/\/www.claret.cat\/llibre\/coworking-9788419311481\/"},"modified":"2025-01-31T22:44:55","modified_gmt":"2025-01-31T21:44:55","slug":"coworking-9788419311481","status":"publish","type":"product","link":"https:\/\/www.claret.cat\/es\/libro\/coworking-9788419311481\/","title":{"rendered":"COWORKING"},"content":{"rendered":"<p>&#8216;Una vieja factor\u00eda de la calle del Planeta, en el coraz\u00f3n de Gr\u00e0cia, alberga un coworking con una singular fauna:<br \/> Uwe es el hijo \u00fanico de un industrial alem\u00e1n que le ha dado \u00abun a\u00f1o de gracia\u00bb para vivir la bohemia antes de hacerse cargo del negocio familiar.<br \/> Maurici no para de dise\u00f1ar nuevos e inveros\u00edmiles negocios que siempre est\u00e1n \u00aba punto\u00bb de procurarle \u00e9xito.<br \/> Vilma es una fot\u00f3grafa de misteriosos h\u00e1bitos, como dormir dentro del coworking o desaparecer en una playa secreta.<br \/> Gus es n\u00f3mada digital y trabaja como lanzador de cursos online, acompa\u00f1ado de un ej\u00e9rcito de figuras de Star Wars.<br \/> Beatriz ejerce de psic\u00f3loga y es la \u00fanica que dispone de una \u00abpecera\u00bb para que nadie oiga sus arriesgadas terapias a distancia.<br \/> Frank es el m\u00e1s veterano del coworking, pero nadie sabe a ciencia cierta qu\u00e9 hace all\u00ed. Muchos d\u00edas parece solo observar.<br \/> Alma tiene rasgos orientales, pero ha vivido toda su existencia en el barrio. Regenta el Limbo en medio de un silencio que oculta m\u00e1s de un dolor.<br \/> Entre las paredes del viejo almac\u00e9n surgen ideas locas y amores fugaces, negocios imposibles y algunos enigmas que flotan sobre esta oficina de sue\u00f1os. Una novela que devorar\u00e1s y no podr\u00e1s olvidar.&#8217;<\/p>\n","protected":false},"excerpt":{"rendered":"<p>MIRALLES CONTIJOCH, FRANCESC<\/p>\n","protected":false},"featured_media":414573,"template":"","meta":{"_acf_changed":false,"om_disable_all_campaigns":false,"rs_blank_template":"","rs_page_bg_color":"","slide_template_v7":"","inline_featured_image":false,"_monsterinsights_skip_tracking":false,"_monsterinsights_sitenote_active":false,"_monsterinsights_sitenote_note":"","_monsterinsights_sitenote_category":0},"product_brand":[],"product_cat":[127,357],"product_tag":[],"class_list":{"0":"post-414572","1":"product","2":"type-product","3":"status-publish","4":"has-post-thumbnail","6":"product_cat-novella-contemporania","7":"product_cat-novela-contemporanea","9":"first","10":"instock","11":"taxable","12":"shipping-taxable","13":"purchasable","14":"product-type-simple"},"acf":{"autor":"MIRALLES CONTIJOCH, FRANCESC","codart":"841931148","libros-coleccion":"FORA DE COL.LECCI\u00d3","ediciones":"1","encuadernacion":"Carton\u00e9","fecha_de_publicacion":"01\/04\/2023","novedad":"1","paginas":"280","subtitulo":"","orden":"0","portada":"0","idioma":"spa","editorial":[{"ID":6313,"post_author":"3","post_date":"2022-07-28 17:49:30","post_date_gmt":"2022-07-28 15:49:30","post_content":"","post_title":"Navona Editorial","post_excerpt":"","post_status":"publish","comment_status":"closed","ping_status":"closed","post_password":"","post_name":"navona-editorial","to_ping":"","pinged":"","post_modified":"2022-07-28 17:49:30","post_modified_gmt":"2022-07-28 15:49:30","post_content_filtered":"","post_parent":0,"guid":"http:\/\/dev.claret.cat\/editorial\/navona-editorial\/","menu_order":0,"post_type":"editorial","post_mime_type":"","comment_count":"0","filter":"raw"}],"autores-libros":[{"ID":156109,"post_author":"3","post_date":"2022-10-14 15:18:11","post_date_gmt":"2022-10-14 13:18:11","post_content":"","post_title":"FRANCESC MIRALLES CONTIJOCH","post_excerpt":"","post_status":"publish","comment_status":"closed","ping_status":"closed","post_password":"","post_name":"francesc-miralles-contijoch","to_ping":"","pinged":"","post_modified":"2022-10-14 15:18:11","post_modified_gmt":"2022-10-14 13:18:11","post_content_filtered":"","post_parent":0,"guid":"http:\/\/dev.claret.cat\/autor\/francesc-miralles-contijoch\/","menu_order":0,"post_type":"autor","post_mime_type":"","comment_count":"0","filter":"raw"}]},"aioseo_notices":[],"_links":{"self":[{"href":"https:\/\/www.claret.cat\/es\/wp-json\/wp\/v2\/product\/414572","targetHints":{"allow":["GET"]}}],"collection":[{"href":"https:\/\/www.claret.cat\/es\/wp-json\/wp\/v2\/product"}],"about":[{"href":"https:\/\/www.claret.cat\/es\/wp-json\/wp\/v2\/types\/product"}],"wp:featuredmedia":[{"embeddable":true,"href":"https:\/\/www.claret.cat\/es\/wp-json\/wp\/v2\/media\/414573"}],"wp:attachment":[{"href":"https:\/\/www.claret.cat\/es\/wp-json\/wp\/v2\/media?parent=414572"}],"wp:term":[{"taxonomy":"product_brand","embeddable":true,"href":"https:\/\/www.claret.cat\/es\/wp-json\/wp\/v2\/product_brand?post=414572"},{"taxonomy":"product_cat","embeddable":true,"href":"https:\/\/www.claret.cat\/es\/wp-json\/wp\/v2\/product_cat?post=414572"},{"taxonomy":"product_tag","embeddable":true,"href":"https:\/\/www.claret.cat\/es\/wp-json\/wp\/v2\/product_tag?post=414572"}],"curies":[{"name":"wp","href":"https:\/\/api.w.org\/{rel}","templated":true}]}}