{"id":414575,"date":"2023-03-29T14:25:33","date_gmt":"2023-03-29T12:25:33","guid":{"rendered":"https:\/\/www.claret.cat\/llibre\/coworking-cat-9788419311498\/"},"modified":"2025-01-31T22:45:14","modified_gmt":"2025-01-31T21:45:14","slug":"coworking-cat-9788419311498","status":"publish","type":"product","link":"https:\/\/www.claret.cat\/es\/libro\/coworking-cat-9788419311498\/","title":{"rendered":"COWORKING -CAT."},"content":{"rendered":"<p>Una f\u00e0brica vella del carrer del Planeta, al cor de Gr\u00e0cia, allotja un coworking amb una fauna ben singular:<\/p>\n<p>L\u2019Uwe \u00e9s el fill \u00fanic d\u2019un industrial alemany que li ha donat \u00abun any de gr\u00e0cia\u00bb per viure la boh\u00e8mia abans de fer-se c\u00e0rrec del negoci familiar.<\/p>\n<p>En Maurici no para de dissenyar negocis nous i inversemblants que sempre estan \u00aba punt\u00bb de procurar-li \u00e8xit.<\/p>\n<p>La Vilma \u00e9s una fot\u00f2grafa de misteriosos h\u00e0bits, com ara dormir a l\u2019interior del coworking o desapar\u00e8ixer en una platja secreta.<\/p>\n<p>En Gus \u00e9s n\u00f2mada digital i treballa com a dinamitzador de cursos online, acompanyat d\u2019un ex\u00e8rcit de figuretes de Star Wars.<\/p>\n<p>La Beatriz fa de psic\u00f2loga i \u00e9s l\u2019\u00fanica que disposa d\u2019una \u00abpeixera\u00bb perqu\u00e8 ning\u00fa pugui sentir les seves arriscades ter\u00e0pies a dist\u00e0ncia.<\/p>\n<p>En Frank \u00e9s el m\u00e9s veter\u00e0 del coworking, per\u00f2 ning\u00fa sap del cert qu\u00e8 hi fa, all\u00e0. Molts dies sembla que nom\u00e9s observi.<\/p>\n<p>L\u2019Alma t\u00e9 trets orientals, per\u00f2 ha viscut tota la seva exist\u00e8ncia al barri. Regenta el Limbo enmig d\u2019un silenci que oculta m\u00e9s d\u2019un patiment.<\/p>\n<p>El dia a dia del coworking, a banda de ser una font inesgotable de projectes i complicacions, va vinculant els seus ocupants com n\u00e0ufrags en una mateixa nau. Entre les parets del vell magatzem sorgeixen idees folles i amors fuga\u00e7os, negocis impossibles i alguns enigmes que suren sobre aquesta oficina de somnis. Una novel\u00b7la que devorar\u00e0s i que no podr\u00e0s oblidar.<\/p>\n","protected":false},"excerpt":{"rendered":"<p>MIRALLES CONTIJOCH, FRANCESC<\/p>\n","protected":false},"featured_media":414576,"template":"","meta":{"_acf_changed":false,"om_disable_all_campaigns":false,"rs_blank_template":"","rs_page_bg_color":"","slide_template_v7":"","inline_featured_image":false,"_monsterinsights_skip_tracking":false,"_monsterinsights_sitenote_active":false,"_monsterinsights_sitenote_note":"","_monsterinsights_sitenote_category":0},"product_brand":[],"product_cat":[127,357],"product_tag":[],"class_list":{"0":"post-414575","1":"product","2":"type-product","3":"status-publish","4":"has-post-thumbnail","6":"product_cat-novella-contemporania","7":"product_cat-novela-contemporanea","9":"first","10":"instock","11":"taxable","12":"shipping-taxable","13":"purchasable","14":"product-type-simple"},"acf":{"autor":"MIRALLES CONTIJOCH, FRANCESC","codart":"841931149","libros-coleccion":"FORA DE COL.LECCI\u00d3","ediciones":"1","encuadernacion":"Carton\u00e9","fecha_de_publicacion":"01\/04\/2023","novedad":"1","paginas":"272","subtitulo":"","orden":"0","portada":"0","idioma":"cat","editorial":[{"ID":6313,"post_author":"3","post_date":"2022-07-28 17:49:30","post_date_gmt":"2022-07-28 15:49:30","post_content":"","post_title":"Navona Editorial","post_excerpt":"","post_status":"publish","comment_status":"closed","ping_status":"closed","post_password":"","post_name":"navona-editorial","to_ping":"","pinged":"","post_modified":"2022-07-28 17:49:30","post_modified_gmt":"2022-07-28 15:49:30","post_content_filtered":"","post_parent":0,"guid":"http:\/\/dev.claret.cat\/editorial\/navona-editorial\/","menu_order":0,"post_type":"editorial","post_mime_type":"","comment_count":"0","filter":"raw"}],"autores-libros":[{"ID":156109,"post_author":"3","post_date":"2022-10-14 15:18:11","post_date_gmt":"2022-10-14 13:18:11","post_content":"","post_title":"FRANCESC MIRALLES CONTIJOCH","post_excerpt":"","post_status":"publish","comment_status":"closed","ping_status":"closed","post_password":"","post_name":"francesc-miralles-contijoch","to_ping":"","pinged":"","post_modified":"2022-10-14 15:18:11","post_modified_gmt":"2022-10-14 13:18:11","post_content_filtered":"","post_parent":0,"guid":"http:\/\/dev.claret.cat\/autor\/francesc-miralles-contijoch\/","menu_order":0,"post_type":"autor","post_mime_type":"","comment_count":"0","filter":"raw"}]},"aioseo_notices":[],"_links":{"self":[{"href":"https:\/\/www.claret.cat\/es\/wp-json\/wp\/v2\/product\/414575","targetHints":{"allow":["GET"]}}],"collection":[{"href":"https:\/\/www.claret.cat\/es\/wp-json\/wp\/v2\/product"}],"about":[{"href":"https:\/\/www.claret.cat\/es\/wp-json\/wp\/v2\/types\/product"}],"wp:featuredmedia":[{"embeddable":true,"href":"https:\/\/www.claret.cat\/es\/wp-json\/wp\/v2\/media\/414576"}],"wp:attachment":[{"href":"https:\/\/www.claret.cat\/es\/wp-json\/wp\/v2\/media?parent=414575"}],"wp:term":[{"taxonomy":"product_brand","embeddable":true,"href":"https:\/\/www.claret.cat\/es\/wp-json\/wp\/v2\/product_brand?post=414575"},{"taxonomy":"product_cat","embeddable":true,"href":"https:\/\/www.claret.cat\/es\/wp-json\/wp\/v2\/product_cat?post=414575"},{"taxonomy":"product_tag","embeddable":true,"href":"https:\/\/www.claret.cat\/es\/wp-json\/wp\/v2\/product_tag?post=414575"}],"curies":[{"name":"wp","href":"https:\/\/api.w.org\/{rel}","templated":true}]}}