{"id":414597,"date":"2023-03-29T15:00:13","date_gmt":"2023-03-29T13:00:13","guid":{"rendered":"https:\/\/www.claret.cat\/llibre\/conta-el-nostre-secret-9788491912644\/"},"modified":"2025-07-21T14:06:09","modified_gmt":"2025-07-21T12:06:09","slug":"conta-el-nostre-secret-9788491912644","status":"publish","type":"product","link":"https:\/\/www.claret.cat\/es\/libro\/conta-el-nostre-secret-9788491912644\/","title":{"rendered":"CONTA EL NOSTRE SECRET!"},"content":{"rendered":"<p>Aquest llibre vol posar a l\u2019abast del p\u00fablic no especialitzat l\u2019Evangeli de Marc. Per aquesta ra\u00f3, l\u2019autor ha volgut situar-se des de la visi\u00f3 de l\u2019evangelista Marc i analitzar la forma com, des de la seva condici\u00f3 de cristi\u00e0 de la segona hora, ha volgut compartir amb els seus lectors la bellesa de l\u2019Evangeli i la for\u00e7a del missatge de Jes\u00fas. Es tracta d\u2019una hist\u00f2ria volgudament imaginativa, que se cenyeix, per una banda, als resultats de l\u2019actual investigaci\u00f3 b\u00edblica, per\u00f2, per l\u2019altra, es proposa ser de lectura f\u00e1cil i amena. L\u2019an\u00e0lisi de com les idees de l\u2019autor del segon Evangeli passen a convertir-se en text, aporta la possibilitat d\u2019una lectura m\u00e9s enll\u00e0 del fragment i del verset, als quals tan acostumats estam els cristians. Aix\u00ed, la naturalesa del segon Evangeli com a obra liter\u00e0ria de categoria, que ha estat capa\u00e7 de superar el pas del temps, mostra la seva unitat interna, revela el pla segons el qual ha estat concebuda i possibilita un acostament m\u00e9s d\u2019acord amb les intencions de Marc en escriure\u2019l. Esperem que la lectura d\u2019aquesta obra serveixi per estimar m\u00e9s i compendre millor la Bona Nova de Crist, tal com la visqueren els seus primers testimonis.<\/p>\n","protected":false},"excerpt":{"rendered":"<p>SUAU, TEODOR<\/p>\n","protected":false},"featured_media":414598,"template":"","meta":{"_acf_changed":false,"om_disable_all_campaigns":false,"rs_blank_template":"","rs_page_bg_color":"","slide_template_v7":"","inline_featured_image":false,"_monsterinsights_skip_tracking":false,"_monsterinsights_sitenote_active":false,"_monsterinsights_sitenote_note":"","_monsterinsights_sitenote_category":0},"product_brand":[],"product_cat":[464,203],"product_tag":[],"class_list":{"0":"post-414597","1":"product","2":"type-product","3":"status-publish","4":"has-post-thumbnail","6":"product_cat-sinopticos","7":"product_cat-sinoptics","9":"first","10":"instock","11":"taxable","12":"shipping-taxable","13":"purchasable","14":"product-type-simple"},"acf":{"autor":"SUAU, TEODOR","codart":"849191264","libros-coleccion":"Sauri","ediciones":"1","encuadernacion":"R\u00fastica","fecha_de_publicacion":"29\/03\/2023","novedad":"1","paginas":"185","subtitulo":"HIST\u00d2RIA D'UN LLIBRE: L'EVANGELI DE MARC ","orden":"0","portada":"1","idioma":"cat","editorial":[{"ID":8266,"post_author":"3","post_date":"2022-09-30 09:21:36","post_date_gmt":"2022-09-30 07:21:36","post_content":"","post_title":"PUBLICACIONS DE L'ABADIA DE MONTSERRAT","post_excerpt":"","post_status":"publish","comment_status":"closed","ping_status":"closed","post_password":"","post_name":"publicacions-de-labadia-de-montserrat-5","to_ping":"","pinged":"","post_modified":"2022-09-30 09:21:36","post_modified_gmt":"2022-09-30 07:21:36","post_content_filtered":"","post_parent":0,"guid":"http:\/\/dev.claret.cat\/editorial\/publicacions-de-labadia-de-montserrat-5\/","menu_order":0,"post_type":"editorial","post_mime_type":"","comment_count":"0","filter":"raw"}],"autores-libros":[{"ID":170181,"post_author":"3","post_date":"2022-10-14 22:33:14","post_date_gmt":"2022-10-14 20:33:14","post_content":"","post_title":"TEODOR SUAU","post_excerpt":"","post_status":"publish","comment_status":"closed","ping_status":"closed","post_password":"","post_name":"teodor-suau","to_ping":"","pinged":"","post_modified":"2022-10-14 22:33:14","post_modified_gmt":"2022-10-14 20:33:14","post_content_filtered":"","post_parent":0,"guid":"http:\/\/dev.claret.cat\/autor\/teodor-suau\/","menu_order":0,"post_type":"autor","post_mime_type":"","comment_count":"0","filter":"raw"}],"booktrailer":"","resenas":""},"aioseo_notices":[],"_links":{"self":[{"href":"https:\/\/www.claret.cat\/es\/wp-json\/wp\/v2\/product\/414597","targetHints":{"allow":["GET"]}}],"collection":[{"href":"https:\/\/www.claret.cat\/es\/wp-json\/wp\/v2\/product"}],"about":[{"href":"https:\/\/www.claret.cat\/es\/wp-json\/wp\/v2\/types\/product"}],"wp:featuredmedia":[{"embeddable":true,"href":"https:\/\/www.claret.cat\/es\/wp-json\/wp\/v2\/media\/414598"}],"wp:attachment":[{"href":"https:\/\/www.claret.cat\/es\/wp-json\/wp\/v2\/media?parent=414597"}],"wp:term":[{"taxonomy":"product_brand","embeddable":true,"href":"https:\/\/www.claret.cat\/es\/wp-json\/wp\/v2\/product_brand?post=414597"},{"taxonomy":"product_cat","embeddable":true,"href":"https:\/\/www.claret.cat\/es\/wp-json\/wp\/v2\/product_cat?post=414597"},{"taxonomy":"product_tag","embeddable":true,"href":"https:\/\/www.claret.cat\/es\/wp-json\/wp\/v2\/product_tag?post=414597"}],"curies":[{"name":"wp","href":"https:\/\/api.w.org\/{rel}","templated":true}]}}