{"id":41460,"date":"2022-10-02T19:41:35","date_gmt":"2022-10-02T17:41:35","guid":{"rendered":"http:\/\/dev.claret.cat\/producte\/coi-de-criatures\/"},"modified":"2023-12-13T13:45:51","modified_gmt":"2023-12-13T12:45:51","slug":"coi-de-criatures-9788418062520","status":"publish","type":"product","link":"https:\/\/www.claret.cat\/es\/libro\/coi-de-criatures-9788418062520\/","title":{"rendered":"COI DE CRIATURES!"},"content":{"rendered":"<p>Per als que ja s\u00f3n pares i per als que ho seran en un futur, Coi de criatures! \u00e9s Est\u00e0s preparat per ser pare? Ets un d&#8221;aquells que quan vas a la platja  sembla que te&#8221;n vagis d&#8221;acampada? Ja t&#8221;han explicat que no hi ha cap nen  que dormi dotze hores seguides? I el carnaval, saps que \u00e9s el  responsable d&#8221;un munt de traumes desenvolupats en les edats m\u00e9s tendres?  I val m\u00e9s que no parlem de les deposicions del teu fill o filla&#8230; Si  Newton hagu\u00e9s tingut descend\u00e8ncia hauria introdu\u00eft com a m\u00ednim una excepci\u00f3 a la teoria de la gravetat i hauria dit que tots els cossos se senten atrets cap a la Terra, tret d&#8221;un cas: les cagarades dels  nadons, que poden anar en qualsevol direcci\u00f3. Per als que ja s\u00f3n pares i per als que ho seran en un futur, Coi de criatures! \u00e9s un llibre de cap\u00e7alera, amb cinquanta consells  desenfadats i plens d&#8221;humor que et faran veure la paternitat amb uns  altres ulls, com una aventura, i descobrir\u00e0s que no est\u00e0s sol en aquesta cursa d&#8221;obstacles.<\/p>\n","protected":false},"excerpt":{"rendered":"<p>BENNASAR, SEBASTI\u00c0<\/p>\n","protected":false},"featured_media":57741,"template":"","meta":{"_acf_changed":false,"om_disable_all_campaigns":false,"rs_blank_template":"","rs_page_bg_color":"","slide_template_v7":"","inline_featured_image":false,"_monsterinsights_skip_tracking":false,"_monsterinsights_sitenote_active":false,"_monsterinsights_sitenote_note":"","_monsterinsights_sitenote_category":0},"product_brand":[],"product_cat":[191,454],"product_tag":[],"class_list":{"0":"post-41460","1":"product","2":"type-product","3":"status-publish","4":"has-post-thumbnail","6":"product_cat-educacio-en-valors-pedagogia-2_humanitats","7":"product_cat-educacion-en-valores","9":"first","10":"instock","11":"taxable","12":"shipping-taxable","13":"purchasable","14":"product-type-simple"},"acf":{"autor":"BENNASAR, SEBASTI\u00c0","codart":"841806252","libros-coleccion":"FORA DE COL.LECCI\u00d3","ediciones":"1","encuadernacion":"R\u00fastica","fecha_de_publicacion":"01\/03\/2022","novedad":"1","paginas":"157","subtitulo":"50 COSES QUE HAS DE SABER PER FER DE PARE","orden":"0","portada":"0","idioma":"cat","editorial":[{"ID":6350,"post_author":"3","post_date":"2022-07-28 17:50:18","post_date_gmt":"2022-07-28 15:50:18","post_content":"","post_title":"ROSA DELS VENTS","post_excerpt":"","post_status":"publish","comment_status":"closed","ping_status":"closed","post_password":"","post_name":"rosa-dels-vents","to_ping":"","pinged":"","post_modified":"2022-07-28 17:50:18","post_modified_gmt":"2022-07-28 15:50:18","post_content_filtered":"","post_parent":0,"guid":"http:\/\/dev.claret.cat\/editorial\/rosa-dels-vents\/","menu_order":0,"post_type":"editorial","post_mime_type":"","comment_count":"0","filter":"raw"}],"autores-libros":[{"ID":169235,"post_author":"3","post_date":"2022-10-14 22:25:35","post_date_gmt":"2022-10-14 20:25:35","post_content":"","post_title":"SEBASTI\u00c0 BENNASAR","post_excerpt":"","post_status":"publish","comment_status":"closed","ping_status":"closed","post_password":"","post_name":"sebastia-bennasar","to_ping":"","pinged":"","post_modified":"2022-10-14 22:25:35","post_modified_gmt":"2022-10-14 20:25:35","post_content_filtered":"","post_parent":0,"guid":"http:\/\/dev.claret.cat\/autor\/sebastia-bennasar\/","menu_order":0,"post_type":"autor","post_mime_type":"","comment_count":"0","filter":"raw"}]},"aioseo_notices":[],"_links":{"self":[{"href":"https:\/\/www.claret.cat\/es\/wp-json\/wp\/v2\/product\/41460","targetHints":{"allow":["GET"]}}],"collection":[{"href":"https:\/\/www.claret.cat\/es\/wp-json\/wp\/v2\/product"}],"about":[{"href":"https:\/\/www.claret.cat\/es\/wp-json\/wp\/v2\/types\/product"}],"wp:featuredmedia":[{"embeddable":true,"href":"https:\/\/www.claret.cat\/es\/wp-json\/wp\/v2\/media\/57741"}],"wp:attachment":[{"href":"https:\/\/www.claret.cat\/es\/wp-json\/wp\/v2\/media?parent=41460"}],"wp:term":[{"taxonomy":"product_brand","embeddable":true,"href":"https:\/\/www.claret.cat\/es\/wp-json\/wp\/v2\/product_brand?post=41460"},{"taxonomy":"product_cat","embeddable":true,"href":"https:\/\/www.claret.cat\/es\/wp-json\/wp\/v2\/product_cat?post=41460"},{"taxonomy":"product_tag","embeddable":true,"href":"https:\/\/www.claret.cat\/es\/wp-json\/wp\/v2\/product_tag?post=41460"}],"curies":[{"name":"wp","href":"https:\/\/api.w.org\/{rel}","templated":true}]}}