{"id":414737,"date":"2023-03-30T17:37:41","date_gmt":"2023-03-30T15:37:41","guid":{"rendered":"https:\/\/www.claret.cat\/llibre\/el-bosque-del-tiempo-integral-1-9788467960204\/"},"modified":"2023-10-11T03:22:28","modified_gmt":"2023-10-11T01:22:28","slug":"el-bosque-del-tiempo-integral-1-9788467960204","status":"publish","type":"product","link":"https:\/\/www.claret.cat\/es\/libro\/el-bosque-del-tiempo-integral-1-9788467960204\/","title":{"rendered":"EL BOSQUE DEL TIEMPO. INTEGRAL 1"},"content":{"rendered":"<p>Una serie que combina aventura, magia, fantas\u00eda y viajes en el tiempo, de una forma como nunca antes hab\u00edas visto. Hay una leyenda que cuenta la historia de una aldea habitada solamente por ni\u00f1os. Dicen que esa aldea se encuentra en eloraz\u00f3n de un bosque, protegida del paso del tiempo por el poder de un cristal m\u00e1gico. Dicen que, un d\u00eda, el cristal se rompi\u00f3 en pedazos y alguien rob\u00f3 uno de ellos. Y cuentan que cuatro peque\u00f1os campeones salieron a recuperarlo. Esta es su historia.<\/p>\n","protected":false},"excerpt":{"rendered":"<p>TRISTAN ROULOT \/ GUERRERO<\/p>\n","protected":false},"featured_media":414738,"template":"","meta":{"_acf_changed":false,"om_disable_all_campaigns":false,"rs_blank_template":"","rs_page_bg_color":"","slide_template_v7":"","inline_featured_image":false,"_monsterinsights_skip_tracking":false,"_monsterinsights_sitenote_active":false,"_monsterinsights_sitenote_note":"","_monsterinsights_sitenote_category":0},"product_brand":[],"product_cat":[558,108],"product_tag":[],"class_list":{"0":"post-414737","1":"product","2":"type-product","3":"status-publish","4":"has-post-thumbnail","6":"product_cat-comic-3_infantil-juvenil-spa-spa","7":"product_cat-comic","9":"first","10":"instock","11":"taxable","12":"shipping-taxable","13":"purchasable","14":"product-type-simple"},"acf":{"autor":"TRISTAN ROULOT \/ GUERRERO","codart":"846796020","libros-coleccion":"ASTRONAVE","ediciones":"1","encuadernacion":"Carpeta","fecha_de_publicacion":"01\/03\/2023","novedad":"1","paginas":"0","subtitulo":"","orden":"0","portada":"0","idioma":"spa","editorial":[{"ID":6315,"post_author":"3","post_date":"2022-07-28 17:49:33","post_date_gmt":"2022-07-28 15:49:33","post_content":"","post_title":"NORMA EDITORIAL S.A","post_excerpt":"","post_status":"publish","comment_status":"closed","ping_status":"closed","post_password":"","post_name":"norma-editorial-s-a","to_ping":"","pinged":"","post_modified":"2022-07-28 17:49:33","post_modified_gmt":"2022-07-28 15:49:33","post_content_filtered":"","post_parent":0,"guid":"http:\/\/dev.claret.cat\/editorial\/norma-editorial-s-a\/","menu_order":0,"post_type":"editorial","post_mime_type":"","comment_count":"0","filter":"raw"}],"autores-libros":[{"ID":414736,"post_author":"3","post_date":"2023-03-30 17:35:52","post_date_gmt":"2023-03-30 15:35:52","post_content":"","post_title":"TRISTAN ROULOT","post_excerpt":"","post_status":"publish","comment_status":"closed","ping_status":"closed","post_password":"","post_name":"tristan-roulot","to_ping":"","pinged":"","post_modified":"2023-03-30 17:35:52","post_modified_gmt":"2023-03-30 15:35:52","post_content_filtered":"","post_parent":0,"guid":"https:\/\/www.claret.cat\/autor\/tristan-roulot\/","menu_order":0,"post_type":"autor","post_mime_type":"","comment_count":"0","filter":"raw"},{"ID":157173,"post_author":"3","post_date":"2022-10-14 15:26:42","post_date_gmt":"2022-10-14 13:26:42","post_content":"","post_title":"GUERRERO","post_excerpt":"","post_status":"publish","comment_status":"closed","ping_status":"closed","post_password":"","post_name":"guerrero","to_ping":"","pinged":"","post_modified":"2022-10-14 15:26:42","post_modified_gmt":"2022-10-14 13:26:42","post_content_filtered":"","post_parent":0,"guid":"http:\/\/dev.claret.cat\/autor\/guerrero\/","menu_order":0,"post_type":"autor","post_mime_type":"","comment_count":"0","filter":"raw"}]},"aioseo_notices":[],"_links":{"self":[{"href":"https:\/\/www.claret.cat\/es\/wp-json\/wp\/v2\/product\/414737","targetHints":{"allow":["GET"]}}],"collection":[{"href":"https:\/\/www.claret.cat\/es\/wp-json\/wp\/v2\/product"}],"about":[{"href":"https:\/\/www.claret.cat\/es\/wp-json\/wp\/v2\/types\/product"}],"wp:featuredmedia":[{"embeddable":true,"href":"https:\/\/www.claret.cat\/es\/wp-json\/wp\/v2\/media\/414738"}],"wp:attachment":[{"href":"https:\/\/www.claret.cat\/es\/wp-json\/wp\/v2\/media?parent=414737"}],"wp:term":[{"taxonomy":"product_brand","embeddable":true,"href":"https:\/\/www.claret.cat\/es\/wp-json\/wp\/v2\/product_brand?post=414737"},{"taxonomy":"product_cat","embeddable":true,"href":"https:\/\/www.claret.cat\/es\/wp-json\/wp\/v2\/product_cat?post=414737"},{"taxonomy":"product_tag","embeddable":true,"href":"https:\/\/www.claret.cat\/es\/wp-json\/wp\/v2\/product_tag?post=414737"}],"curies":[{"name":"wp","href":"https:\/\/api.w.org\/{rel}","templated":true}]}}