{"id":414758,"date":"2023-03-30T17:55:12","date_gmt":"2023-03-30T15:55:12","guid":{"rendered":"https:\/\/www.claret.cat\/llibre\/la-jauria-americana-cine-e-historia-en-el-new-hollywood-9788470742200\/"},"modified":"2023-10-11T03:22:13","modified_gmt":"2023-10-11T01:22:13","slug":"la-jauria-americana-cine-e-historia-en-el-new-hollywood-9788470742200","status":"publish","type":"product","link":"https:\/\/www.claret.cat\/es\/libro\/la-jauria-americana-cine-e-historia-en-el-new-hollywood-9788470742200\/","title":{"rendered":"LA JAUR\u00cdA AMERICANA. CINE E HISTORIA EN EL NEW HOLLYWOOD"},"content":{"rendered":"<p>En 1966, Arthur Penn dio el pistoletazo de salida al New Hollywood con La Jaur\u00eda Humana. Siguiendo su estela, un grupo de j\u00f3venes y talentosos directores -entre ellos, Mike Nichols, Martin Scorsese, John Schlesinger o Hal Ashby- dio lustre en los siguientes a\u00f1os al que ha quedado como uno de los periodos m\u00e1s fascinantes del cine del siglo pasado.    Este libro, centrado en las relaciones entre cine e historia, teje el hilo entre sus pel\u00edculas y la Norteam\u00e9rica de los sesenta, una d\u00e9cada fren\u00e9tica y en ebullici\u00f3n en la que convivieron con la Guerra de Vietnam, la contracultura, la lucha por los derechos civiles, el movimiento hippie o la segunda ola del feminismo.<\/p>\n","protected":false},"excerpt":{"rendered":"<p>DIAZ MARTIN, MARCOS<\/p>\n","protected":false},"featured_media":414759,"template":"","meta":{"_acf_changed":false,"om_disable_all_campaigns":false,"rs_blank_template":"","rs_page_bg_color":"","slide_template_v7":"","inline_featured_image":false,"_monsterinsights_skip_tracking":false,"_monsterinsights_sitenote_active":false,"_monsterinsights_sitenote_note":"","_monsterinsights_sitenote_category":0},"product_brand":[],"product_cat":[561,112],"product_tag":[],"class_list":{"0":"post-414758","1":"product","2":"type-product","3":"status-publish","4":"has-post-thumbnail","6":"product_cat-cine-y-television","7":"product_cat-cinema-i-televisio","9":"first","10":"instock","11":"taxable","12":"shipping-taxable","13":"purchasable","14":"product-type-simple"},"acf":{"autor":"DIAZ MARTIN, MARCOS","codart":"847074220","libros-coleccion":"FORA DE COL.LECCI\u00d3","ediciones":"1","encuadernacion":"R\u00fastica","fecha_de_publicacion":"01\/01\/2023","novedad":"1","paginas":"0","subtitulo":"","orden":"0","portada":"0","idioma":"spa","editorial":[{"ID":414807,"post_author":"3","post_date":"2023-03-30 19:07:14","post_date_gmt":"2023-03-30 17:07:14","post_content":"","post_title":"Editorial Fragua","post_excerpt":"","post_status":"publish","comment_status":"closed","ping_status":"closed","post_password":"","post_name":"editorial-fragua","to_ping":"","pinged":"","post_modified":"2023-03-30 19:07:14","post_modified_gmt":"2023-03-30 17:07:14","post_content_filtered":"","post_parent":0,"guid":"https:\/\/www.claret.cat\/editorial\/editorial-fragua\/","menu_order":0,"post_type":"editorial","post_mime_type":"","comment_count":"0","filter":"raw"}],"autores-libros":[{"ID":414808,"post_author":"3","post_date":"2023-03-30 19:07:15","post_date_gmt":"2023-03-30 17:07:15","post_content":"","post_title":"MARCOS DIAZ MARTIN","post_excerpt":"","post_status":"publish","comment_status":"closed","ping_status":"closed","post_password":"","post_name":"marcos-diaz-martin","to_ping":"","pinged":"","post_modified":"2023-03-30 19:07:15","post_modified_gmt":"2023-03-30 17:07:15","post_content_filtered":"","post_parent":0,"guid":"https:\/\/www.claret.cat\/autor\/marcos-diaz-martin\/","menu_order":0,"post_type":"autor","post_mime_type":"","comment_count":"0","filter":"raw"}]},"aioseo_notices":[],"_links":{"self":[{"href":"https:\/\/www.claret.cat\/es\/wp-json\/wp\/v2\/product\/414758","targetHints":{"allow":["GET"]}}],"collection":[{"href":"https:\/\/www.claret.cat\/es\/wp-json\/wp\/v2\/product"}],"about":[{"href":"https:\/\/www.claret.cat\/es\/wp-json\/wp\/v2\/types\/product"}],"wp:featuredmedia":[{"embeddable":true,"href":"https:\/\/www.claret.cat\/es\/wp-json\/wp\/v2\/media\/414759"}],"wp:attachment":[{"href":"https:\/\/www.claret.cat\/es\/wp-json\/wp\/v2\/media?parent=414758"}],"wp:term":[{"taxonomy":"product_brand","embeddable":true,"href":"https:\/\/www.claret.cat\/es\/wp-json\/wp\/v2\/product_brand?post=414758"},{"taxonomy":"product_cat","embeddable":true,"href":"https:\/\/www.claret.cat\/es\/wp-json\/wp\/v2\/product_cat?post=414758"},{"taxonomy":"product_tag","embeddable":true,"href":"https:\/\/www.claret.cat\/es\/wp-json\/wp\/v2\/product_tag?post=414758"}],"curies":[{"name":"wp","href":"https:\/\/api.w.org\/{rel}","templated":true}]}}