{"id":414831,"date":"2023-03-31T13:15:13","date_gmt":"2023-03-31T11:15:13","guid":{"rendered":"https:\/\/www.claret.cat\/llibre\/el-mundo-de-la-renovacion-catolica-15401770-9788446028314\/"},"modified":"2024-05-23T23:51:27","modified_gmt":"2024-05-23T21:51:27","slug":"el-mundo-de-la-renovacion-catolica-15401770-9788446028314","status":"publish","type":"product","link":"https:\/\/www.claret.cat\/es\/libro\/el-mundo-de-la-renovacion-catolica-15401770-9788446028314\/","title":{"rendered":"EL MUNDO DE LA RENOVACI\u00d3N CAT\u00d3LICA 1540-1770"},"content":{"rendered":"<p>Este magistral manual nos ofrece una s\u00edntesis actualizada de la enorme cantidad de estudios que actualmente se realizan en torno a la historia del catolicismo en los a\u00f1os que van del Concilio de Trento, celebrado a mediados del siglo XVI, a la disoluci\u00f3n de la Compa\u00f1\u00eda de Jes\u00fas en el siglo XVIII. El profesor Hsia, reconocido experto internacional en la materia, expone tanto la renovaci\u00f3n que tiene lugar en el plano doctrinal y eclesi\u00e1stico despu\u00e9s de Trento como la evoluci\u00f3n del catolicismo en diversas regiones. Analiza la procedencia social del clero tridentino y los miembros de la curia papal, dedicando un cap\u00edtulo al concepto moderno de santidad y otro a la clausura de las mujeres con vocaci\u00f3n religiosa. Sin olvidar el arte, la arquitectura o el mundo del libro, el autor hace un esfuerzo por describir la renovaci\u00f3n cat\u00f3lica como parte de una gran evoluci\u00f3n hist\u00f3rica de la civilizaci\u00f3n europea, explorando as\u00ed mismo su expansi\u00f3n y sus encuentros con las culturas no cristianas de Am\u00e9rica, \u00c1frica y Asia.<\/p>\n","protected":false},"excerpt":{"rendered":"<p>PO-CHIA HSIA, R.<\/p>\n","protected":false},"featured_media":414832,"template":"","meta":{"_acf_changed":false,"om_disable_all_campaigns":false,"rs_blank_template":"","rs_page_bg_color":"","slide_template_v7":"","inline_featured_image":false,"_monsterinsights_skip_tracking":false,"_monsterinsights_sitenote_active":false,"_monsterinsights_sitenote_note":"","_monsterinsights_sitenote_category":0},"product_brand":[],"product_cat":[93,543],"product_tag":[],"class_list":{"0":"post-414831","1":"product","2":"type-product","3":"status-publish","4":"has-post-thumbnail","6":"product_cat-eclesiologia","7":"product_cat-eclesiologia-es","9":"first","10":"instock","11":"taxable","12":"shipping-taxable","13":"purchasable","14":"product-type-simple"},"acf":{"autor":"PO-CHIA HSIA, R.","codart":"844602831","libros-coleccion":"","ediciones":"1","encuadernacion":"R\u00fastica","fecha_de_publicacion":"01\/04\/2010","novedad":"0","paginas":"304","subtitulo":"","orden":"999","portada":"0","idioma":"spa","editorial":[{"ID":6115,"post_author":"3","post_date":"2022-07-28 17:45:13","post_date_gmt":"2022-07-28 15:45:13","post_content":"","post_title":"AKAL, EDICIONES S.A.","post_excerpt":"","post_status":"publish","comment_status":"closed","ping_status":"closed","post_password":"","post_name":"akal-ediciones-s-a","to_ping":"","pinged":"","post_modified":"2022-07-28 17:45:13","post_modified_gmt":"2022-07-28 15:45:13","post_content_filtered":"","post_parent":0,"guid":"http:\/\/dev.claret.cat\/editorial\/akal-ediciones-s-a\/","menu_order":0,"post_type":"editorial","post_mime_type":"","comment_count":"0","filter":"raw"}],"autores-libros":[{"ID":414830,"post_author":"3","post_date":"2023-03-31 13:15:10","post_date_gmt":"2023-03-31 11:15:10","post_content":"","post_title":"R. PO-CHIA HSIA","post_excerpt":"","post_status":"publish","comment_status":"closed","ping_status":"closed","post_password":"","post_name":"r-po-chia-hsia","to_ping":"","pinged":"","post_modified":"2023-03-31 13:15:10","post_modified_gmt":"2023-03-31 11:15:10","post_content_filtered":"","post_parent":0,"guid":"https:\/\/www.claret.cat\/autor\/r-po-chia-hsia\/","menu_order":0,"post_type":"autor","post_mime_type":"","comment_count":"0","filter":"raw"}]},"aioseo_notices":[],"_links":{"self":[{"href":"https:\/\/www.claret.cat\/es\/wp-json\/wp\/v2\/product\/414831","targetHints":{"allow":["GET"]}}],"collection":[{"href":"https:\/\/www.claret.cat\/es\/wp-json\/wp\/v2\/product"}],"about":[{"href":"https:\/\/www.claret.cat\/es\/wp-json\/wp\/v2\/types\/product"}],"wp:featuredmedia":[{"embeddable":true,"href":"https:\/\/www.claret.cat\/es\/wp-json\/wp\/v2\/media\/414832"}],"wp:attachment":[{"href":"https:\/\/www.claret.cat\/es\/wp-json\/wp\/v2\/media?parent=414831"}],"wp:term":[{"taxonomy":"product_brand","embeddable":true,"href":"https:\/\/www.claret.cat\/es\/wp-json\/wp\/v2\/product_brand?post=414831"},{"taxonomy":"product_cat","embeddable":true,"href":"https:\/\/www.claret.cat\/es\/wp-json\/wp\/v2\/product_cat?post=414831"},{"taxonomy":"product_tag","embeddable":true,"href":"https:\/\/www.claret.cat\/es\/wp-json\/wp\/v2\/product_tag?post=414831"}],"curies":[{"name":"wp","href":"https:\/\/api.w.org\/{rel}","templated":true}]}}