{"id":414858,"date":"2023-03-31T14:30:02","date_gmt":"2023-03-31T12:30:02","guid":{"rendered":"https:\/\/www.claret.cat\/llibre\/nativos-americanos-9788419095305\/"},"modified":"2023-10-11T03:21:39","modified_gmt":"2023-10-11T01:21:39","slug":"nativos-americanos-9788419095305","status":"publish","type":"product","link":"https:\/\/www.claret.cat\/es\/libro\/nativos-americanos-9788419095305\/","title":{"rendered":"NATIVOS AMERICANOS"},"content":{"rendered":"<p>Este libro, que deslumbrar\u00e1 por el color, la fuerza y la composici\u00f3n de los elementos de cada p\u00e1gina, tiene un objetivo b\u00e1sico y primordial: colaborar a que las generaciones de j\u00f3venes y ni\u00f1os no olviden a las cientos de naciones que vivieron en Am\u00e9rica, desde Alaska y casi la l\u00ednea del Polo Norte hasta las \u00e1ridas llanuras de M\u00e9xico.<\/p>\n<p> La generaci\u00f3n de los ni\u00f1os y j\u00f3venes lectores apenas conoce la riqueza de la vida y costumbres de pueblos como los cheyennes, los cherokis, los apaches y los arapahoes, y la generaci\u00f3n de los padres de esos ni\u00f1os creci\u00f3 manipulada por una historia llena de mentiras.<\/p>\n<p> Este es un libro que toma partido por la libertad y denuncia la incre\u00edble masacre del hombre blanco, a la b\u00fasqueda del oro del lejano oeste.<\/p>\n","protected":false},"excerpt":{"rendered":"<p>RIVERA, F\u00c1TIMA<\/p>\n","protected":false},"featured_media":414859,"template":"","meta":{"_acf_changed":false,"om_disable_all_campaigns":false,"rs_blank_template":"","rs_page_bg_color":"","slide_template_v7":"","inline_featured_image":false,"_monsterinsights_skip_tracking":false,"_monsterinsights_sitenote_active":false,"_monsterinsights_sitenote_note":"","_monsterinsights_sitenote_category":0},"product_brand":[],"product_cat":[132,362],"product_tag":[],"class_list":{"0":"post-414858","1":"product","2":"type-product","3":"status-publish","4":"has-post-thumbnail","6":"product_cat-lectures-per-preadolescents-6-12-anys","7":"product_cat-libros-preadolescentes-6-12-anos","9":"first","10":"instock","11":"taxable","12":"shipping-taxable","13":"purchasable","14":"product-type-simple"},"acf":{"autor":"RIVERA, F\u00c1TIMA","codart":"841909530","libros-coleccion":"FORA DE COL.LECCI\u00d3","ediciones":"1","encuadernacion":"Carton\u00e9","fecha_de_publicacion":"01\/03\/2023","novedad":"1","paginas":"48","subtitulo":"HOMENAJE A LAS NACIONES ORIGINARIAS DE AM\u00c9RICA","orden":"0","portada":"0","idioma":"est","editorial":[{"ID":148549,"post_author":"3","post_date":"2022-10-14 11:59:07","post_date_gmt":"2022-10-14 09:59:07","post_content":"","post_title":"MOSQUITO BOOKS","post_excerpt":"","post_status":"publish","comment_status":"closed","ping_status":"closed","post_password":"","post_name":"mosquito-books","to_ping":"","pinged":"","post_modified":"2022-10-14 11:59:07","post_modified_gmt":"2022-10-14 09:59:07","post_content_filtered":"","post_parent":0,"guid":"http:\/\/dev.claret.cat\/editorial\/mosquito-books\/","menu_order":0,"post_type":"editorial","post_mime_type":"","comment_count":"0","filter":"raw"}],"autores-libros":[{"ID":414342,"post_author":"3","post_date":"2023-03-27 17:55:22","post_date_gmt":"2023-03-27 15:55:22","post_content":"","post_title":"F\u00c1TIMA RIVERA","post_excerpt":"","post_status":"publish","comment_status":"closed","ping_status":"closed","post_password":"","post_name":"fatima-rivera","to_ping":"","pinged":"","post_modified":"2023-03-27 17:55:22","post_modified_gmt":"2023-03-27 15:55:22","post_content_filtered":"","post_parent":0,"guid":"https:\/\/www.claret.cat\/autor\/fatima-rivera\/","menu_order":0,"post_type":"autor","post_mime_type":"","comment_count":"0","filter":"raw"}]},"aioseo_notices":[],"_links":{"self":[{"href":"https:\/\/www.claret.cat\/es\/wp-json\/wp\/v2\/product\/414858","targetHints":{"allow":["GET"]}}],"collection":[{"href":"https:\/\/www.claret.cat\/es\/wp-json\/wp\/v2\/product"}],"about":[{"href":"https:\/\/www.claret.cat\/es\/wp-json\/wp\/v2\/types\/product"}],"wp:featuredmedia":[{"embeddable":true,"href":"https:\/\/www.claret.cat\/es\/wp-json\/wp\/v2\/media\/414859"}],"wp:attachment":[{"href":"https:\/\/www.claret.cat\/es\/wp-json\/wp\/v2\/media?parent=414858"}],"wp:term":[{"taxonomy":"product_brand","embeddable":true,"href":"https:\/\/www.claret.cat\/es\/wp-json\/wp\/v2\/product_brand?post=414858"},{"taxonomy":"product_cat","embeddable":true,"href":"https:\/\/www.claret.cat\/es\/wp-json\/wp\/v2\/product_cat?post=414858"},{"taxonomy":"product_tag","embeddable":true,"href":"https:\/\/www.claret.cat\/es\/wp-json\/wp\/v2\/product_tag?post=414858"}],"curies":[{"name":"wp","href":"https:\/\/api.w.org\/{rel}","templated":true}]}}