{"id":414865,"date":"2023-03-31T16:12:13","date_gmt":"2023-03-31T14:12:13","guid":{"rendered":"https:\/\/www.claret.cat\/llibre\/tras-el-oeste-legendario-9788428839839\/"},"modified":"2026-02-25T10:20:25","modified_gmt":"2026-02-25T09:20:25","slug":"tras-el-oeste-legendario-9788428839839","status":"publish","type":"product","link":"https:\/\/www.claret.cat\/es\/libro\/tras-el-oeste-legendario-9788428839839\/","title":{"rendered":"TRAS EL OESTE LEGENDARIO"},"content":{"rendered":"<p>Contamos historias para saber que no estamos solos, para protegernos de la intemperie del mundo. Inventar relatos y contarlos es un modo de domesticar el universo. M\u00e1s all\u00e1 de explicar y dar cuenta m\u00e1s o menos cabal de nuestro origen y v\u00ednculos, los mitos establecen las coordenadas para que comprendamos nuestro cord\u00f3n umbilical con lo divino y, as\u00ed, para que sepamos que somos objeto de un cuidado, de una elecci\u00f3n, de la participaci\u00f3n en algo m\u00e1s grande que nosotros mismos. M\u00e1s grande, incluso, que nuestra expectante esperanza. Los mitos son un mapa que nos permite llegar a puerto al revelarnos de d\u00f3nde venimos. Son la falsilla con la cual el Creador nos anima a seguir escribiendo derecho aun con renglones torcidos.<\/p>\n","protected":false},"excerpt":{"rendered":"<p>JES\u00daS, ABEL DE<\/p>\n","protected":false},"featured_media":1086039,"template":"","meta":{"_acf_changed":false,"om_disable_all_campaigns":false,"rs_blank_template":"","rs_page_bg_color":"","slide_template_v7":"","inline_featured_image":false,"_monsterinsights_skip_tracking":false,"_monsterinsights_sitenote_active":false,"_monsterinsights_sitenote_note":"","_monsterinsights_sitenote_category":0},"product_brand":[],"product_cat":[90,284,418,540,544,94],"product_tag":[],"class_list":{"0":"post-414865","1":"product","2":"type-product","3":"status-publish","4":"has-post-thumbnail","6":"product_cat-altres","7":"product_cat-espiritual","8":"product_cat-espiritual-teologia-1_espiritualidad","9":"product_cat-otros","10":"product_cat-religiones","11":"product_cat-religions","13":"first","14":"instock","15":"taxable","16":"shipping-taxable","17":"purchasable","18":"product-type-simple"},"acf":{"autor":"JES\u00daS, ABEL DE","codart":"842883983","libros-coleccion":"FUERA DE COLECCI\u00d3N","ediciones":"1","encuadernacion":"R\u00fastica","fecha_de_publicacion":"31\/03\/2023","novedad":"1","paginas":"250","subtitulo":"LA TEOLO\u00cdA DE J. R. R. TOLKIEN","orden":"0","portada":"0","idioma":"spa","editorial":[{"ID":6335,"post_author":"3","post_date":"2022-07-28 17:49:59","post_date_gmt":"2022-07-28 15:49:59","post_content":"","post_title":"PPC altres","post_excerpt":"","post_status":"publish","comment_status":"closed","ping_status":"closed","post_password":"","post_name":"ppc-altres","to_ping":"","pinged":"","post_modified":"2022-07-28 17:49:59","post_modified_gmt":"2022-07-28 15:49:59","post_content_filtered":"","post_parent":0,"guid":"http:\/\/dev.claret.cat\/editorial\/ppc-altres\/","menu_order":0,"post_type":"editorial","post_mime_type":"","comment_count":"0","filter":"raw"}],"autores-libros":[{"ID":414864,"post_author":"3","post_date":"2023-03-31 16:10:02","post_date_gmt":"2023-03-31 14:10:02","post_content":"","post_title":"ABEL DE JES\u00daS","post_excerpt":"","post_status":"publish","comment_status":"closed","ping_status":"closed","post_password":"","post_name":"abel-de-jesus","to_ping":"","pinged":"","post_modified":"2023-03-31 16:10:02","post_modified_gmt":"2023-03-31 14:10:02","post_content_filtered":"","post_parent":0,"guid":"https:\/\/www.claret.cat\/autor\/abel-de-jesus\/","menu_order":0,"post_type":"autor","post_mime_type":"","comment_count":"0","filter":"raw"}],"booktrailer":"","resenas":""},"aioseo_notices":[],"_links":{"self":[{"href":"https:\/\/www.claret.cat\/es\/wp-json\/wp\/v2\/product\/414865","targetHints":{"allow":["GET"]}}],"collection":[{"href":"https:\/\/www.claret.cat\/es\/wp-json\/wp\/v2\/product"}],"about":[{"href":"https:\/\/www.claret.cat\/es\/wp-json\/wp\/v2\/types\/product"}],"wp:featuredmedia":[{"embeddable":true,"href":"https:\/\/www.claret.cat\/es\/wp-json\/wp\/v2\/media\/1086039"}],"wp:attachment":[{"href":"https:\/\/www.claret.cat\/es\/wp-json\/wp\/v2\/media?parent=414865"}],"wp:term":[{"taxonomy":"product_brand","embeddable":true,"href":"https:\/\/www.claret.cat\/es\/wp-json\/wp\/v2\/product_brand?post=414865"},{"taxonomy":"product_cat","embeddable":true,"href":"https:\/\/www.claret.cat\/es\/wp-json\/wp\/v2\/product_cat?post=414865"},{"taxonomy":"product_tag","embeddable":true,"href":"https:\/\/www.claret.cat\/es\/wp-json\/wp\/v2\/product_tag?post=414865"}],"curies":[{"name":"wp","href":"https:\/\/api.w.org\/{rel}","templated":true}]}}