{"id":414872,"date":"2023-03-31T16:12:48","date_gmt":"2023-03-31T14:12:48","guid":{"rendered":"https:\/\/www.claret.cat\/llibre\/catequistas-evangelio-junto-a-tu-puerta-9788428839938\/"},"modified":"2024-05-02T05:16:49","modified_gmt":"2024-05-02T03:16:49","slug":"catequistas-evangelio-junto-a-tu-puerta-9788428839938","status":"publish","type":"product","link":"https:\/\/www.claret.cat\/es\/libro\/catequistas-evangelio-junto-a-tu-puerta-9788428839938\/","title":{"rendered":"CATEQUISTAS. EVANGELIO JUNTO A TU PUERTA"},"content":{"rendered":"<p>Este libro\u00a0presenta con toda la riqueza de posibilidades el ministerio de\u00a0Catequista hoy, que es m\u00e1s importante y urgente que nunca porque nos encontramos en un cambio de \u00e9poca, donde es necesario transmitir la fe con pasi\u00f3n por Jes\u00fas en su Iglesia y para la vida de una humanidad sin horizontes, con grav\u00edsimos problemas que no ser\u00e1 capaz de digerir sin catequistas que sean\u00a0&#8216;evangelio junto a la puerta de al lado&#8217;.Es importante formar a los catequistas en una catequesis m\u00e1s personalizada, m\u00e1s eclesial, m\u00e1s testimonial y m\u00e1s creativa. Para ello, se ofrecen cuatro cap\u00edtulos en los que se desarrollan tem\u00e1ticas como &#8216;Jes\u00fas maestro y la Iglesia ministerial&#8217;, la &#8216;identidad, misi\u00f3n y espiritualidad&#8217; del catequista, el &#8216;perfil&#8217; existencial y funcional del catequista y los &#8216;principales medios&#8217; de la catequesis.Por \u00faltimo, se incluye una &#8216;gu\u00eda&#8217; del catequista para facilitar el desarrollo de un grupo de catequistas y el modo de afrontar el inicio de una catequesis familiar, y un &#8216;rito de env\u00edo&#8217; de los catequistas.<\/p>\n","protected":false},"excerpt":{"rendered":"<p>S\u00c1NCHEZ-HEREDERO, JOS\u00c9 RAM\u00d3N ROMO<\/p>\n","protected":false},"featured_media":414873,"template":"","meta":{"_acf_changed":false,"om_disable_all_campaigns":false,"rs_blank_template":"","rs_page_bg_color":"","slide_template_v7":"","inline_featured_image":false,"_monsterinsights_skip_tracking":false,"_monsterinsights_sitenote_active":false,"_monsterinsights_sitenote_note":"","_monsterinsights_sitenote_category":0},"product_brand":[],"product_cat":[90,259,504,540,285,419],"product_tag":[],"class_list":{"0":"post-414872","1":"product","2":"type-product","3":"status-publish","4":"has-post-thumbnail","6":"product_cat-altres","7":"product_cat-de-lensenyament","8":"product_cat-de-la-ensenanza","9":"product_cat-otros","10":"product_cat-pastoral-teologia","11":"product_cat-pastoral-teologia-1_espiritualidad","13":"first","14":"instock","15":"taxable","16":"shipping-taxable","17":"purchasable","18":"product-type-simple"},"acf":{"autor":"S\u00c1NCHEZ-HEREDERO, JOS\u00c9 RAM\u00d3N ROMO","codart":"842883993","libros-coleccion":"FUERA DE COLECCI\u00d3N","ediciones":"1","encuadernacion":"R\u00fastica","fecha_de_publicacion":"31\/03\/2023","novedad":"1","paginas":"152","subtitulo":"","orden":"0","portada":"0","idioma":"spa","editorial":[{"ID":6335,"post_author":"3","post_date":"2022-07-28 17:49:59","post_date_gmt":"2022-07-28 15:49:59","post_content":"","post_title":"PPC altres","post_excerpt":"","post_status":"publish","comment_status":"closed","ping_status":"closed","post_password":"","post_name":"ppc-altres","to_ping":"","pinged":"","post_modified":"2022-07-28 17:49:59","post_modified_gmt":"2022-07-28 15:49:59","post_content_filtered":"","post_parent":0,"guid":"http:\/\/dev.claret.cat\/editorial\/ppc-altres\/","menu_order":0,"post_type":"editorial","post_mime_type":"","comment_count":"0","filter":"raw"}],"autores-libros":[{"ID":414894,"post_author":"3","post_date":"2023-03-31 16:35:14","post_date_gmt":"2023-03-31 14:35:14","post_content":"","post_title":"JOS\u00c9 RAM\u00d3N ROMO S\u00c1NCHEZ-HEREDERO","post_excerpt":"","post_status":"publish","comment_status":"closed","ping_status":"closed","post_password":"","post_name":"jose-ramon-romo-sanchez-heredero","to_ping":"","pinged":"","post_modified":"2023-03-31 16:35:14","post_modified_gmt":"2023-03-31 14:35:14","post_content_filtered":"","post_parent":0,"guid":"https:\/\/www.claret.cat\/autor\/jose-ramon-romo-sanchez-heredero\/","menu_order":0,"post_type":"autor","post_mime_type":"","comment_count":"0","filter":"raw"}]},"aioseo_notices":[],"_links":{"self":[{"href":"https:\/\/www.claret.cat\/es\/wp-json\/wp\/v2\/product\/414872","targetHints":{"allow":["GET"]}}],"collection":[{"href":"https:\/\/www.claret.cat\/es\/wp-json\/wp\/v2\/product"}],"about":[{"href":"https:\/\/www.claret.cat\/es\/wp-json\/wp\/v2\/types\/product"}],"wp:featuredmedia":[{"embeddable":true,"href":"https:\/\/www.claret.cat\/es\/wp-json\/wp\/v2\/media\/414873"}],"wp:attachment":[{"href":"https:\/\/www.claret.cat\/es\/wp-json\/wp\/v2\/media?parent=414872"}],"wp:term":[{"taxonomy":"product_brand","embeddable":true,"href":"https:\/\/www.claret.cat\/es\/wp-json\/wp\/v2\/product_brand?post=414872"},{"taxonomy":"product_cat","embeddable":true,"href":"https:\/\/www.claret.cat\/es\/wp-json\/wp\/v2\/product_cat?post=414872"},{"taxonomy":"product_tag","embeddable":true,"href":"https:\/\/www.claret.cat\/es\/wp-json\/wp\/v2\/product_tag?post=414872"}],"curies":[{"name":"wp","href":"https:\/\/api.w.org\/{rel}","templated":true}]}}