{"id":41490,"date":"2022-10-02T19:42:11","date_gmt":"2022-10-02T17:42:11","guid":{"rendered":"http:\/\/dev.claret.cat\/producte\/el-cocinero-del-alcyon-comisario-montalbano-32\/"},"modified":"2023-10-06T10:10:16","modified_gmt":"2023-10-06T08:10:16","slug":"el-cocinero-del-alcyon-comisario-montalbano-32-9788418681011","status":"publish","type":"product","link":"https:\/\/www.claret.cat\/es\/libro\/el-cocinero-del-alcyon-comisario-montalbano-32-9788418681011\/","title":{"rendered":"EL COCINERO DEL ALCYON (COMISARIO MONTALBANO 32)"},"content":{"rendered":"<p>La pen\u00faltima entrega de la serie sobre el comisario Montalbano. Una vertiginosa trama de esp\u00edas. Un operario aparece ahorcado en plena obra y Montalbano y sus hombres acuden a escena. El responsable del despido del desdichado y due\u00f1o del astillero en  quiebra es Giovanni Trincanato, un tipo de negocios turbios sin escr\u00fapulos ni modales que no tarda en despertar la antipat\u00eda del  comisario. Paralelamente, en el puerto de Vigat\u00e0 aparece el Alcyon, una  lujosa goleta con apenas pasajeros y muy pocos tripulantes, pero con una popa capacitada para recibir un helic\u00f3ptero. Cuando Montalbano descubre el lazo existente entre el capataz del  astillero y la misteriosa embarcaci\u00f3n, crecen sus sospechas de que algo turbio se est\u00e1 orquestando. La cr\u00edtica ha dicho&#8230;<br \/>\u00abSi no te gusta Andrea Camilleri es que todav\u00eda no lo has le\u00eddo. Cada  novela de esta serie adictiva y completamente m\u00e1gica, ambientada en  Sicilia y protagonizada por un detective \u00fanico en el g\u00e9nero, te refresca  la mente como una inyecci\u00f3n de ox\u00edgeno puro. Luminosa, colorida,  rebosante de ingenio&#8230; limpia y fresca como el marisco mediterr\u00e1neo:  una novela, en suma, transportadora. Larga vida a Camilleri, larga vida a Montalbano.\u00bb<br \/>A.J. Finn, autor del superventas The Woman in the Window \u00abEl idiosincr\u00e1sico Montalbano es absolutamente enternecedor.\u00bb<br \/>The New York Times \u00abCamilleri es un autor tan h\u00e1bil y encantador como su protagonista detective.\u00bb<br \/>The Washington Post Book World \u00abCamilleri te muestra todo el pasado de un personaje con medio p\u00e1rrafo.\u00bb<br \/>The New Yorker \u00abLas novelas de Andrea Camilleri respiran los paisajes, el sentido del  humor y la desesperaci\u00f3n que flota en el aire de Sicilia.\u00bb<br \/>Donna Leon \u00abCamilleri consigue sostener el relato con su dominio del oficio, con su  siciliano tan preciso, con su natural iron\u00eda que por momentos arranca carcajadas, con la fuerza de unos personajes que trascienden el papel y, como viejos amigos, persisten junto a los lectores.\u00bb<br \/>Giornale di Sicilia \u00abEl cocinero del Alcyon supone el summum de la concepci\u00f3n del giallo de Camilleri. Lejos del polar franc\u00e9s o del noir  estadounidense, el escritor siciliano opta por la iron\u00eda. Para Camilleri, la diversi\u00f3n es fundamental, pero no significa desapego. Sus novelas siempre te hacen re\u00edr, pero tambi\u00e9n alimentan el  pensamiento cr\u00edtico.\u00bb<br \/>Il Manifesto \u00abEs un Montalbano buen\u00edsimo, y no hay nada m\u00e1s que a\u00f1adir.\u00bb<br \/>Corriere de la Sera<\/p>\n","protected":false},"excerpt":{"rendered":"<p>CAMILLERI, ANDREA<\/p>\n","protected":false},"featured_media":375987,"template":"","meta":{"_acf_changed":false,"om_disable_all_campaigns":false,"rs_blank_template":"","rs_page_bg_color":"","slide_template_v7":"","inline_featured_image":false,"_monsterinsights_skip_tracking":false,"_monsterinsights_sitenote_active":false,"_monsterinsights_sitenote_note":"","_monsterinsights_sitenote_category":0},"product_brand":[],"product_cat":[357],"product_tag":[],"class_list":{"0":"post-41490","1":"product","2":"type-product","3":"status-publish","4":"has-post-thumbnail","6":"product_cat-novela-contemporanea","8":"first","9":"instock","10":"taxable","11":"shipping-taxable","12":"purchasable","13":"product-type-simple"},"acf":{"autor":"CAMILLERI, ANDREA","codart":"841868101","libros-coleccion":"FORA DE COL.LECCI\u00d3","ediciones":"1","encuadernacion":"R\u00fastica","fecha_de_publicacion":"01\/03\/2022","novedad":"1","paginas":"238","subtitulo":"","orden":"0","portada":"0","idioma":"spa","editorial":[{"ID":6352,"post_author":"3","post_date":"2022-07-28 17:50:21","post_date_gmt":"2022-07-28 15:50:21","post_content":"","post_title":"SALAMANDRA","post_excerpt":"","post_status":"publish","comment_status":"closed","ping_status":"closed","post_password":"","post_name":"salamandra","to_ping":"","pinged":"","post_modified":"2022-07-28 17:50:21","post_modified_gmt":"2022-07-28 15:50:21","post_content_filtered":"","post_parent":0,"guid":"http:\/\/dev.claret.cat\/editorial\/salamandra\/","menu_order":0,"post_type":"editorial","post_mime_type":"","comment_count":"0","filter":"raw"}],"autores-libros":[{"ID":150203,"post_author":"3","post_date":"2022-10-14 14:31:04","post_date_gmt":"2022-10-14 12:31:04","post_content":"","post_title":"ANDREA CAMILLERI","post_excerpt":"","post_status":"publish","comment_status":"closed","ping_status":"closed","post_password":"","post_name":"andrea-camilleri","to_ping":"","pinged":"","post_modified":"2022-10-14 14:31:04","post_modified_gmt":"2022-10-14 12:31:04","post_content_filtered":"","post_parent":0,"guid":"http:\/\/dev.claret.cat\/autor\/andrea-camilleri\/","menu_order":0,"post_type":"autor","post_mime_type":"","comment_count":"0","filter":"raw"}]},"aioseo_notices":[],"_links":{"self":[{"href":"https:\/\/www.claret.cat\/es\/wp-json\/wp\/v2\/product\/41490","targetHints":{"allow":["GET"]}}],"collection":[{"href":"https:\/\/www.claret.cat\/es\/wp-json\/wp\/v2\/product"}],"about":[{"href":"https:\/\/www.claret.cat\/es\/wp-json\/wp\/v2\/types\/product"}],"wp:featuredmedia":[{"embeddable":true,"href":"https:\/\/www.claret.cat\/es\/wp-json\/wp\/v2\/media\/375987"}],"wp:attachment":[{"href":"https:\/\/www.claret.cat\/es\/wp-json\/wp\/v2\/media?parent=41490"}],"wp:term":[{"taxonomy":"product_brand","embeddable":true,"href":"https:\/\/www.claret.cat\/es\/wp-json\/wp\/v2\/product_brand?post=41490"},{"taxonomy":"product_cat","embeddable":true,"href":"https:\/\/www.claret.cat\/es\/wp-json\/wp\/v2\/product_cat?post=41490"},{"taxonomy":"product_tag","embeddable":true,"href":"https:\/\/www.claret.cat\/es\/wp-json\/wp\/v2\/product_tag?post=41490"}],"curies":[{"name":"wp","href":"https:\/\/api.w.org\/{rel}","templated":true}]}}