{"id":414987,"date":"2023-03-31T19:10:02","date_gmt":"2023-03-31T17:10:02","guid":{"rendered":"https:\/\/www.claret.cat\/llibre\/en-milo-escriu-un-conte-9788419253804\/"},"modified":"2024-11-20T18:50:21","modified_gmt":"2024-11-20T17:50:21","slug":"en-milo-escriu-un-conte-9788419253804","status":"publish","type":"product","link":"https:\/\/www.claret.cat\/es\/libro\/en-milo-escriu-un-conte-9788419253804\/","title":{"rendered":"EN MILO ESCRIU UN CONTE"},"content":{"rendered":"<p>En Milo vol un conte especial, un que sigui nom\u00e9s per a ell. \u00c9s per aix\u00f2 que decideix escriure&#8217;n un! Per\u00f2 t\u00e9 un problema: no sap per on comen\u00e7ar&#8230;<\/p>\n<p> Amb una mica d&#8217;ajuda, la hist\u00f2ria d&#8217;en Llop, el jove explorador, es converteix en una aventura incre\u00efble. El seu pare, la seva mare, la seva \u00e0via i els seus germanets l&#8217;ajuden a escriure-la, i aix\u00ed en Milo apr\u00e8n que el m\u00e9s divertit dels contes \u00e9s compartir-los!<\/p>\n","protected":false},"excerpt":{"rendered":"<p>JONES, NAOMI<\/p>\n","protected":false},"featured_media":472951,"template":"","meta":{"_acf_changed":false,"om_disable_all_campaigns":false,"rs_blank_template":"","rs_page_bg_color":"","slide_template_v7":"","inline_featured_image":false,"_monsterinsights_skip_tracking":false,"_monsterinsights_sitenote_active":false,"_monsterinsights_sitenote_note":"","_monsterinsights_sitenote_category":0},"product_brand":[],"product_cat":[131,361],"product_tag":[],"class_list":{"0":"post-414987","1":"product","2":"type-product","3":"status-publish","4":"has-post-thumbnail","6":"product_cat-contes-per-infants-0-6-anys","7":"product_cat-cuentos-para-ninos-0-6-anos","9":"first","10":"instock","11":"taxable","12":"shipping-taxable","13":"purchasable","14":"product-type-simple"},"acf":{"autor":"JONES, NAOMI","codart":"841925380","libros-coleccion":"CATALAN","ediciones":"1","encuadernacion":"Carton\u00e9","fecha_de_publicacion":"01\/04\/2023","novedad":"1","paginas":"40","subtitulo":"","orden":"0","portada":"0","idioma":"cat","editorial":[{"ID":148592,"post_author":"3","post_date":"2022-10-14 11:59:27","post_date_gmt":"2022-10-14 09:59:27","post_content":"","post_title":"NUBEOCHO","post_excerpt":"","post_status":"publish","comment_status":"closed","ping_status":"closed","post_password":"","post_name":"nubeocho","to_ping":"","pinged":"","post_modified":"2022-10-14 11:59:27","post_modified_gmt":"2022-10-14 09:59:27","post_content_filtered":"","post_parent":0,"guid":"http:\/\/dev.claret.cat\/editorial\/nubeocho\/","menu_order":0,"post_type":"editorial","post_mime_type":"","comment_count":"0","filter":"raw"}],"autores-libros":[{"ID":165626,"post_author":"3","post_date":"2022-10-14 17:56:40","post_date_gmt":"2022-10-14 15:56:40","post_content":"","post_title":"NAOMI JONES","post_excerpt":"","post_status":"publish","comment_status":"closed","ping_status":"closed","post_password":"","post_name":"naomi-jones","to_ping":"","pinged":"","post_modified":"2022-10-14 17:56:40","post_modified_gmt":"2022-10-14 15:56:40","post_content_filtered":"","post_parent":0,"guid":"http:\/\/dev.claret.cat\/autor\/naomi-jones\/","menu_order":0,"post_type":"autor","post_mime_type":"","comment_count":"0","filter":"raw"}]},"aioseo_notices":[],"_links":{"self":[{"href":"https:\/\/www.claret.cat\/es\/wp-json\/wp\/v2\/product\/414987","targetHints":{"allow":["GET"]}}],"collection":[{"href":"https:\/\/www.claret.cat\/es\/wp-json\/wp\/v2\/product"}],"about":[{"href":"https:\/\/www.claret.cat\/es\/wp-json\/wp\/v2\/types\/product"}],"wp:featuredmedia":[{"embeddable":true,"href":"https:\/\/www.claret.cat\/es\/wp-json\/wp\/v2\/media\/472951"}],"wp:attachment":[{"href":"https:\/\/www.claret.cat\/es\/wp-json\/wp\/v2\/media?parent=414987"}],"wp:term":[{"taxonomy":"product_brand","embeddable":true,"href":"https:\/\/www.claret.cat\/es\/wp-json\/wp\/v2\/product_brand?post=414987"},{"taxonomy":"product_cat","embeddable":true,"href":"https:\/\/www.claret.cat\/es\/wp-json\/wp\/v2\/product_cat?post=414987"},{"taxonomy":"product_tag","embeddable":true,"href":"https:\/\/www.claret.cat\/es\/wp-json\/wp\/v2\/product_tag?post=414987"}],"curies":[{"name":"wp","href":"https:\/\/api.w.org\/{rel}","templated":true}]}}