{"id":415012,"date":"2023-04-01T11:05:03","date_gmt":"2023-04-01T09:05:03","guid":{"rendered":"https:\/\/www.claret.cat\/llibre\/suenos-y-transformaciones-9788413640853\/"},"modified":"2024-04-03T05:33:22","modified_gmt":"2024-04-03T03:33:22","slug":"suenos-y-transformaciones-9788413640853","status":"publish","type":"product","link":"https:\/\/www.claret.cat\/es\/libro\/suenos-y-transformaciones-9788413640853\/","title":{"rendered":"SUE\u00d1OS Y TRANSFORMACIONES"},"content":{"rendered":"<p>Este volumen re\u00fane diversos encuentros con C. G. Jung que tuvieron lugar durante sus \u00faltimos a\u00f1os de vida. Interpelado en el c\u00edrculo de amigos y respondiendo a las preguntas de colegas y estudiantes, Jung expone \u00abpara fines did\u00e1cticos\u00bb, como \u00e9l mismo dir\u00e1, aspectos b\u00e1sicos de la Psicolog\u00eda Anal\u00edtica. Las nociones en torno a las que se organizan las sesiones son los sentimientos, la redenci\u00f3n, los nuevos s\u00edmbolos, las proyecciones y la sombra, en las jornadas de 1957 y 1959 en Winterthur; los sue\u00f1os y las transformaciones, la pr\u00e1ctica del an\u00e1lisis y la sombra de la Psicolog\u00eda Anal\u00edtica, en las jornadas de Z\u00farich de 1958.<\/p>\n<p> Pero, m\u00e1s all\u00e1 de esta finalidad did\u00e1ctica, la riqueza de los asuntos abordados en estas conversaciones da ocasi\u00f3n a Jung para exponer sus perplejidades mejor que sus certezas, su humildad cient\u00edfica antes que un conocimiento autosuficiente, una actitud m\u00e1s que un cuerpo de doctrina: \u00abCon la &#8221;hybris&#8221; del intelecto no se llega a ninguna parte. Tienen que aceptar que lo inconsciente aporta algo, y de ustedes depende que entiendan su lenguaje, el de lo inconsciente. No es el lenguaje que usan ustedes, es la l\u00f3gica de la naturaleza, la inteligencia de la naturaleza, la moralidad de la naturaleza, la que ha de ser traducida a formas humanas. La forma es lo que cuenta, y eso, ya ven, es la raz\u00f3n de la dignidad del hombre\u00bb.<\/p>\n","protected":false},"excerpt":{"rendered":"<p>JUNG, CARL GUSTAV<\/p>\n","protected":false},"featured_media":415013,"template":"","meta":{"_acf_changed":false,"om_disable_all_campaigns":false,"rs_blank_template":"","rs_page_bg_color":"","slide_template_v7":"","inline_featured_image":false,"_monsterinsights_skip_tracking":false,"_monsterinsights_sitenote_active":false,"_monsterinsights_sitenote_note":"","_monsterinsights_sitenote_category":0},"product_brand":[],"product_cat":[375,174,373,166,168,439],"product_tag":[],"class_list":{"0":"post-415012","1":"product","2":"type-product","3":"status-publish","4":"has-post-thumbnail","6":"product_cat-antropologia-filosofia-2_humanidades","7":"product_cat-antropologia","8":"product_cat-autores","9":"product_cat-autors-filosofia","10":"product_cat-teoria-del-coneixement","11":"product_cat-teoria-del-conocimiento","13":"first","14":"instock","15":"taxable","16":"shipping-taxable","17":"purchasable","18":"product-type-simple"},"acf":{"autor":"JUNG, CARL GUSTAV","codart":"841364085","libros-coleccion":"FORA DE COL.LECCI\u00d3","ediciones":"1","encuadernacion":"R\u00fastica","fecha_de_publicacion":"01\/09\/2022","novedad":"1","paginas":"136","subtitulo":"JORNADAS DE WINTERTHUR Y DE Z\u00daRICH","orden":"0","portada":"0","idioma":"spa","editorial":[{"ID":6237,"post_author":"3","post_date":"2022-07-28 17:47:53","post_date_gmt":"2022-07-28 15:47:53","post_content":"","post_title":"Editorial Trotta","post_excerpt":"","post_status":"publish","comment_status":"closed","ping_status":"closed","post_password":"","post_name":"editorial-trotta","to_ping":"","pinged":"","post_modified":"2022-07-28 17:47:53","post_modified_gmt":"2022-07-28 15:47:53","post_content_filtered":"","post_parent":0,"guid":"http:\/\/dev.claret.cat\/editorial\/editorial-trotta\/","menu_order":0,"post_type":"editorial","post_mime_type":"","comment_count":"0","filter":"raw"}],"autores-libros":[{"ID":152091,"post_author":"3","post_date":"2022-10-14 14:46:02","post_date_gmt":"2022-10-14 12:46:02","post_content":"","post_title":"CARL GUSTAV JUNG","post_excerpt":"","post_status":"publish","comment_status":"closed","ping_status":"closed","post_password":"","post_name":"carl-gustav-jung","to_ping":"","pinged":"","post_modified":"2022-10-14 14:46:02","post_modified_gmt":"2022-10-14 12:46:02","post_content_filtered":"","post_parent":0,"guid":"http:\/\/dev.claret.cat\/autor\/carl-gustav-jung\/","menu_order":0,"post_type":"autor","post_mime_type":"","comment_count":"0","filter":"raw"}]},"aioseo_notices":[],"_links":{"self":[{"href":"https:\/\/www.claret.cat\/es\/wp-json\/wp\/v2\/product\/415012","targetHints":{"allow":["GET"]}}],"collection":[{"href":"https:\/\/www.claret.cat\/es\/wp-json\/wp\/v2\/product"}],"about":[{"href":"https:\/\/www.claret.cat\/es\/wp-json\/wp\/v2\/types\/product"}],"wp:featuredmedia":[{"embeddable":true,"href":"https:\/\/www.claret.cat\/es\/wp-json\/wp\/v2\/media\/415013"}],"wp:attachment":[{"href":"https:\/\/www.claret.cat\/es\/wp-json\/wp\/v2\/media?parent=415012"}],"wp:term":[{"taxonomy":"product_brand","embeddable":true,"href":"https:\/\/www.claret.cat\/es\/wp-json\/wp\/v2\/product_brand?post=415012"},{"taxonomy":"product_cat","embeddable":true,"href":"https:\/\/www.claret.cat\/es\/wp-json\/wp\/v2\/product_cat?post=415012"},{"taxonomy":"product_tag","embeddable":true,"href":"https:\/\/www.claret.cat\/es\/wp-json\/wp\/v2\/product_tag?post=415012"}],"curies":[{"name":"wp","href":"https:\/\/api.w.org\/{rel}","templated":true}]}}