{"id":41502,"date":"2022-10-02T19:42:25","date_gmt":"2022-10-02T17:42:25","guid":{"rendered":"http:\/\/dev.claret.cat\/producte\/la-caverna\/"},"modified":"2023-10-06T10:05:35","modified_gmt":"2023-10-06T08:05:35","slug":"la-caverna-9788420460628","status":"publish","type":"product","link":"https:\/\/www.claret.cat\/es\/libro\/la-caverna-9788420460628\/","title":{"rendered":"LA CAVERNA"},"content":{"rendered":"<p>2022: A\u00d1O SARAMAGO<br \/>Un impresionante par\u00e1bola sobre el mundo actual y sobre el  verdadero significado del cambio \u00abQu\u00e9 extra\u00f1a escena describes y qu\u00e9 extra\u00f1os prisioneros. Son iguales a nosotros\u00bb. Plat\u00f3n, Rep\u00fablica, Libro VII Una peque\u00f1a alfarer\u00eda, un centro comercial gigantesco. Un mundo en  r\u00e1pido proceso de extinci\u00f3n, otro que crece y se multiplica como  un  juego de espejos donde no parece haber l\u00edmites para la ilusi\u00f3n enga\u00f1osa. La caverna habla de un modo de vivir que cada vez va siendo menos el nuestro. Todos los d\u00edas se extinguen especies animales y vegetales, todos los d\u00edas hay profesiones que se tornan in\u00fatiles, idiomas que dejan de tener personas que los hablen, tradiciones que pierden sentido, sentimientos que se convierten en sus contrarios. Una familia de alfareros comprende que ha dejado de serle necesaria al  mundo. Como una serpiente que muda de piel para poder crecer  en otra  que m\u00e1s adelante tambi\u00e9n se volver\u00e1 peque\u00f1a, el centro comercial parece decirle a la alfarer\u00eda: \u00abMuere, ya no necesito de ti\u00bb. Como es habitual en el conjunto de su obra, en esta novela Saramago  plasma su visi\u00f3n del mundo de hoy y de la sociedad humana tal como la vivimos. Y nos recuerda que no cambiaremos de vida si no cambiamos la vida. La cr\u00edtica ha dicho:<br \/>\u00abEn esta novela Saramago nos muestra c\u00f3mo liberarnos\u00bb.<br \/>The New York Times \u00abSaramago vuelve comprensible una realidad huidiza, con par\u00e1bolas sostenidas por la imaginaci\u00f3n, la compasi\u00f3n y la iron\u00eda\u00bb.<br \/>Comit\u00e9 Nobel \u00abUn hombre con una sensibilidad y una capacidad de ver y de entender que  est\u00e1n muy por encima de lo que en general vemos y entendemos los comunes mortales\u00bb.<br \/>H\u00e9ctor Abad Faciolince \u00abSaramago es un ejemplo, un estilo dign\u00edsimo de vida y literatura, que  demuestra la posibilidad de navegar a contracorriente [&#8230;].  Su palabra  tiene el valor de un anticongelante, de un remedio personal contra los vendavales de cinismo que nos envuelven\u00bb.<br \/>Luis Garc\u00eda Montero \u00abYo no s\u00e9, ni quiero saberlo, de d\u00f3nde ha sacado Saramago ese diab\u00f3lico  tono narrativo, duro y piadoso a un tiempo, [&#8230;] que le permite contar tan cerca del coraz\u00f3n y a la vez tan cerca de la historia\u00bb.<br \/>Luis Landero \u00abSaramago escribe novelas sobre los mitos para desmitificarlos, [&#8230;]  siempre para abordar la realidad que le rodea, para tratar de  los  problemas actuales que son de todos, y para que todo quede claro desde el principio\u00bb.<br \/>Rafael Conte, Babelia \u00abComo G\u00fcnter Grass o Cees Nooteboom, Saramago aspira a enlazar con un p\u00fablico que desborde l\u00edmites nacionales\u00bb.<br \/>El Pa\u00eds<\/p>\n","protected":false},"excerpt":{"rendered":"<p>SARAMAGO, JOS\u00c9<\/p>\n","protected":false},"featured_media":57769,"template":"","meta":{"_acf_changed":false,"om_disable_all_campaigns":false,"rs_blank_template":"","rs_page_bg_color":"","slide_template_v7":"","inline_featured_image":false,"_monsterinsights_skip_tracking":false,"_monsterinsights_sitenote_active":false,"_monsterinsights_sitenote_note":"","_monsterinsights_sitenote_category":0},"product_brand":[],"product_cat":[357],"product_tag":[],"class_list":{"0":"post-41502","1":"product","2":"type-product","3":"status-publish","4":"has-post-thumbnail","6":"product_cat-novela-contemporanea","8":"first","9":"instock","10":"taxable","11":"shipping-taxable","12":"purchasable","13":"product-type-simple"},"acf":{"autor":"SARAMAGO, JOS\u00c9","codart":"842046062","libros-coleccion":"FORA DE COL.LECCI\u00d3","ediciones":"1","encuadernacion":"R\u00fastica","fecha_de_publicacion":"01\/03\/2022","novedad":"1","paginas":"419","subtitulo":"","orden":"0","portada":"0","idioma":"spa","editorial":[{"ID":6118,"post_author":"3","post_date":"2022-07-28 17:45:17","post_date_gmt":"2022-07-28 15:45:17","post_content":"","post_title":"ALFAGUARA","post_excerpt":"","post_status":"publish","comment_status":"closed","ping_status":"closed","post_password":"","post_name":"alfaguara","to_ping":"","pinged":"","post_modified":"2022-07-28 17:45:17","post_modified_gmt":"2022-07-28 15:45:17","post_content_filtered":"","post_parent":0,"guid":"http:\/\/dev.claret.cat\/editorial\/alfaguara\/","menu_order":0,"post_type":"editorial","post_mime_type":"","comment_count":"0","filter":"raw"}],"autores-libros":[{"ID":5650,"post_author":"3","post_date":"2022-07-28 17:28:32","post_date_gmt":"2022-07-28 15:28:32","post_content":"","post_title":"JOSE SARAMAGO","post_excerpt":"","post_status":"publish","comment_status":"closed","ping_status":"closed","post_password":"","post_name":"jose-saramago","to_ping":"","pinged":"","post_modified":"2022-07-28 17:28:32","post_modified_gmt":"2022-07-28 15:28:32","post_content_filtered":"","post_parent":0,"guid":"http:\/\/dev.claret.cat\/autor\/jose-saramago\/","menu_order":0,"post_type":"autor","post_mime_type":"","comment_count":"0","filter":"raw"}]},"aioseo_notices":[],"_links":{"self":[{"href":"https:\/\/www.claret.cat\/es\/wp-json\/wp\/v2\/product\/41502","targetHints":{"allow":["GET"]}}],"collection":[{"href":"https:\/\/www.claret.cat\/es\/wp-json\/wp\/v2\/product"}],"about":[{"href":"https:\/\/www.claret.cat\/es\/wp-json\/wp\/v2\/types\/product"}],"wp:featuredmedia":[{"embeddable":true,"href":"https:\/\/www.claret.cat\/es\/wp-json\/wp\/v2\/media\/57769"}],"wp:attachment":[{"href":"https:\/\/www.claret.cat\/es\/wp-json\/wp\/v2\/media?parent=41502"}],"wp:term":[{"taxonomy":"product_brand","embeddable":true,"href":"https:\/\/www.claret.cat\/es\/wp-json\/wp\/v2\/product_brand?post=41502"},{"taxonomy":"product_cat","embeddable":true,"href":"https:\/\/www.claret.cat\/es\/wp-json\/wp\/v2\/product_cat?post=41502"},{"taxonomy":"product_tag","embeddable":true,"href":"https:\/\/www.claret.cat\/es\/wp-json\/wp\/v2\/product_tag?post=41502"}],"curies":[{"name":"wp","href":"https:\/\/api.w.org\/{rel}","templated":true}]}}