{"id":415020,"date":"2023-04-01T12:45:02","date_gmt":"2023-04-01T10:45:02","guid":{"rendered":"https:\/\/www.claret.cat\/llibre\/filosofiaficcion-9788412572605\/"},"modified":"2023-10-11T03:19:27","modified_gmt":"2023-10-11T01:19:27","slug":"filosofiaficcion-9788412572605","status":"publish","type":"product","link":"https:\/\/www.claret.cat\/es\/libro\/filosofiaficcion-9788412572605\/","title":{"rendered":"FILOSOF\u00cdA-FICCI\u00d3N"},"content":{"rendered":"<p>Los ensayos de la te\u00f3rica australiana Amy Ireland, reunidos en una  antolog\u00eda pionera: un viaje alucinante al \u00ablado oscuro\u00bb de la  tecnolog\u00eda, la Ciencia-Ficci\u00f3n y la filosof\u00eda.  La teor\u00eda-ficci\u00f3n, o \u00abfilosof\u00eda-ficci\u00f3n\u00bb, como se ha dado en llamar en  alguna ocasi\u00f3n, toma el desv\u00edo de las convenciones acad\u00e9micas  para adentrarse en el afuera proscrito, por los canales subterr\u00e1neos  de la ocultura. En este territorio se mueven los ensayos de la  australiana Amy Ireland, la sacerdotisa-c\u00edborg de Babalon que nos  ha deslumbrado con una obra poblada de IAs insurrectas, hechicer\u00eda  temporal, replicantes y agitaci\u00f3n xeno. El trabajo de Ireland bebe de  las vanguardias modernistas, del aceleracionismo y el ciberfeminismo,  el ocultismo y la cibern\u00e9tica, conspirando con el canon de la  literatura y el cine Sci-Fi (William Gibson y los hermanos Strugatski,  entre otros) y con el pensamiento extremo de autores como Sadie  Plant, Reza Negarestani o Bataille. Como una Madre de Abominaciones,  Ireland entreteje la historia oculta de las m\u00e1quinas para  mostrarnos un futuro turbador e inhumano, aunque no por ello  exento d<\/p>\n","protected":false},"excerpt":{"rendered":"<p>IRELAND, AMY<\/p>\n","protected":false},"featured_media":415021,"template":"","meta":{"_acf_changed":false,"om_disable_all_campaigns":false,"rs_blank_template":"","rs_page_bg_color":"","slide_template_v7":"","inline_featured_image":false,"_monsterinsights_skip_tracking":false,"_monsterinsights_sitenote_active":false,"_monsterinsights_sitenote_note":"","_monsterinsights_sitenote_category":0},"product_brand":[],"product_cat":[375,174,440,169,445,175],"product_tag":[],"class_list":{"0":"post-415020","1":"product","2":"type-product","3":"status-publish","4":"has-post-thumbnail","6":"product_cat-antropologia-filosofia-2_humanidades","7":"product_cat-antropologia","8":"product_cat-de-la-ciencia-filosofia-2_humanidades","9":"product_cat-de-la-ciencia","10":"product_cat-etica-filosofia-2_humanidades","11":"product_cat-etica","13":"first","14":"instock","15":"taxable","16":"shipping-taxable","17":"purchasable","18":"product-type-simple"},"acf":{"autor":"IRELAND, AMY","codart":"841257260","libros-coleccion":"FORA DE COL.LECCI\u00d3","ediciones":"1","encuadernacion":"R\u00fastica","fecha_de_publicacion":"01\/06\/2022","novedad":"1","paginas":"180","subtitulo":"INTELIGENCIA ARTIFICIAL, TECNOLOG\u00cdA OCULTA Y EL FIN DE LA HUMANIDAD","orden":"0","portada":"0","idioma":"spa","editorial":[{"ID":415429,"post_author":"3","post_date":"2023-04-02 22:32:58","post_date_gmt":"2023-04-02 20:32:58","post_content":"","post_title":"HOLOBIONTE","post_excerpt":"","post_status":"publish","comment_status":"closed","ping_status":"closed","post_password":"","post_name":"holobionte-406","to_ping":"","pinged":"","post_modified":"2023-04-02 22:32:58","post_modified_gmt":"2023-04-02 20:32:58","post_content_filtered":"","post_parent":0,"guid":"https:\/\/www.claret.cat\/editorial\/holobionte-406\/","menu_order":0,"post_type":"editorial","post_mime_type":"","comment_count":"0","filter":"raw"}],"autores-libros":[{"ID":415430,"post_author":"3","post_date":"2023-04-02 22:32:59","post_date_gmt":"2023-04-02 20:32:59","post_content":"","post_title":"AMY IRELAND","post_excerpt":"","post_status":"publish","comment_status":"closed","ping_status":"closed","post_password":"","post_name":"amy-ireland","to_ping":"","pinged":"","post_modified":"2023-04-02 22:32:59","post_modified_gmt":"2023-04-02 20:32:59","post_content_filtered":"","post_parent":0,"guid":"https:\/\/www.claret.cat\/autor\/amy-ireland\/","menu_order":0,"post_type":"autor","post_mime_type":"","comment_count":"0","filter":"raw"}]},"aioseo_notices":[],"_links":{"self":[{"href":"https:\/\/www.claret.cat\/es\/wp-json\/wp\/v2\/product\/415020","targetHints":{"allow":["GET"]}}],"collection":[{"href":"https:\/\/www.claret.cat\/es\/wp-json\/wp\/v2\/product"}],"about":[{"href":"https:\/\/www.claret.cat\/es\/wp-json\/wp\/v2\/types\/product"}],"wp:featuredmedia":[{"embeddable":true,"href":"https:\/\/www.claret.cat\/es\/wp-json\/wp\/v2\/media\/415021"}],"wp:attachment":[{"href":"https:\/\/www.claret.cat\/es\/wp-json\/wp\/v2\/media?parent=415020"}],"wp:term":[{"taxonomy":"product_brand","embeddable":true,"href":"https:\/\/www.claret.cat\/es\/wp-json\/wp\/v2\/product_brand?post=415020"},{"taxonomy":"product_cat","embeddable":true,"href":"https:\/\/www.claret.cat\/es\/wp-json\/wp\/v2\/product_cat?post=415020"},{"taxonomy":"product_tag","embeddable":true,"href":"https:\/\/www.claret.cat\/es\/wp-json\/wp\/v2\/product_tag?post=415020"}],"curies":[{"name":"wp","href":"https:\/\/api.w.org\/{rel}","templated":true}]}}