{"id":41520,"date":"2022-10-02T19:42:45","date_gmt":"2022-10-02T17:42:45","guid":{"rendered":"http:\/\/dev.claret.cat\/producte\/purgatorio\/"},"modified":"2023-10-06T10:11:09","modified_gmt":"2023-10-06T08:11:09","slug":"purgatorio-9788401028212","status":"publish","type":"product","link":"https:\/\/www.claret.cat\/es\/libro\/purgatorio-9788401028212\/","title":{"rendered":"PURGATORIO"},"content":{"rendered":"<p>\u00ab\u00bfNunca te has preguntado si lo que hicimos estuvo mal y si todav\u00eda estemos a tiempo de repararlo?\u00bb El extraordinario debut como novelista de Jon Sistiaga con una  impactante historia en torno a las heridas todav\u00eda abiertas del conflicto vasco. El pasado siempre est\u00e1 mucho m\u00e1s cerca de lo que creemos Hace treinta y cinco a\u00f1os, Imanol Azkarate fue secuestrado y ejecutado,  pero sus dos asesinos nunca fueron detenidos ni identificados. Uno de  ellos, Josu Etxebeste, conocido restaurador guipuzcoano, guard\u00f3 todas  las cartas y dibujos que hizo el secuestrado durante el cautiverio.  Ahora, ha decidido confesar su crimen y dar todo ese material a Alasne,  la hija de la v\u00edctima, y entregarse al comisario Ignacio S\u00e1nchez, el  polic\u00eda que investig\u00f3 el secuestro. Sin embargo, Josu solo confesar\u00e1 si  S\u00e1nchez reconoce a su vez que fue un despiadado torturador. Mientras  pugnan por conciliar su pasado armado con un presente sin rencor ni  violencia, los resortes durmientes de la Organizaci\u00f3n se movilizan.  Antiguos militantes que, como Etxebeste, nunca fueron detenidos y que no  tienen ninguna intenci\u00f3n de confesar y cambiar sus c\u00f3modas vidas en la  Euskadi del posconflicto tratar\u00e1n de detener ese acercamiento por todos los medios posibles. Purgatorio, la extraordinaria primera novela del periodista y  reportero de investigaci\u00f3n Jon Sistiaga, retrata un Pa\u00eds Vasco donde las  culpas no se entierran ni se esconden, sino que afloran y se reconocen.  Habla de una tierra sembrada de armas oxidadas en zulos abandonados, de  traiciones, lealtades y secretos atroces, de terroristas arrepentidos,  terroristas orgullosos y v\u00edctimas que no pueden cerrar su duelo. Purgatorio es tambi\u00e9n un tenso thriller que mantendr\u00e1 al lector  en vilo hasta la \u00faltima p\u00e1gina, pero es, sobre todo, ese lugar donde se debe reconocer el mal hecho y tratar de sanarse.<\/p>\n","protected":false},"excerpt":{"rendered":"<p>SISTIAGA, JON<\/p>\n","protected":false},"featured_media":57781,"template":"","meta":{"_acf_changed":false,"om_disable_all_campaigns":false,"rs_blank_template":"","rs_page_bg_color":"","slide_template_v7":"","inline_featured_image":false,"_monsterinsights_skip_tracking":false,"_monsterinsights_sitenote_active":false,"_monsterinsights_sitenote_note":"","_monsterinsights_sitenote_category":0},"product_brand":[],"product_cat":[357],"product_tag":[],"class_list":{"0":"post-41520","1":"product","2":"type-product","3":"status-publish","4":"has-post-thumbnail","6":"product_cat-novela-contemporanea","8":"first","9":"instock","10":"taxable","11":"shipping-taxable","12":"purchasable","13":"product-type-simple"},"acf":{"autor":"SISTIAGA, JON","codart":"840102821","libros-coleccion":"","ediciones":"1","encuadernacion":"R\u00fastica","fecha_de_publicacion":"01\/03\/2022","novedad":"1","paginas":"413","subtitulo":"","orden":"0","portada":"0","idioma":"spa","editorial":[{"ID":6332,"post_author":"3","post_date":"2022-07-28 17:49:55","post_date_gmt":"2022-07-28 15:49:55","post_content":"","post_title":"PLAZA JANES, S.A.","post_excerpt":"","post_status":"publish","comment_status":"closed","ping_status":"closed","post_password":"","post_name":"plaza-janes-s-a","to_ping":"","pinged":"","post_modified":"2022-07-28 17:49:55","post_modified_gmt":"2022-07-28 15:49:55","post_content_filtered":"","post_parent":0,"guid":"http:\/\/dev.claret.cat\/editorial\/plaza-janes-s-a\/","menu_order":0,"post_type":"editorial","post_mime_type":"","comment_count":"0","filter":"raw"}],"autores-libros":[{"ID":159744,"post_author":"3","post_date":"2022-10-14 15:47:22","post_date_gmt":"2022-10-14 13:47:22","post_content":"","post_title":"JON SISTIAGA","post_excerpt":"","post_status":"publish","comment_status":"closed","ping_status":"closed","post_password":"","post_name":"jon-sistiaga","to_ping":"","pinged":"","post_modified":"2022-10-14 15:47:22","post_modified_gmt":"2022-10-14 13:47:22","post_content_filtered":"","post_parent":0,"guid":"http:\/\/dev.claret.cat\/autor\/jon-sistiaga\/","menu_order":0,"post_type":"autor","post_mime_type":"","comment_count":"0","filter":"raw"}]},"aioseo_notices":[],"_links":{"self":[{"href":"https:\/\/www.claret.cat\/es\/wp-json\/wp\/v2\/product\/41520","targetHints":{"allow":["GET"]}}],"collection":[{"href":"https:\/\/www.claret.cat\/es\/wp-json\/wp\/v2\/product"}],"about":[{"href":"https:\/\/www.claret.cat\/es\/wp-json\/wp\/v2\/types\/product"}],"wp:featuredmedia":[{"embeddable":true,"href":"https:\/\/www.claret.cat\/es\/wp-json\/wp\/v2\/media\/57781"}],"wp:attachment":[{"href":"https:\/\/www.claret.cat\/es\/wp-json\/wp\/v2\/media?parent=41520"}],"wp:term":[{"taxonomy":"product_brand","embeddable":true,"href":"https:\/\/www.claret.cat\/es\/wp-json\/wp\/v2\/product_brand?post=41520"},{"taxonomy":"product_cat","embeddable":true,"href":"https:\/\/www.claret.cat\/es\/wp-json\/wp\/v2\/product_cat?post=41520"},{"taxonomy":"product_tag","embeddable":true,"href":"https:\/\/www.claret.cat\/es\/wp-json\/wp\/v2\/product_tag?post=41520"}],"curies":[{"name":"wp","href":"https:\/\/api.w.org\/{rel}","templated":true}]}}