{"id":415456,"date":"2023-04-03T12:55:13","date_gmt":"2023-04-03T10:55:13","guid":{"rendered":"https:\/\/www.claret.cat\/llibre\/turquia-9-9788408231271\/"},"modified":"2023-10-26T10:12:20","modified_gmt":"2023-10-26T08:12:20","slug":"turquia-9-9788408231271","status":"publish","type":"product","link":"https:\/\/www.claret.cat\/es\/libro\/turquia-9-9788408231271\/","title":{"rendered":"TURQU\u00cdA 9"},"content":{"rendered":"<p>Desde los meze y el marisco de la parte occidental hasta sus influencias culinarias de Oriente Medio en el remoto este, Turqu\u00eda es sin\u00f3nimo de gastronom\u00eda de lujo. La extraordinaria diversidad de sus paisajes, el contraste de la vigorosa estepa de Anatolia o los recovecos verdes de la costa del mar Negro dan la vida a cualquiera que los visite. Y no nos olvidemos la riqueza hist\u00f3rica que posee: desde la antigua ciudad portuaria de \u00c9feso, la c\u00fapula bizantina de Santa Sof\u00eda o el extenso palacio Topkapi hasta las rom\u00e1nticas y misteriosas ruinas licias en las playas de Mediterr\u00e1neo. Turqu\u00eda cuenta con muchas ruinas y monumentos de fama mundial que no dejan indiferente a nadie. Sin duda esta gu\u00eda ser\u00e1 una gran ayuda para dejarse seducir por este destino especial y disfrutar al m\u00e1ximo del viaje.<\/p>\n","protected":false},"excerpt":{"rendered":"<p>FALLON, STEVE \/ MAXWELL, VIRGINIA \/ STEWART, IAIN \/ LEE, JESSICA \/ ATKINSON, BR<\/p>\n","protected":false},"featured_media":415457,"template":"","meta":{"_acf_changed":false,"om_disable_all_campaigns":false,"rs_blank_template":"","rs_page_bg_color":"","slide_template_v7":"","inline_featured_image":false,"_monsterinsights_skip_tracking":false,"_monsterinsights_sitenote_active":false,"_monsterinsights_sitenote_note":"","_monsterinsights_sitenote_category":0},"product_brand":[],"product_cat":[557,107],"product_tag":[],"class_list":{"0":"post-415456","1":"product","2":"type-product","3":"status-publish","4":"has-post-thumbnail","6":"product_cat-guias-de-viaje","7":"product_cat-guies-de-viatge","9":"first","10":"instock","11":"taxable","12":"shipping-taxable","13":"purchasable","14":"product-type-simple"},"acf":{"autor":"FALLON, STEVE \/ MAXWELL, VIRGINIA \/ STEWART, IAIN \/ LEE, JESSICA \/ ATKINSON, BR","codart":"840823127","libros-coleccion":"FORA DE COL.LECCI\u00d3","ediciones":"1","encuadernacion":"R\u00fastica","fecha_de_publicacion":"01\/01\/2022","novedad":"1","paginas":"664","subtitulo":"","orden":"0","portada":"0","idioma":"spa","editorial":[{"ID":6233,"post_author":"3","post_date":"2022-07-28 17:47:48","post_date_gmt":"2022-07-28 15:47:48","post_content":"","post_title":"EDITORIAL PLANETA","post_excerpt":"","post_status":"publish","comment_status":"closed","ping_status":"closed","post_password":"","post_name":"editorial-planeta","to_ping":"","pinged":"","post_modified":"2022-07-28 17:47:48","post_modified_gmt":"2022-07-28 15:47:48","post_content_filtered":"","post_parent":0,"guid":"http:\/\/dev.claret.cat\/editorial\/editorial-planeta\/","menu_order":0,"post_type":"editorial","post_mime_type":"","comment_count":"0","filter":"raw"}],"autores-libros":[{"ID":157698,"post_author":"3","post_date":"2022-10-14 15:30:54","post_date_gmt":"2022-10-14 13:30:54","post_content":"","post_title":"IAIN STEWART","post_excerpt":"","post_status":"publish","comment_status":"closed","ping_status":"closed","post_password":"","post_name":"iain-stewart","to_ping":"","pinged":"","post_modified":"2022-10-14 15:30:54","post_modified_gmt":"2022-10-14 13:30:54","post_content_filtered":"","post_parent":0,"guid":"http:\/\/dev.claret.cat\/autor\/iain-stewart\/","menu_order":0,"post_type":"autor","post_mime_type":"","comment_count":"0","filter":"raw"},{"ID":169847,"post_author":"3","post_date":"2022-10-14 22:30:30","post_date_gmt":"2022-10-14 20:30:30","post_content":"","post_title":"STEVE FALLON","post_excerpt":"","post_status":"publish","comment_status":"closed","ping_status":"closed","post_password":"","post_name":"steve-fallon","to_ping":"","pinged":"","post_modified":"2022-10-14 22:30:30","post_modified_gmt":"2022-10-14 20:30:30","post_content_filtered":"","post_parent":0,"guid":"http:\/\/dev.claret.cat\/autor\/steve-fallon\/","menu_order":0,"post_type":"autor","post_mime_type":"","comment_count":"0","filter":"raw"},{"ID":159068,"post_author":"3","post_date":"2022-10-14 15:41:50","post_date_gmt":"2022-10-14 13:41:50","post_content":"","post_title":"JESSICA LEE","post_excerpt":"","post_status":"publish","comment_status":"closed","ping_status":"closed","post_password":"","post_name":"jessica-lee","to_ping":"","pinged":"","post_modified":"2022-10-14 15:41:50","post_modified_gmt":"2022-10-14 13:41:50","post_content_filtered":"","post_parent":0,"guid":"http:\/\/dev.claret.cat\/autor\/jessica-lee\/","menu_order":0,"post_type":"autor","post_mime_type":"","comment_count":"0","filter":"raw"},{"ID":171158,"post_author":"3","post_date":"2022-10-14 22:41:08","post_date_gmt":"2022-10-14 20:41:08","post_content":"","post_title":"VIRGINIA MAXWELL","post_excerpt":"","post_status":"publish","comment_status":"closed","ping_status":"closed","post_password":"","post_name":"virginia-maxwell","to_ping":"","pinged":"","post_modified":"2022-10-14 22:41:08","post_modified_gmt":"2022-10-14 20:41:08","post_content_filtered":"","post_parent":0,"guid":"http:\/\/dev.claret.cat\/autor\/virginia-maxwell\/","menu_order":0,"post_type":"autor","post_mime_type":"","comment_count":"0","filter":"raw"},{"ID":415455,"post_author":"3","post_date":"2023-04-03 12:55:08","post_date_gmt":"2023-04-03 10:55:08","post_content":"","post_title":"BR ATKINSON","post_excerpt":"","post_status":"publish","comment_status":"closed","ping_status":"closed","post_password":"","post_name":"br-atkinson","to_ping":"","pinged":"","post_modified":"2023-04-03 12:55:08","post_modified_gmt":"2023-04-03 10:55:08","post_content_filtered":"","post_parent":0,"guid":"https:\/\/www.claret.cat\/autor\/br-atkinson\/","menu_order":0,"post_type":"autor","post_mime_type":"","comment_count":"0","filter":"raw"}]},"aioseo_notices":[],"_links":{"self":[{"href":"https:\/\/www.claret.cat\/es\/wp-json\/wp\/v2\/product\/415456","targetHints":{"allow":["GET"]}}],"collection":[{"href":"https:\/\/www.claret.cat\/es\/wp-json\/wp\/v2\/product"}],"about":[{"href":"https:\/\/www.claret.cat\/es\/wp-json\/wp\/v2\/types\/product"}],"wp:featuredmedia":[{"embeddable":true,"href":"https:\/\/www.claret.cat\/es\/wp-json\/wp\/v2\/media\/415457"}],"wp:attachment":[{"href":"https:\/\/www.claret.cat\/es\/wp-json\/wp\/v2\/media?parent=415456"}],"wp:term":[{"taxonomy":"product_brand","embeddable":true,"href":"https:\/\/www.claret.cat\/es\/wp-json\/wp\/v2\/product_brand?post=415456"},{"taxonomy":"product_cat","embeddable":true,"href":"https:\/\/www.claret.cat\/es\/wp-json\/wp\/v2\/product_cat?post=415456"},{"taxonomy":"product_tag","embeddable":true,"href":"https:\/\/www.claret.cat\/es\/wp-json\/wp\/v2\/product_tag?post=415456"}],"curies":[{"name":"wp","href":"https:\/\/api.w.org\/{rel}","templated":true}]}}