{"id":415497,"date":"2023-04-03T17:54:23","date_gmt":"2023-04-03T15:54:23","guid":{"rendered":"https:\/\/www.claret.cat\/llibre\/si-la-memoria-no-ens-falla-9788418604317\/"},"modified":"2023-10-11T03:19:00","modified_gmt":"2023-10-11T01:19:00","slug":"si-la-memoria-no-ens-falla-9788418604317","status":"publish","type":"product","link":"https:\/\/www.claret.cat\/es\/libro\/si-la-memoria-no-ens-falla-9788418604317\/","title":{"rendered":"SI LA MEM\u00d2RIA NO ENS FALLA"},"content":{"rendered":"<p>Fruit de l&#8217;amistat que Monz\u00f3 i P\u00e0mies van iniciar als anys vuitanta. Han compartit copes i restaurants, llibres i pel.l\u00edcules, obsessions i compulsions. En una llarga entrevista de m\u00e9s de dotze hores, parlen de la fam\u00edlia i la infantesa, dels progres, de la Barcelona moderna, dels programes de r\u00e0dio on han col\u00b7laborat, de l&#8217;articulisme, de la llengua dels seus llibres i de laseva visi\u00f3 de la literatura.<\/p>\n","protected":false},"excerpt":{"rendered":"<p>MONZ\u00d3, QUIM \/ P\u00c0MIES, SERGI<\/p>\n","protected":false},"featured_media":415498,"template":"","meta":{"_acf_changed":false,"om_disable_all_campaigns":false,"rs_blank_template":"","rs_page_bg_color":"","slide_template_v7":"","inline_featured_image":false,"_monsterinsights_skip_tracking":false,"_monsterinsights_sitenote_active":false,"_monsterinsights_sitenote_note":"","_monsterinsights_sitenote_category":0},"product_brand":[],"product_cat":[549,99],"product_tag":[],"class_list":{"0":"post-415497","1":"product","2":"type-product","3":"status-publish","4":"has-post-thumbnail","6":"product_cat-biografias","7":"product_cat-biografies","9":"first","10":"instock","11":"taxable","12":"shipping-taxable","13":"purchasable","14":"product-type-simple"},"acf":{"autor":"MONZ\u00d3, QUIM \/ P\u00c0MIES, SERGI","codart":"841860431","libros-coleccion":"","ediciones":"1","encuadernacion":"R\u00fastica","fecha_de_publicacion":"01\/03\/2023","novedad":"1","paginas":"199","subtitulo":"UNA CONVERSA CONDU\u00cfDA I EDITADA PER JULI\u00c0 GUILLAMON","orden":"0","portada":"0","idioma":"cat","editorial":[{"ID":148380,"post_author":"3","post_date":"2022-10-14 11:57:47","post_date_gmt":"2022-10-14 09:57:47","post_content":"","post_title":"LA VANGUARDIA","post_excerpt":"","post_status":"publish","comment_status":"closed","ping_status":"closed","post_password":"","post_name":"la-vanguardia","to_ping":"","pinged":"","post_modified":"2022-10-14 11:57:47","post_modified_gmt":"2022-10-14 09:57:47","post_content_filtered":"","post_parent":0,"guid":"http:\/\/dev.claret.cat\/editorial\/la-vanguardia\/","menu_order":0,"post_type":"editorial","post_mime_type":"","comment_count":"0","filter":"raw"}],"autores-libros":[{"ID":169319,"post_author":"3","post_date":"2022-10-14 22:26:16","post_date_gmt":"2022-10-14 20:26:16","post_content":"","post_title":"SERGI P\u00c0MIES","post_excerpt":"","post_status":"publish","comment_status":"closed","ping_status":"closed","post_password":"","post_name":"sergi-pamies","to_ping":"","pinged":"","post_modified":"2022-10-14 22:26:16","post_modified_gmt":"2022-10-14 20:26:16","post_content_filtered":"","post_parent":0,"guid":"http:\/\/dev.claret.cat\/autor\/sergi-pamies\/","menu_order":0,"post_type":"autor","post_mime_type":"","comment_count":"0","filter":"raw"},{"ID":403772,"post_author":"3","post_date":"2023-02-27 07:55:07","post_date_gmt":"2023-02-27 06:55:07","post_content":"","post_title":"QUIM MONZ\u00d3","post_excerpt":"","post_status":"publish","comment_status":"closed","ping_status":"closed","post_password":"","post_name":"quim-monzo","to_ping":"","pinged":"","post_modified":"2023-02-27 07:55:07","post_modified_gmt":"2023-02-27 06:55:07","post_content_filtered":"","post_parent":0,"guid":"https:\/\/www.claret.cat\/autor\/quim-monzo\/","menu_order":0,"post_type":"autor","post_mime_type":"","comment_count":"0","filter":"raw"}]},"aioseo_notices":[],"_links":{"self":[{"href":"https:\/\/www.claret.cat\/es\/wp-json\/wp\/v2\/product\/415497","targetHints":{"allow":["GET"]}}],"collection":[{"href":"https:\/\/www.claret.cat\/es\/wp-json\/wp\/v2\/product"}],"about":[{"href":"https:\/\/www.claret.cat\/es\/wp-json\/wp\/v2\/types\/product"}],"wp:featuredmedia":[{"embeddable":true,"href":"https:\/\/www.claret.cat\/es\/wp-json\/wp\/v2\/media\/415498"}],"wp:attachment":[{"href":"https:\/\/www.claret.cat\/es\/wp-json\/wp\/v2\/media?parent=415497"}],"wp:term":[{"taxonomy":"product_brand","embeddable":true,"href":"https:\/\/www.claret.cat\/es\/wp-json\/wp\/v2\/product_brand?post=415497"},{"taxonomy":"product_cat","embeddable":true,"href":"https:\/\/www.claret.cat\/es\/wp-json\/wp\/v2\/product_cat?post=415497"},{"taxonomy":"product_tag","embeddable":true,"href":"https:\/\/www.claret.cat\/es\/wp-json\/wp\/v2\/product_tag?post=415497"}],"curies":[{"name":"wp","href":"https:\/\/api.w.org\/{rel}","templated":true}]}}