{"id":415533,"date":"2023-04-03T18:00:44","date_gmt":"2023-04-03T16:00:44","guid":{"rendered":"https:\/\/www.claret.cat\/llibre\/estilos-de-jardin-9788419499370\/"},"modified":"2023-10-11T03:18:43","modified_gmt":"2023-10-11T01:18:43","slug":"estilos-de-jardin-9788419499370","status":"publish","type":"product","link":"https:\/\/www.claret.cat\/es\/libro\/estilos-de-jardin-9788419499370\/","title":{"rendered":"ESTILOS DE JARD\u00cdN"},"content":{"rendered":"<p>* Elija a partir de una enorme cantidad de emocionantes ideas para crear su propio para\u00edso al aire libre.<br \/> * Profusamente ilustrado con m\u00e1s de seiscientas im\u00e1genes de la galardonada fot\u00f3grafa Marianne Majerus, acompa\u00f1adas de esclarecedores textos de la arquitecta paisajista Heidi Howcroft, en este libro conocer\u00e1 las posibilidades de cada tipo de jard\u00edn, desde los peque\u00f1os y complicados espacios urbanos hasta los amplios jardines rurales. <br \/> * Con cap\u00edtulos sobre el dise\u00f1o de jardines formales, informales y campestres, adem\u00e1s de secciones dedicadas a la inspiraci\u00f3n que puede encontrar a trav\u00e9s de los viajes, el arte y la adopci\u00f3n de una mentalidad innovadora.<\/p>\n<p> Todo tiene cabida en el siempre cambiante mundo del dise\u00f1o de jardines, tanto si se inspira en el pasado como si mira hacia el futuro. La b\u00fasqueda del estilo que mejor se adapte a su espacio exterior puede resultar un tanto abrumadora, y todo el mundo, incluso los profesionales, necesita ayuda para sacar lo mejor de una zona abierta.<\/p>\n<p> Este es un imponderable recurso para propietarios y dise\u00f1adores de jardines de todo el mundo.<\/p>\n","protected":false},"excerpt":{"rendered":"<p>HOWCROFT, HEIDI \/ MAJERUS, MARIANNE<\/p>\n","protected":false},"featured_media":415534,"template":"","meta":{"_acf_changed":false,"om_disable_all_campaigns":false,"rs_blank_template":"","rs_page_bg_color":"","slide_template_v7":"","inline_featured_image":false,"_monsterinsights_skip_tracking":false,"_monsterinsights_sitenote_active":false,"_monsterinsights_sitenote_note":"","_monsterinsights_sitenote_category":0},"product_brand":[],"product_cat":[90,540,105,555],"product_tag":[],"class_list":{"0":"post-415533","1":"product","2":"type-product","3":"status-publish","4":"has-post-thumbnail","6":"product_cat-altres","7":"product_cat-otros","8":"product_cat-regal","9":"product_cat-regalo","11":"first","12":"instock","13":"taxable","14":"shipping-taxable","15":"purchasable","16":"product-type-simple"},"acf":{"autor":"HOWCROFT, HEIDI \/ MAJERUS, MARIANNE","codart":"841949937","libros-coleccion":"FORA DE COL.LECCI\u00d3","ediciones":"1","encuadernacion":"Carton\u00e9","fecha_de_publicacion":"01\/03\/2023","novedad":"1","paginas":"320","subtitulo":"IDEAS PARA DISE\u00d1AR Y CREAR UN PARA\u00cdSO EN EL EXTERIOR","orden":"0","portada":"0","idioma":"spa","editorial":[{"ID":147554,"post_author":"3","post_date":"2022-10-14 11:51:27","post_date_gmt":"2022-10-14 09:51:27","post_content":"","post_title":"BLUME (Naturart)","post_excerpt":"","post_status":"publish","comment_status":"closed","ping_status":"closed","post_password":"","post_name":"blume-naturart","to_ping":"","pinged":"","post_modified":"2022-10-14 11:51:27","post_modified_gmt":"2022-10-14 09:51:27","post_content_filtered":"","post_parent":0,"guid":"http:\/\/dev.claret.cat\/editorial\/blume-naturart\/","menu_order":0,"post_type":"editorial","post_mime_type":"","comment_count":"0","filter":"raw"}],"autores-libros":[{"ID":415531,"post_author":"3","post_date":"2023-04-03 18:00:38","post_date_gmt":"2023-04-03 16:00:38","post_content":"","post_title":"HEIDI HOWCROFT","post_excerpt":"","post_status":"publish","comment_status":"closed","ping_status":"closed","post_password":"","post_name":"heidi-howcroft","to_ping":"","pinged":"","post_modified":"2023-04-03 18:00:38","post_modified_gmt":"2023-04-03 16:00:38","post_content_filtered":"","post_parent":0,"guid":"https:\/\/www.claret.cat\/autor\/heidi-howcroft\/","menu_order":0,"post_type":"autor","post_mime_type":"","comment_count":"0","filter":"raw"},{"ID":415532,"post_author":"3","post_date":"2023-04-03 18:00:41","post_date_gmt":"2023-04-03 16:00:41","post_content":"","post_title":"MARIANNE MAJERUS","post_excerpt":"","post_status":"publish","comment_status":"closed","ping_status":"closed","post_password":"","post_name":"marianne-majerus","to_ping":"","pinged":"","post_modified":"2023-04-03 18:00:41","post_modified_gmt":"2023-04-03 16:00:41","post_content_filtered":"","post_parent":0,"guid":"https:\/\/www.claret.cat\/autor\/marianne-majerus\/","menu_order":0,"post_type":"autor","post_mime_type":"","comment_count":"0","filter":"raw"}]},"aioseo_notices":[],"_links":{"self":[{"href":"https:\/\/www.claret.cat\/es\/wp-json\/wp\/v2\/product\/415533","targetHints":{"allow":["GET"]}}],"collection":[{"href":"https:\/\/www.claret.cat\/es\/wp-json\/wp\/v2\/product"}],"about":[{"href":"https:\/\/www.claret.cat\/es\/wp-json\/wp\/v2\/types\/product"}],"wp:featuredmedia":[{"embeddable":true,"href":"https:\/\/www.claret.cat\/es\/wp-json\/wp\/v2\/media\/415534"}],"wp:attachment":[{"href":"https:\/\/www.claret.cat\/es\/wp-json\/wp\/v2\/media?parent=415533"}],"wp:term":[{"taxonomy":"product_brand","embeddable":true,"href":"https:\/\/www.claret.cat\/es\/wp-json\/wp\/v2\/product_brand?post=415533"},{"taxonomy":"product_cat","embeddable":true,"href":"https:\/\/www.claret.cat\/es\/wp-json\/wp\/v2\/product_cat?post=415533"},{"taxonomy":"product_tag","embeddable":true,"href":"https:\/\/www.claret.cat\/es\/wp-json\/wp\/v2\/product_tag?post=415533"}],"curies":[{"name":"wp","href":"https:\/\/api.w.org\/{rel}","templated":true}]}}