{"id":415596,"date":"2023-04-04T11:55:03","date_gmt":"2023-04-04T09:55:03","guid":{"rendered":"https:\/\/www.claret.cat\/llibre\/gracia-de-cristo-9788412690705\/"},"modified":"2023-10-30T16:52:13","modified_gmt":"2023-10-30T15:52:13","slug":"gracia-de-cristo-9788412690705","status":"publish","type":"product","link":"https:\/\/www.claret.cat\/es\/libro\/gracia-de-cristo-9788412690705\/","title":{"rendered":"GRACIA DE CRISTO"},"content":{"rendered":"<p>Los Evangelios dicen de Cristo que se entristece, que llora, \u00a1incluso que se enfurece y se indigna!, pero no llegan a decir nunca que sonr\u00eda. Es como si hubiera asumido todas las expresiones humanas salvo la risa, lo cual ha hecho pensar prolijamente a los te\u00f3logos: \u00bfc\u00f3mo es posible que Cristo, perfecto hombre, no haga algo tan espec\u00edficamente humano como (son)re\u00edrse? \u00bfNo es ya eso una broma? G.K. Chesterton terci\u00f3 en este debate afirmando que Dios hab\u00eda ocultado su alegr\u00eda al hombre porque era algo demasiado grande para mostr\u00e1rselo. En Gracia de Cristo, Enrique Garc\u00eda-M\u00e1iquez, que es chestertoniano para todo salvo para esto, contradice al maestro y sostiene, primero, que basta una lectura atenta de los Evangelios para imaginar las (son)risas de Jes\u00fas y, segundo, que \u00c9ste no s\u00f3lo re\u00eda sino que fue, adem\u00e1s, l\u00f3gicamente, el perfecto humorista: no dej\u00f3 ni uno de los g\u00e9neros sin cultivar, ni siquiera los humores marr\u00f3n y negro. El autor glosa en este ensayo los momentos m\u00e1s luminosos, \u00a1los m\u00e1s desternillantes tambi\u00e9n!, de la vida de Cristo y nos muestra que los Evangelios pueden leerse como la mejor comedia jam\u00e1s escrita: qu\u00e9 existencia tan graciosa, la de Jes\u00fas, y qu\u00e9 final tan insuperablemente feliz.<\/p>\n","protected":false},"excerpt":{"rendered":"<p>GARC\u00cdA-M\u00c1IQUEZ, ENRIQUE<\/p>\n","protected":false},"featured_media":415597,"template":"","meta":{"_acf_changed":false,"om_disable_all_campaigns":false,"rs_blank_template":"","rs_page_bg_color":"","slide_template_v7":"","inline_featured_image":false,"_monsterinsights_skip_tracking":false,"_monsterinsights_sitenote_active":false,"_monsterinsights_sitenote_note":"","_monsterinsights_sitenote_category":0},"product_brand":[],"product_cat":[234,487],"product_tag":[],"class_list":{"0":"post-415596","1":"product","2":"type-product","3":"status-publish","4":"has-post-thumbnail","6":"product_cat-cristocentrica","7":"product_cat-cristocentrica-espiritualidad-1_espiritualidad","9":"first","10":"instock","11":"taxable","12":"shipping-taxable","13":"purchasable","14":"product-type-simple"},"acf":{"autor":"GARC\u00cdA-M\u00c1IQUEZ, ENRIQUE","codart":"841269070","libros-coleccion":"","ediciones":"1","encuadernacion":"R\u00fastica","fecha_de_publicacion":"04\/04\/2023","novedad":"1","paginas":"248","subtitulo":"","orden":"0","portada":"0","idioma":"spa","autores-libros":[{"ID":155163,"post_author":"3","post_date":"2022-10-14 15:10:40","post_date_gmt":"2022-10-14 13:10:40","post_content":"","post_title":"ENRIQUE GARC\u00cdA-M\u00c1IQUEZ","post_excerpt":"","post_status":"publish","comment_status":"closed","ping_status":"closed","post_password":"","post_name":"enrique-garcia-maiquez","to_ping":"","pinged":"","post_modified":"2022-10-14 15:10:40","post_modified_gmt":"2022-10-14 13:10:40","post_content_filtered":"","post_parent":0,"guid":"http:\/\/dev.claret.cat\/autor\/enrique-garcia-maiquez\/","menu_order":0,"post_type":"autor","post_mime_type":"","comment_count":"0","filter":"raw"}],"editorial":[{"ID":415613,"post_author":"3","post_date":"2023-04-04 12:40:35","post_date_gmt":"2023-04-04 10:40:35","post_content":"","post_title":"MON\u00d3CULO, EDICIONES","post_excerpt":"","post_status":"publish","comment_status":"closed","ping_status":"closed","post_password":"","post_name":"monoculo-ediciones-7","to_ping":"","pinged":"","post_modified":"2023-04-04 12:40:35","post_modified_gmt":"2023-04-04 10:40:35","post_content_filtered":"","post_parent":0,"guid":"https:\/\/www.claret.cat\/editorial\/monoculo-ediciones-7\/","menu_order":0,"post_type":"editorial","post_mime_type":"","comment_count":"0","filter":"raw"}]},"aioseo_notices":[],"_links":{"self":[{"href":"https:\/\/www.claret.cat\/es\/wp-json\/wp\/v2\/product\/415596","targetHints":{"allow":["GET"]}}],"collection":[{"href":"https:\/\/www.claret.cat\/es\/wp-json\/wp\/v2\/product"}],"about":[{"href":"https:\/\/www.claret.cat\/es\/wp-json\/wp\/v2\/types\/product"}],"wp:featuredmedia":[{"embeddable":true,"href":"https:\/\/www.claret.cat\/es\/wp-json\/wp\/v2\/media\/415597"}],"wp:attachment":[{"href":"https:\/\/www.claret.cat\/es\/wp-json\/wp\/v2\/media?parent=415596"}],"wp:term":[{"taxonomy":"product_brand","embeddable":true,"href":"https:\/\/www.claret.cat\/es\/wp-json\/wp\/v2\/product_brand?post=415596"},{"taxonomy":"product_cat","embeddable":true,"href":"https:\/\/www.claret.cat\/es\/wp-json\/wp\/v2\/product_cat?post=415596"},{"taxonomy":"product_tag","embeddable":true,"href":"https:\/\/www.claret.cat\/es\/wp-json\/wp\/v2\/product_tag?post=415596"}],"curies":[{"name":"wp","href":"https:\/\/api.w.org\/{rel}","templated":true}]}}