{"id":415686,"date":"2023-04-04T16:40:17","date_gmt":"2023-04-04T14:40:17","guid":{"rendered":"https:\/\/www.claret.cat\/llibre\/haikyu-no-0145-catala-9788411407465\/"},"modified":"2023-10-11T03:17:15","modified_gmt":"2023-10-11T01:17:15","slug":"haikyu-no-0145-catala-9788411407465","status":"publish","type":"product","link":"https:\/\/www.claret.cat\/es\/libro\/haikyu-no-0145-catala-9788411407465\/","title":{"rendered":"HAIKY\u00db!! N\u00ba 01\/45 (CATAL\u00c0)"},"content":{"rendered":"<p>Puc saltar!! Al Sh\u00f4y\u00f4 Hinata el fascina el voleibol. Malgrat aix\u00f2, al seu primer i \u00faltim partit oficial de l&#8217;escola mitjana, pateix una severa derrota a mans de la jove promesa Tobio Kageyama, a qui han batejat com el \u201crei de la pista\u201d. Aix\u00ed doncs, el Hinata jura venjar-se&#8217;n i truca a la porta de l&#8221;escola superior Karasuno per a aconseguir-ho!<\/p>\n","protected":false},"excerpt":{"rendered":"<p>FURUDATE, HARUICHI<\/p>\n","protected":false},"featured_media":415687,"template":"","meta":{"_acf_changed":false,"om_disable_all_campaigns":false,"rs_blank_template":"","rs_page_bg_color":"","slide_template_v7":"","inline_featured_image":false,"_monsterinsights_skip_tracking":false,"_monsterinsights_sitenote_active":false,"_monsterinsights_sitenote_note":"","_monsterinsights_sitenote_category":0},"product_brand":[],"product_cat":[133,364,134,363],"product_tag":[],"class_list":{"0":"post-415686","1":"product","2":"type-product","3":"status-publish","4":"has-post-thumbnail","6":"product_cat-lectures-per-adolescents-12-18-anys","7":"product_cat-comics-infantil-3_infantil-juvenil-spa","8":"product_cat-comics","9":"product_cat-lecturas-por-adolescentes-12-18-anos","11":"first","12":"instock","13":"taxable","14":"shipping-taxable","15":"purchasable","16":"product-type-simple"},"acf":{"autor":"FURUDATE, HARUICHI","codart":"841140746","libros-coleccion":"","ediciones":"1","encuadernacion":"R\u00fastica","fecha_de_publicacion":"01\/04\/2023","novedad":"1","paginas":"192","subtitulo":"","orden":"0","portada":"0","idioma":"cat","editorial":[{"ID":148674,"post_author":"3","post_date":"2022-10-14 12:00:06","post_date_gmt":"2022-10-14 10:00:06","post_content":"","post_title":"Planeta C\u00f3mic","post_excerpt":"","post_status":"publish","comment_status":"closed","ping_status":"closed","post_password":"","post_name":"planeta-comic","to_ping":"","pinged":"","post_modified":"2022-10-14 12:00:06","post_modified_gmt":"2022-10-14 10:00:06","post_content_filtered":"","post_parent":0,"guid":"http:\/\/dev.claret.cat\/editorial\/planeta-comic\/","menu_order":0,"post_type":"editorial","post_mime_type":"","comment_count":"0","filter":"raw"}],"autores-libros":[{"ID":380403,"post_author":"3","post_date":"2023-02-02 13:05:50","post_date_gmt":"2023-02-02 12:05:50","post_content":"","post_title":"HARUICHI FURUDATE","post_excerpt":"","post_status":"publish","comment_status":"closed","ping_status":"closed","post_password":"","post_name":"haruichi-furudate","to_ping":"","pinged":"","post_modified":"2023-02-02 13:05:50","post_modified_gmt":"2023-02-02 12:05:50","post_content_filtered":"","post_parent":0,"guid":"https:\/\/www.claret.cat\/autor\/haruichi-furudate\/","menu_order":0,"post_type":"autor","post_mime_type":"","comment_count":"0","filter":"raw"}]},"aioseo_notices":[],"_links":{"self":[{"href":"https:\/\/www.claret.cat\/es\/wp-json\/wp\/v2\/product\/415686","targetHints":{"allow":["GET"]}}],"collection":[{"href":"https:\/\/www.claret.cat\/es\/wp-json\/wp\/v2\/product"}],"about":[{"href":"https:\/\/www.claret.cat\/es\/wp-json\/wp\/v2\/types\/product"}],"wp:featuredmedia":[{"embeddable":true,"href":"https:\/\/www.claret.cat\/es\/wp-json\/wp\/v2\/media\/415687"}],"wp:attachment":[{"href":"https:\/\/www.claret.cat\/es\/wp-json\/wp\/v2\/media?parent=415686"}],"wp:term":[{"taxonomy":"product_brand","embeddable":true,"href":"https:\/\/www.claret.cat\/es\/wp-json\/wp\/v2\/product_brand?post=415686"},{"taxonomy":"product_cat","embeddable":true,"href":"https:\/\/www.claret.cat\/es\/wp-json\/wp\/v2\/product_cat?post=415686"},{"taxonomy":"product_tag","embeddable":true,"href":"https:\/\/www.claret.cat\/es\/wp-json\/wp\/v2\/product_tag?post=415686"}],"curies":[{"name":"wp","href":"https:\/\/api.w.org\/{rel}","templated":true}]}}