{"id":415695,"date":"2023-04-04T16:45:25","date_gmt":"2023-04-04T14:45:25","guid":{"rendered":"https:\/\/www.claret.cat\/llibre\/la-fragilitat-del-mon-9788411072809\/"},"modified":"2023-11-29T11:00:06","modified_gmt":"2023-11-29T10:00:06","slug":"la-fragilitat-del-mon-9788411072809","status":"publish","type":"product","link":"https:\/\/www.claret.cat\/es\/libro\/la-fragilitat-del-mon-9788411072809\/","title":{"rendered":"LA FRAGILITAT DEL M\u00d3N"},"content":{"rendered":"<p>Potser ha arribat el moment d&#8217;aturar-se i aprendre a veure de nou el m\u00f3n. O el que queda d&#8217;ell i d&#8217;una realitat que es dissol davant dels nostres ulls, dominats com estem per l&#8217;imperi de la t\u00e8cnica, sempre \u00e0vids de novetats, sotmesos a una pressa constant, plens d&#8217;informaci\u00f3 per\u00f2 mancats de saviesa&#8230; Enfront dels discursos salvadors i l&#8217;arrog\u00e0ncia dels dogmatismes, filos\u00f2fics o religiosos, Joan-Carles M\u00e8lich ens proposa en aquest assaig una obertura decidida a la complexitat i l&#8217;ambival\u00e8ncia del m\u00f3n, tamb\u00e9 als seus aspectes foscos i dolorosos. Perqu\u00e8 cal que ens afanyem a rescatar un sentit, fr\u00e0gil i precari, per\u00f2 no menys compassiu i cordial, davant del desvaliment de la nostra naturalesa i l&#8217;hostilitat del temps present.<\/p>\n","protected":false},"excerpt":{"rendered":"<p>M\u00c8LICH, JOAN-CARLES<\/p>\n","protected":false},"featured_media":415696,"template":"","meta":{"_acf_changed":false,"om_disable_all_campaigns":false,"rs_blank_template":"","rs_page_bg_color":"","slide_template_v7":"","inline_featured_image":false,"_monsterinsights_skip_tracking":false,"_monsterinsights_sitenote_active":false,"_monsterinsights_sitenote_note":"","_monsterinsights_sitenote_category":0},"product_brand":[],"product_cat":[373,166],"product_tag":[],"class_list":{"0":"post-415695","1":"product","2":"type-product","3":"status-publish","4":"has-post-thumbnail","6":"product_cat-autores","7":"product_cat-autors-filosofia","9":"first","10":"instock","11":"taxable","12":"shipping-taxable","13":"purchasable","14":"product-type-simple"},"acf":{"autor":"M\u00c8LICH, JOAN-CARLES","codart":"841107280","libros-coleccion":"Ull de Vidre","ediciones":"1","encuadernacion":"R\u00fastica","fecha_de_publicacion":"01\/04\/2023","novedad":"1","paginas":"240","subtitulo":"ASSAIG SOBRE UN TEMPS PRECARI","orden":"0","portada":"0","idioma":"cat","editorial":[{"ID":148518,"post_author":"3","post_date":"2022-10-14 11:58:52","post_date_gmt":"2022-10-14 09:58:52","post_content":"","post_title":"Maxi-Tusquets","post_excerpt":"","post_status":"publish","comment_status":"closed","ping_status":"closed","post_password":"","post_name":"maxi-tusquets","to_ping":"","pinged":"","post_modified":"2022-10-14 11:58:52","post_modified_gmt":"2022-10-14 09:58:52","post_content_filtered":"","post_parent":0,"guid":"http:\/\/dev.claret.cat\/editorial\/maxi-tusquets\/","menu_order":0,"post_type":"editorial","post_mime_type":"","comment_count":"0","filter":"raw"}],"autores-libros":[{"ID":159462,"post_author":"3","post_date":"2022-10-14 15:45:02","post_date_gmt":"2022-10-14 13:45:02","post_content":"","post_title":"JOAN-CARLES M\u00c8LICH","post_excerpt":"","post_status":"publish","comment_status":"closed","ping_status":"closed","post_password":"","post_name":"joan-carles-melich","to_ping":"","pinged":"","post_modified":"2022-10-14 15:45:02","post_modified_gmt":"2022-10-14 13:45:02","post_content_filtered":"","post_parent":0,"guid":"http:\/\/dev.claret.cat\/autor\/joan-carles-melich\/","menu_order":0,"post_type":"autor","post_mime_type":"","comment_count":"0","filter":"raw"}]},"aioseo_notices":[],"_links":{"self":[{"href":"https:\/\/www.claret.cat\/es\/wp-json\/wp\/v2\/product\/415695","targetHints":{"allow":["GET"]}}],"collection":[{"href":"https:\/\/www.claret.cat\/es\/wp-json\/wp\/v2\/product"}],"about":[{"href":"https:\/\/www.claret.cat\/es\/wp-json\/wp\/v2\/types\/product"}],"wp:featuredmedia":[{"embeddable":true,"href":"https:\/\/www.claret.cat\/es\/wp-json\/wp\/v2\/media\/415696"}],"wp:attachment":[{"href":"https:\/\/www.claret.cat\/es\/wp-json\/wp\/v2\/media?parent=415695"}],"wp:term":[{"taxonomy":"product_brand","embeddable":true,"href":"https:\/\/www.claret.cat\/es\/wp-json\/wp\/v2\/product_brand?post=415695"},{"taxonomy":"product_cat","embeddable":true,"href":"https:\/\/www.claret.cat\/es\/wp-json\/wp\/v2\/product_cat?post=415695"},{"taxonomy":"product_tag","embeddable":true,"href":"https:\/\/www.claret.cat\/es\/wp-json\/wp\/v2\/product_tag?post=415695"}],"curies":[{"name":"wp","href":"https:\/\/api.w.org\/{rel}","templated":true}]}}