{"id":415731,"date":"2023-04-04T17:20:14","date_gmt":"2023-04-04T15:20:14","guid":{"rendered":"https:\/\/www.claret.cat\/llibre\/exi-como-ser-youtuber-9788408253754\/"},"modified":"2023-10-11T03:16:47","modified_gmt":"2023-10-11T01:16:47","slug":"exi-como-ser-youtuber-9788408253754","status":"publish","type":"product","link":"https:\/\/www.claret.cat\/es\/libro\/exi-como-ser-youtuber-9788408253754\/","title":{"rendered":"EXI. C\u00d3MO SER YOUTUBER"},"content":{"rendered":"<p>EXI es hoy uno de los influencers m\u00e1s conocidos en Espa\u00f1a y Latinoam\u00e9rica.<br \/> Sus v\u00eddeos y posts son vistos por miles de personas cada d\u00eda.<br \/> Pero esto no fue siempre as\u00ed.<br \/> Hace muy pocos a\u00f1os, Exi era un adolescente m\u00e1s.<br \/> Un chico que no encontraba la motivaci\u00f3n en el instituto.<br \/> Que no sab\u00eda qu\u00e9 quer\u00eda ser de mayor, porque ese trabajo todav\u00eda no exist\u00eda.\u00a0<br \/> Que so\u00f1aba con triunfar en YouTube, y que sus v\u00eddeos llegaran a personas de todo el mundo.<br \/> Esta es la historia de c\u00f3mo ese sue\u00f1o se hizo realidad.<br \/> De los gameplays de sus inicios hasta pasar a los vlogs.<br \/> De sus cambios de ciudad, de casa.<br \/> De toda la gente que fue conociendo por el camino.<br \/> De c\u00f3mo sigui\u00f3 trabajando porque quer\u00eda demostrar que aquello no era un hobby pasajero.<br \/> Que aquello era su vida.<br \/> Y que iba a conseguirlo.<br \/> Conoce la historia m\u00e1s personal e inspiradora de EXI.<\/p>\n","protected":false},"excerpt":{"rendered":"<p>EXI<\/p>\n","protected":false},"featured_media":415732,"template":"","meta":{"_acf_changed":false,"om_disable_all_campaigns":false,"rs_blank_template":"","rs_page_bg_color":"","slide_template_v7":"","inline_featured_image":false,"_monsterinsights_skip_tracking":false,"_monsterinsights_sitenote_active":false,"_monsterinsights_sitenote_note":"","_monsterinsights_sitenote_category":0},"product_brand":[],"product_cat":[133,364,134,116,565,363],"product_tag":[],"class_list":{"0":"post-415731","1":"product","2":"type-product","3":"status-publish","4":"has-post-thumbnail","6":"product_cat-lectures-per-adolescents-12-18-anys","7":"product_cat-comics-infantil-3_infantil-juvenil-spa","8":"product_cat-comics","9":"product_cat-influencers","10":"product_cat-influencers-3_infantil-juvenil-spa-spa","11":"product_cat-lecturas-por-adolescentes-12-18-anos","13":"first","14":"instock","15":"taxable","16":"shipping-taxable","17":"purchasable","18":"product-type-simple"},"acf":{"autor":"EXI","codart":"840825375","libros-coleccion":"FORA DE COL.LECCI\u00d3","ediciones":"1","encuadernacion":"Carton\u00e9","fecha_de_publicacion":"01\/04\/2023","novedad":"1","paginas":"64","subtitulo":"","orden":"0","portada":"0","idioma":"spa","editorial":[{"ID":6233,"post_author":"3","post_date":"2022-07-28 17:47:48","post_date_gmt":"2022-07-28 15:47:48","post_content":"","post_title":"EDITORIAL PLANETA","post_excerpt":"","post_status":"publish","comment_status":"closed","ping_status":"closed","post_password":"","post_name":"editorial-planeta","to_ping":"","pinged":"","post_modified":"2022-07-28 17:47:48","post_modified_gmt":"2022-07-28 15:47:48","post_content_filtered":"","post_parent":0,"guid":"http:\/\/dev.claret.cat\/editorial\/editorial-planeta\/","menu_order":0,"post_type":"editorial","post_mime_type":"","comment_count":"0","filter":"raw"}],"autores-libros":[{"ID":155576,"post_author":"3","post_date":"2022-10-14 15:13:56","post_date_gmt":"2022-10-14 13:13:56","post_content":"","post_title":"EXI","post_excerpt":"","post_status":"publish","comment_status":"closed","ping_status":"closed","post_password":"","post_name":"exi","to_ping":"","pinged":"","post_modified":"2022-10-14 15:13:56","post_modified_gmt":"2022-10-14 13:13:56","post_content_filtered":"","post_parent":0,"guid":"http:\/\/dev.claret.cat\/autor\/exi\/","menu_order":0,"post_type":"autor","post_mime_type":"","comment_count":"0","filter":"raw"}]},"aioseo_notices":[],"_links":{"self":[{"href":"https:\/\/www.claret.cat\/es\/wp-json\/wp\/v2\/product\/415731","targetHints":{"allow":["GET"]}}],"collection":[{"href":"https:\/\/www.claret.cat\/es\/wp-json\/wp\/v2\/product"}],"about":[{"href":"https:\/\/www.claret.cat\/es\/wp-json\/wp\/v2\/types\/product"}],"wp:featuredmedia":[{"embeddable":true,"href":"https:\/\/www.claret.cat\/es\/wp-json\/wp\/v2\/media\/415732"}],"wp:attachment":[{"href":"https:\/\/www.claret.cat\/es\/wp-json\/wp\/v2\/media?parent=415731"}],"wp:term":[{"taxonomy":"product_brand","embeddable":true,"href":"https:\/\/www.claret.cat\/es\/wp-json\/wp\/v2\/product_brand?post=415731"},{"taxonomy":"product_cat","embeddable":true,"href":"https:\/\/www.claret.cat\/es\/wp-json\/wp\/v2\/product_cat?post=415731"},{"taxonomy":"product_tag","embeddable":true,"href":"https:\/\/www.claret.cat\/es\/wp-json\/wp\/v2\/product_tag?post=415731"}],"curies":[{"name":"wp","href":"https:\/\/api.w.org\/{rel}","templated":true}]}}