{"id":415755,"date":"2023-04-04T18:35:50","date_gmt":"2023-04-04T16:35:50","guid":{"rendered":"https:\/\/www.claret.cat\/llibre\/plantas-medicinales-y-curativas-9788467712575\/"},"modified":"2023-10-11T03:16:35","modified_gmt":"2023-10-11T01:16:35","slug":"plantas-medicinales-y-curativas-9788467712575","status":"publish","type":"product","link":"https:\/\/www.claret.cat\/es\/libro\/plantas-medicinales-y-curativas-9788467712575\/","title":{"rendered":"PLANTAS MEDICINALES Y CURATIVAS"},"content":{"rendered":"<p>Esta obra describe una gran variedad de plantas medicinales y curativas, muchas de las cuales proporcionan valiosos principios activos que son aprovechados por la industria farmac\u00e9utica. Un volumen, con numerosas y detalladas ilustraciones, que ofrece una gran cantidad de, adem\u00e1s de una interesante introducci\u00f3n con la historia, evoluci\u00f3n y clasificaci\u00f3n de las distintas plantas.<\/p>\n","protected":false},"excerpt":{"rendered":"<p>SUSAETA, EQUIPO<\/p>\n","protected":false},"featured_media":415756,"template":"","meta":{"_acf_changed":false,"om_disable_all_campaigns":false,"rs_blank_template":"","rs_page_bg_color":"","slide_template_v7":"","inline_featured_image":false,"_monsterinsights_skip_tracking":false,"_monsterinsights_sitenote_active":false,"_monsterinsights_sitenote_note":"","_monsterinsights_sitenote_category":0},"product_brand":[],"product_cat":[105,555],"product_tag":[],"class_list":{"0":"post-415755","1":"product","2":"type-product","3":"status-publish","4":"has-post-thumbnail","6":"product_cat-regal","7":"product_cat-regalo","9":"first","10":"instock","11":"taxable","12":"shipping-taxable","13":"purchasable","14":"product-type-simple"},"acf":{"autor":"SUSAETA, EQUIPO","codart":"846771257","libros-coleccion":"Atlas Ilustrado","ediciones":"1","encuadernacion":"Carton\u00e9","fecha_de_publicacion":"01\/04\/2011","novedad":"1","paginas":"285","subtitulo":"","orden":"0","portada":"0","idioma":"spa","editorial":[{"ID":148846,"post_author":"3","post_date":"2022-10-14 12:01:27","post_date_gmt":"2022-10-14 10:01:27","post_content":"","post_title":"SUSAETA EDICIONES","post_excerpt":"","post_status":"publish","comment_status":"closed","ping_status":"closed","post_password":"","post_name":"susaeta-ediciones","to_ping":"","pinged":"","post_modified":"2022-10-14 12:01:27","post_modified_gmt":"2022-10-14 10:01:27","post_content_filtered":"","post_parent":0,"guid":"http:\/\/dev.claret.cat\/editorial\/susaeta-ediciones\/","menu_order":0,"post_type":"editorial","post_mime_type":"","comment_count":"0","filter":"raw"}],"autores-libros":[{"ID":155235,"post_author":"3","post_date":"2022-10-14 15:11:13","post_date_gmt":"2022-10-14 13:11:13","post_content":"","post_title":"EQUIPO SUSAETA","post_excerpt":"","post_status":"publish","comment_status":"closed","ping_status":"closed","post_password":"","post_name":"equipo-susaeta","to_ping":"","pinged":"","post_modified":"2022-10-14 15:11:13","post_modified_gmt":"2022-10-14 13:11:13","post_content_filtered":"","post_parent":0,"guid":"http:\/\/dev.claret.cat\/autor\/equipo-susaeta\/","menu_order":0,"post_type":"autor","post_mime_type":"","comment_count":"0","filter":"raw"}]},"aioseo_notices":[],"_links":{"self":[{"href":"https:\/\/www.claret.cat\/es\/wp-json\/wp\/v2\/product\/415755","targetHints":{"allow":["GET"]}}],"collection":[{"href":"https:\/\/www.claret.cat\/es\/wp-json\/wp\/v2\/product"}],"about":[{"href":"https:\/\/www.claret.cat\/es\/wp-json\/wp\/v2\/types\/product"}],"wp:featuredmedia":[{"embeddable":true,"href":"https:\/\/www.claret.cat\/es\/wp-json\/wp\/v2\/media\/415756"}],"wp:attachment":[{"href":"https:\/\/www.claret.cat\/es\/wp-json\/wp\/v2\/media?parent=415755"}],"wp:term":[{"taxonomy":"product_brand","embeddable":true,"href":"https:\/\/www.claret.cat\/es\/wp-json\/wp\/v2\/product_brand?post=415755"},{"taxonomy":"product_cat","embeddable":true,"href":"https:\/\/www.claret.cat\/es\/wp-json\/wp\/v2\/product_cat?post=415755"},{"taxonomy":"product_tag","embeddable":true,"href":"https:\/\/www.claret.cat\/es\/wp-json\/wp\/v2\/product_tag?post=415755"}],"curies":[{"name":"wp","href":"https:\/\/api.w.org\/{rel}","templated":true}]}}