{"id":415816,"date":"2023-04-04T19:25:31","date_gmt":"2023-04-04T17:25:31","guid":{"rendered":"https:\/\/www.claret.cat\/llibre\/licores-y-cocteles-9788467726398\/"},"modified":"2023-10-11T03:16:04","modified_gmt":"2023-10-11T01:16:04","slug":"licores-y-cocteles-9788467726398","status":"publish","type":"product","link":"https:\/\/www.claret.cat\/es\/libro\/licores-y-cocteles-9788467726398\/","title":{"rendered":"LICORES Y C\u00d3CTELES"},"content":{"rendered":"<p>Solo hay una forma de beber, con moderaci\u00f3n, pero hay muchas maneras de disfrutar de una bebida. En este libro le mostramos algunas de ellas. Con cada c\u00f3ctel, junto a sus ingredientes, modo de prepararlo y presentaci\u00f3n, se incluye la recomendaci\u00f3n de una pel\u00edcula y una melod\u00eda para ver y escuchar disfrutando del c\u00f3ctel.<\/p>\n","protected":false},"excerpt":{"rendered":"<p>MONTORO, JORGE<\/p>\n","protected":false},"featured_media":415817,"template":"","meta":{"_acf_changed":false,"om_disable_all_campaigns":false,"rs_blank_template":"","rs_page_bg_color":"","slide_template_v7":"","inline_featured_image":false,"_monsterinsights_skip_tracking":false,"_monsterinsights_sitenote_active":false,"_monsterinsights_sitenote_note":"","_monsterinsights_sitenote_category":0},"product_brand":[],"product_cat":[553,103],"product_tag":[],"class_list":{"0":"post-415816","1":"product","2":"type-product","3":"status-publish","4":"has-post-thumbnail","6":"product_cat-cocina","7":"product_cat-cuina","9":"first","10":"instock","11":"taxable","12":"shipping-taxable","13":"purchasable","14":"product-type-simple"},"acf":{"autor":"MONTORO, JORGE","codart":"846772639","libros-coleccion":"Atlas Ilustrado","ediciones":"1","encuadernacion":"Carton\u00e9","fecha_de_publicacion":"01\/10\/2013","novedad":"1","paginas":"253","subtitulo":"","orden":"0","portada":"0","idioma":"spa","editorial":[{"ID":148846,"post_author":"3","post_date":"2022-10-14 12:01:27","post_date_gmt":"2022-10-14 10:01:27","post_content":"","post_title":"SUSAETA EDICIONES","post_excerpt":"","post_status":"publish","comment_status":"closed","ping_status":"closed","post_password":"","post_name":"susaeta-ediciones","to_ping":"","pinged":"","post_modified":"2022-10-14 12:01:27","post_modified_gmt":"2022-10-14 10:01:27","post_content_filtered":"","post_parent":0,"guid":"http:\/\/dev.claret.cat\/editorial\/susaeta-ediciones\/","menu_order":0,"post_type":"editorial","post_mime_type":"","comment_count":"0","filter":"raw"}],"autores-libros":[{"ID":160094,"post_author":"3","post_date":"2022-10-14 15:50:15","post_date_gmt":"2022-10-14 13:50:15","post_content":"","post_title":"JORGE MONTORO","post_excerpt":"","post_status":"publish","comment_status":"closed","ping_status":"closed","post_password":"","post_name":"jorge-montoro","to_ping":"","pinged":"","post_modified":"2022-10-14 15:50:15","post_modified_gmt":"2022-10-14 13:50:15","post_content_filtered":"","post_parent":0,"guid":"http:\/\/dev.claret.cat\/autor\/jorge-montoro\/","menu_order":0,"post_type":"autor","post_mime_type":"","comment_count":"0","filter":"raw"}]},"aioseo_notices":[],"_links":{"self":[{"href":"https:\/\/www.claret.cat\/es\/wp-json\/wp\/v2\/product\/415816","targetHints":{"allow":["GET"]}}],"collection":[{"href":"https:\/\/www.claret.cat\/es\/wp-json\/wp\/v2\/product"}],"about":[{"href":"https:\/\/www.claret.cat\/es\/wp-json\/wp\/v2\/types\/product"}],"wp:featuredmedia":[{"embeddable":true,"href":"https:\/\/www.claret.cat\/es\/wp-json\/wp\/v2\/media\/415817"}],"wp:attachment":[{"href":"https:\/\/www.claret.cat\/es\/wp-json\/wp\/v2\/media?parent=415816"}],"wp:term":[{"taxonomy":"product_brand","embeddable":true,"href":"https:\/\/www.claret.cat\/es\/wp-json\/wp\/v2\/product_brand?post=415816"},{"taxonomy":"product_cat","embeddable":true,"href":"https:\/\/www.claret.cat\/es\/wp-json\/wp\/v2\/product_cat?post=415816"},{"taxonomy":"product_tag","embeddable":true,"href":"https:\/\/www.claret.cat\/es\/wp-json\/wp\/v2\/product_tag?post=415816"}],"curies":[{"name":"wp","href":"https:\/\/api.w.org\/{rel}","templated":true}]}}