{"id":415964,"date":"2023-04-05T18:05:45","date_gmt":"2023-04-05T16:05:45","guid":{"rendered":"https:\/\/www.claret.cat\/llibre\/mi-primer-libro-de-cocina-japonesa-9788419466433\/"},"modified":"2023-10-11T03:14:25","modified_gmt":"2023-10-11T01:14:25","slug":"mi-primer-libro-de-cocina-japonesa-9788419466433","status":"publish","type":"product","link":"https:\/\/www.claret.cat\/es\/libro\/mi-primer-libro-de-cocina-japonesa-9788419466433\/","title":{"rendered":"MI PRIMER LIBRO DE COCINA JAPONESA"},"content":{"rendered":"<p>Todo el sabor de Jap\u00f3n en un libro.<br \/> He aqu\u00ed el libro de referencia para iniciarte en la extraordinaria cocina japonesa y descubrir sus ingredientes esenciales, sus t\u00e9cnicas b\u00e1sicas y sus platos m\u00e1s emblem\u00e1ticos. La crujiente tempura, el sashimi fresco, sabrosas recetas de soba, udon y ramen\u2026: con este volumen aprender\u00e1s a preparar todos los cl\u00e1sicos de la gastronom\u00eda nipona y obtendr\u00e1s unos resultados deliciosos, que har\u00e1n de una receta sencilla algo realmente especial.<\/p>\n","protected":false},"excerpt":{"rendered":"<p>NISHIMURA, AYA \/ LINDER, LISA<\/p>\n","protected":false},"featured_media":415965,"template":"","meta":{"_acf_changed":false,"om_disable_all_campaigns":false,"rs_blank_template":"","rs_page_bg_color":"","slide_template_v7":"","inline_featured_image":false,"_monsterinsights_skip_tracking":false,"_monsterinsights_sitenote_active":false,"_monsterinsights_sitenote_note":"","_monsterinsights_sitenote_category":0},"product_brand":[],"product_cat":[553,103],"product_tag":[],"class_list":{"0":"post-415964","1":"product","2":"type-product","3":"status-publish","4":"has-post-thumbnail","6":"product_cat-cocina","7":"product_cat-cuina","9":"first","10":"instock","11":"taxable","12":"shipping-taxable","13":"purchasable","14":"product-type-simple"},"acf":{"autor":"NISHIMURA, AYA \/ LINDER, LISA","codart":"841946643","libros-coleccion":"Gastronom\u00eda","ediciones":"1","encuadernacion":"Carton\u00e9","fecha_de_publicacion":"01\/04\/2023","novedad":"1","paginas":"218","subtitulo":"","orden":"0","portada":"0","idioma":"spa","editorial":[{"ID":148476,"post_author":"3","post_date":"2022-10-14 11:58:32","post_date_gmt":"2022-10-14 09:58:32","post_content":"","post_title":"Lunwerg Editores","post_excerpt":"","post_status":"publish","comment_status":"closed","ping_status":"closed","post_password":"","post_name":"lunwerg-editores","to_ping":"","pinged":"","post_modified":"2022-10-14 11:58:32","post_modified_gmt":"2022-10-14 09:58:32","post_content_filtered":"","post_parent":0,"guid":"http:\/\/dev.claret.cat\/editorial\/lunwerg-editores\/","menu_order":0,"post_type":"editorial","post_mime_type":"","comment_count":"0","filter":"raw"}],"autores-libros":[{"ID":162258,"post_author":"3","post_date":"2022-10-14 17:29:35","post_date_gmt":"2022-10-14 15:29:35","post_content":"","post_title":"LISA LINDER","post_excerpt":"","post_status":"publish","comment_status":"closed","ping_status":"closed","post_password":"","post_name":"lisa-linder","to_ping":"","pinged":"","post_modified":"2022-10-14 17:29:35","post_modified_gmt":"2022-10-14 15:29:35","post_content_filtered":"","post_parent":0,"guid":"http:\/\/dev.claret.cat\/autor\/lisa-linder\/","menu_order":0,"post_type":"autor","post_mime_type":"","comment_count":"0","filter":"raw"},{"ID":151284,"post_author":"3","post_date":"2022-10-14 14:39:40","post_date_gmt":"2022-10-14 12:39:40","post_content":"","post_title":"AYA NISHIMURA","post_excerpt":"","post_status":"publish","comment_status":"closed","ping_status":"closed","post_password":"","post_name":"aya-nishimura","to_ping":"","pinged":"","post_modified":"2022-10-14 14:39:40","post_modified_gmt":"2022-10-14 12:39:40","post_content_filtered":"","post_parent":0,"guid":"http:\/\/dev.claret.cat\/autor\/aya-nishimura\/","menu_order":0,"post_type":"autor","post_mime_type":"","comment_count":"0","filter":"raw"}]},"aioseo_notices":[],"_links":{"self":[{"href":"https:\/\/www.claret.cat\/es\/wp-json\/wp\/v2\/product\/415964","targetHints":{"allow":["GET"]}}],"collection":[{"href":"https:\/\/www.claret.cat\/es\/wp-json\/wp\/v2\/product"}],"about":[{"href":"https:\/\/www.claret.cat\/es\/wp-json\/wp\/v2\/types\/product"}],"wp:featuredmedia":[{"embeddable":true,"href":"https:\/\/www.claret.cat\/es\/wp-json\/wp\/v2\/media\/415965"}],"wp:attachment":[{"href":"https:\/\/www.claret.cat\/es\/wp-json\/wp\/v2\/media?parent=415964"}],"wp:term":[{"taxonomy":"product_brand","embeddable":true,"href":"https:\/\/www.claret.cat\/es\/wp-json\/wp\/v2\/product_brand?post=415964"},{"taxonomy":"product_cat","embeddable":true,"href":"https:\/\/www.claret.cat\/es\/wp-json\/wp\/v2\/product_cat?post=415964"},{"taxonomy":"product_tag","embeddable":true,"href":"https:\/\/www.claret.cat\/es\/wp-json\/wp\/v2\/product_tag?post=415964"}],"curies":[{"name":"wp","href":"https:\/\/api.w.org\/{rel}","templated":true}]}}