{"id":415967,"date":"2023-04-05T18:06:00","date_gmt":"2023-04-05T16:06:00","guid":{"rendered":"https:\/\/www.claret.cat\/llibre\/mi-primer-libro-de-cocina-india-9788419466440\/"},"modified":"2023-10-11T03:14:23","modified_gmt":"2023-10-11T01:14:23","slug":"mi-primer-libro-de-cocina-india-9788419466440","status":"publish","type":"product","link":"https:\/\/www.claret.cat\/es\/libro\/mi-primer-libro-de-cocina-india-9788419466440\/","title":{"rendered":"MI PRIMER LIBRO DE COCINA INDIA"},"content":{"rendered":"<p>Todo el sabor de la India en un libro.<br \/> El gusto por la buena mesa es una caracter\u00edstica com\u00fan a todas las regiones de la India y un elemento esencial en su vida familiar y cultural.\u00a0Mi primer libro de cocina india\u00a0invita a compartir esta deliciosa experiencia a trav\u00e9s de las mejores recetas tradicionales y contempor\u00e1neas: platos r\u00e1pidos y sencillos de preparar, detallados paso a paso y acompa\u00f1ados de consejos, para que puedas sumergirte en el fascinante mundo de la gastronom\u00eda india y convertirte en un maestro del uso de las especias. Un viaje inolvidable para el paladar.<\/p>\n","protected":false},"excerpt":{"rendered":"<p>UPPAL, AMANDIP \/ LINDER, LISA<\/p>\n","protected":false},"featured_media":415968,"template":"","meta":{"_acf_changed":false,"om_disable_all_campaigns":false,"rs_blank_template":"","rs_page_bg_color":"","slide_template_v7":"","inline_featured_image":false,"_monsterinsights_skip_tracking":false,"_monsterinsights_sitenote_active":false,"_monsterinsights_sitenote_note":"","_monsterinsights_sitenote_category":0},"product_brand":[],"product_cat":[553,103],"product_tag":[],"class_list":{"0":"post-415967","1":"product","2":"type-product","3":"status-publish","4":"has-post-thumbnail","6":"product_cat-cocina","7":"product_cat-cuina","9":"first","10":"instock","11":"taxable","12":"shipping-taxable","13":"purchasable","14":"product-type-simple"},"acf":{"autor":"UPPAL, AMANDIP \/ LINDER, LISA","codart":"841946644","libros-coleccion":"Gastronom\u00eda","ediciones":"1","encuadernacion":"Carton\u00e9","fecha_de_publicacion":"01\/04\/2023","novedad":"1","paginas":"239","subtitulo":"","orden":"0","portada":"0","idioma":"spa","editorial":[{"ID":148476,"post_author":"3","post_date":"2022-10-14 11:58:32","post_date_gmt":"2022-10-14 09:58:32","post_content":"","post_title":"Lunwerg Editores","post_excerpt":"","post_status":"publish","comment_status":"closed","ping_status":"closed","post_password":"","post_name":"lunwerg-editores","to_ping":"","pinged":"","post_modified":"2022-10-14 11:58:32","post_modified_gmt":"2022-10-14 09:58:32","post_content_filtered":"","post_parent":0,"guid":"http:\/\/dev.claret.cat\/editorial\/lunwerg-editores\/","menu_order":0,"post_type":"editorial","post_mime_type":"","comment_count":"0","filter":"raw"}],"autores-libros":[{"ID":263236,"post_author":"3","post_date":"2022-12-01 11:12:55","post_date_gmt":"2022-12-01 10:12:55","post_content":"","post_title":"AMANDIP UPPAL","post_excerpt":"","post_status":"publish","comment_status":"closed","ping_status":"closed","post_password":"","post_name":"amandip-uppal","to_ping":"","pinged":"","post_modified":"2022-12-01 11:12:55","post_modified_gmt":"2022-12-01 10:12:55","post_content_filtered":"","post_parent":0,"guid":"http:\/\/dev.claret.cat\/autor\/amandip-uppal\/","menu_order":0,"post_type":"autor","post_mime_type":"","comment_count":"0","filter":"raw"},{"ID":162258,"post_author":"3","post_date":"2022-10-14 17:29:35","post_date_gmt":"2022-10-14 15:29:35","post_content":"","post_title":"LISA LINDER","post_excerpt":"","post_status":"publish","comment_status":"closed","ping_status":"closed","post_password":"","post_name":"lisa-linder","to_ping":"","pinged":"","post_modified":"2022-10-14 17:29:35","post_modified_gmt":"2022-10-14 15:29:35","post_content_filtered":"","post_parent":0,"guid":"http:\/\/dev.claret.cat\/autor\/lisa-linder\/","menu_order":0,"post_type":"autor","post_mime_type":"","comment_count":"0","filter":"raw"}]},"aioseo_notices":[],"_links":{"self":[{"href":"https:\/\/www.claret.cat\/es\/wp-json\/wp\/v2\/product\/415967","targetHints":{"allow":["GET"]}}],"collection":[{"href":"https:\/\/www.claret.cat\/es\/wp-json\/wp\/v2\/product"}],"about":[{"href":"https:\/\/www.claret.cat\/es\/wp-json\/wp\/v2\/types\/product"}],"wp:featuredmedia":[{"embeddable":true,"href":"https:\/\/www.claret.cat\/es\/wp-json\/wp\/v2\/media\/415968"}],"wp:attachment":[{"href":"https:\/\/www.claret.cat\/es\/wp-json\/wp\/v2\/media?parent=415967"}],"wp:term":[{"taxonomy":"product_brand","embeddable":true,"href":"https:\/\/www.claret.cat\/es\/wp-json\/wp\/v2\/product_brand?post=415967"},{"taxonomy":"product_cat","embeddable":true,"href":"https:\/\/www.claret.cat\/es\/wp-json\/wp\/v2\/product_cat?post=415967"},{"taxonomy":"product_tag","embeddable":true,"href":"https:\/\/www.claret.cat\/es\/wp-json\/wp\/v2\/product_tag?post=415967"}],"curies":[{"name":"wp","href":"https:\/\/api.w.org\/{rel}","templated":true}]}}