{"id":415982,"date":"2023-04-05T18:20:07","date_gmt":"2023-04-05T16:20:07","guid":{"rendered":"https:\/\/www.claret.cat\/llibre\/star-wars-ii-tomo-no-01-la-senda-del-destino-9788413415970\/"},"modified":"2023-10-11T03:14:13","modified_gmt":"2023-10-11T01:14:13","slug":"star-wars-ii-tomo-no-01-la-senda-del-destino-9788413415970","status":"publish","type":"product","link":"https:\/\/www.claret.cat\/es\/libro\/star-wars-ii-tomo-no-01-la-senda-del-destino-9788413415970\/","title":{"rendered":"STAR WARS II TOMO N\u00ba 01 LA SENDA DEL DESTINO"},"content":{"rendered":"<p>La Alianza Rebelde se ha visto obligada a diseminarse tras su derrota en Hoth. Para escapar del Imperio, Han Solo, la princesa Leia Organa, Chewbacca y C-3PO huyeron en el Halc\u00f3n Milenario con la esperanza de encontrar refugio con Lando Calrissian, un viejo amigo de Han.<br \/>Sin embargo, Darth Vader se les adelant\u00f3 y lleg\u00f3 antes a Ciudad Nube.<br \/> El Se\u00f1or Oscuro oblig\u00f3 a Lando a detenerlos como cebo para atraer a Luke Skywalker a una trampa y, aunque Leia lider\u00f3 una fuga muy valiente, Han Solo se qued\u00f3 atr\u00e1s como bot\u00edn para uno de los cazadores de recompensas del se\u00f1or de los sith. Ahora, Luke est\u00e1 a punto de desmoronarse tras su derrota a manos de Darth Vader\u2026<\/p>\n","protected":false},"excerpt":{"rendered":"<p>SOULE, CHARLES \/ SAIZ, JESUS<\/p>\n","protected":false},"featured_media":415983,"template":"","meta":{"_acf_changed":false,"om_disable_all_campaigns":false,"rs_blank_template":"","rs_page_bg_color":"","slide_template_v7":"","inline_featured_image":false,"_monsterinsights_skip_tracking":false,"_monsterinsights_sitenote_active":false,"_monsterinsights_sitenote_note":"","_monsterinsights_sitenote_category":0},"product_brand":[],"product_cat":[108,558],"product_tag":[],"class_list":{"0":"post-415982","1":"product","2":"type-product","3":"status-publish","4":"has-post-thumbnail","6":"product_cat-comic","7":"product_cat-comic-3_infantil-juvenil-spa-spa","9":"first","10":"instock","11":"taxable","12":"shipping-taxable","13":"purchasable","14":"product-type-simple"},"acf":{"autor":"SOULE, CHARLES \/ SAIZ, JESUS","codart":"841341597","libros-coleccion":"Star Wars","ediciones":"1","encuadernacion":"Carton\u00e9","fecha_de_publicacion":"01\/03\/2021","novedad":"1","paginas":"136","subtitulo":"","orden":"0","portada":"0","idioma":"spa","editorial":[{"ID":148674,"post_author":"3","post_date":"2022-10-14 12:00:06","post_date_gmt":"2022-10-14 10:00:06","post_content":"","post_title":"Planeta C\u00f3mic","post_excerpt":"","post_status":"publish","comment_status":"closed","ping_status":"closed","post_password":"","post_name":"planeta-comic","to_ping":"","pinged":"","post_modified":"2022-10-14 12:00:06","post_modified_gmt":"2022-10-14 10:00:06","post_content_filtered":"","post_parent":0,"guid":"http:\/\/dev.claret.cat\/editorial\/planeta-comic\/","menu_order":0,"post_type":"editorial","post_mime_type":"","comment_count":"0","filter":"raw"}]},"aioseo_notices":[],"_links":{"self":[{"href":"https:\/\/www.claret.cat\/es\/wp-json\/wp\/v2\/product\/415982","targetHints":{"allow":["GET"]}}],"collection":[{"href":"https:\/\/www.claret.cat\/es\/wp-json\/wp\/v2\/product"}],"about":[{"href":"https:\/\/www.claret.cat\/es\/wp-json\/wp\/v2\/types\/product"}],"wp:featuredmedia":[{"embeddable":true,"href":"https:\/\/www.claret.cat\/es\/wp-json\/wp\/v2\/media\/415983"}],"wp:attachment":[{"href":"https:\/\/www.claret.cat\/es\/wp-json\/wp\/v2\/media?parent=415982"}],"wp:term":[{"taxonomy":"product_brand","embeddable":true,"href":"https:\/\/www.claret.cat\/es\/wp-json\/wp\/v2\/product_brand?post=415982"},{"taxonomy":"product_cat","embeddable":true,"href":"https:\/\/www.claret.cat\/es\/wp-json\/wp\/v2\/product_cat?post=415982"},{"taxonomy":"product_tag","embeddable":true,"href":"https:\/\/www.claret.cat\/es\/wp-json\/wp\/v2\/product_tag?post=415982"}],"curies":[{"name":"wp","href":"https:\/\/api.w.org\/{rel}","templated":true}]}}