{"id":416030,"date":"2023-04-06T11:05:41","date_gmt":"2023-04-06T09:05:41","guid":{"rendered":"https:\/\/www.claret.cat\/llibre\/guia-del-camino-ignaciano-9788427146976\/"},"modified":"2026-04-01T02:05:52","modified_gmt":"2026-04-01T00:05:52","slug":"guia-del-camino-ignaciano-9788427146976","status":"publish","type":"product","link":"https:\/\/www.claret.cat\/es\/libro\/guia-del-camino-ignaciano-9788427146976\/","title":{"rendered":"GU\u00cdA DEL CAMINO IGNACIANO"},"content":{"rendered":"<p>El Camino Ignaciano es moderno, pero su inicio est\u00e1 en una batalla contra las tropas francesas y en una herida que transforma la vida del caballero \u00cd\u00f1igo de Loyola en 1521. En febrero de 1522, \u00cd\u00f1igo sale de la casa-torre de los Loyola en Azpeitia y sube monta\u00f1as y sigue caminos ribere\u00f1os a lo largo de casi 700 km hasta llegar a Manresa, donde permanece durante casi un a\u00f1o. A lo largo del Camino madurar\u00e1 en \u00e9l una profunda y radical transformaci\u00f3n. Ese mismo Camino es el que hoy se ofrece a los peregrinos del siglo XXI en esta gu\u00eda completamente actualizada, que permite conocer las vicisitudes del viaje hist\u00f3rico de san Ignacio, preparar y conocer el recorrido desde Loyola en 29 etapas hasta llegar a Manresa y Barcelona y encontrar una gu\u00eda espiritual para animar una aut\u00e9ntica peregrinaci\u00f3n que parta desde el coraz\u00f3n.<\/p>\n","protected":false},"excerpt":{"rendered":"<p>LOWNEY, CHRIS ; IRIBERI D\u00cdAZ, JOS\u00c9 LUIS<\/p>\n","protected":false},"featured_media":416031,"template":"","meta":{"_acf_changed":false,"om_disable_all_campaigns":false,"rs_blank_template":"","rs_page_bg_color":"","slide_template_v7":"","inline_featured_image":false,"_monsterinsights_skip_tracking":false,"_monsterinsights_sitenote_active":false,"_monsterinsights_sitenote_note":"","_monsterinsights_sitenote_category":0},"product_brand":[],"product_cat":[544,94,92,542],"product_tag":[],"class_list":{"0":"post-416030","1":"product","2":"type-product","3":"status-publish","4":"has-post-thumbnail","6":"product_cat-religiones","7":"product_cat-religions","8":"product_cat-vida-religiosa","9":"product_cat-vida-religiosa-1_espiritualidad-spa","11":"first","12":"instock","13":"taxable","14":"shipping-taxable","15":"purchasable","16":"product-type-simple"},"acf":{"autor":"LOWNEY, CHRIS ; IRIBERI D\u00cdAZ, JOS\u00c9 LUIS","codart":"842714697","libros-coleccion":"Jesuitas","ediciones":"2","encuadernacion":"R\u00fastica","fecha_de_publicacion":"10\/03\/2023","novedad":"1","paginas":"192","subtitulo":"NUEVA EDICI\u00d3N ACTUALIZADA","orden":"0","portada":"0","idioma":"spa","editorial":[{"ID":8258,"post_author":"3","post_date":"2022-09-30 09:21:32","post_date_gmt":"2022-09-30 07:21:32","post_content":"","post_title":"MENSAJERO","post_excerpt":"","post_status":"publish","comment_status":"closed","ping_status":"closed","post_password":"","post_name":"mensajero","to_ping":"","pinged":"","post_modified":"2022-09-30 09:21:32","post_modified_gmt":"2022-09-30 07:21:32","post_content_filtered":"","post_parent":0,"guid":"http:\/\/dev.claret.cat\/editorial\/mensajero\/","menu_order":0,"post_type":"editorial","post_mime_type":"","comment_count":"0","filter":"raw"}],"autores-libros":[{"ID":416026,"post_author":"3","post_date":"2023-04-06 11:00:02","post_date_gmt":"2023-04-06 09:00:02","post_content":"","post_title":"JOS\u00c9 LUIS IRIBERI D\u00cdAZ","post_excerpt":"","post_status":"publish","comment_status":"closed","ping_status":"closed","post_password":"","post_name":"jose-luis-iriberi-diaz","to_ping":"","pinged":"","post_modified":"2023-04-06 11:00:02","post_modified_gmt":"2023-04-06 09:00:02","post_content_filtered":"","post_parent":0,"guid":"https:\/\/www.claret.cat\/autor\/jose-luis-iriberi-diaz\/","menu_order":0,"post_type":"autor","post_mime_type":"","comment_count":"0","filter":"raw"},{"ID":152868,"post_author":"3","post_date":"2022-10-14 14:52:14","post_date_gmt":"2022-10-14 12:52:14","post_content":"","post_title":"CHRIS LOWNEY","post_excerpt":"","post_status":"publish","comment_status":"closed","ping_status":"closed","post_password":"","post_name":"chris-lowney","to_ping":"","pinged":"","post_modified":"2022-10-14 14:52:14","post_modified_gmt":"2022-10-14 12:52:14","post_content_filtered":"","post_parent":0,"guid":"http:\/\/dev.claret.cat\/autor\/chris-lowney\/","menu_order":0,"post_type":"autor","post_mime_type":"","comment_count":"0","filter":"raw"}],"booktrailer":"","resenas":""},"aioseo_notices":[],"_links":{"self":[{"href":"https:\/\/www.claret.cat\/es\/wp-json\/wp\/v2\/product\/416030","targetHints":{"allow":["GET"]}}],"collection":[{"href":"https:\/\/www.claret.cat\/es\/wp-json\/wp\/v2\/product"}],"about":[{"href":"https:\/\/www.claret.cat\/es\/wp-json\/wp\/v2\/types\/product"}],"wp:featuredmedia":[{"embeddable":true,"href":"https:\/\/www.claret.cat\/es\/wp-json\/wp\/v2\/media\/416031"}],"wp:attachment":[{"href":"https:\/\/www.claret.cat\/es\/wp-json\/wp\/v2\/media?parent=416030"}],"wp:term":[{"taxonomy":"product_brand","embeddable":true,"href":"https:\/\/www.claret.cat\/es\/wp-json\/wp\/v2\/product_brand?post=416030"},{"taxonomy":"product_cat","embeddable":true,"href":"https:\/\/www.claret.cat\/es\/wp-json\/wp\/v2\/product_cat?post=416030"},{"taxonomy":"product_tag","embeddable":true,"href":"https:\/\/www.claret.cat\/es\/wp-json\/wp\/v2\/product_tag?post=416030"}],"curies":[{"name":"wp","href":"https:\/\/api.w.org\/{rel}","templated":true}]}}