{"id":416049,"date":"2023-04-06T11:15:40","date_gmt":"2023-04-06T09:15:40","guid":{"rendered":"https:\/\/www.claret.cat\/llibre\/llamados-a-encontrarnos-9788429331622\/"},"modified":"2026-04-01T06:36:24","modified_gmt":"2026-04-01T04:36:24","slug":"llamados-a-encontrarnos-9788429331622","status":"publish","type":"product","link":"https:\/\/www.claret.cat\/es\/libro\/llamados-a-encontrarnos-9788429331622\/","title":{"rendered":"LLAMADOS A ENCONTRARNOS"},"content":{"rendered":"<p>La cultura del encuentro cobra cada d\u00eda un mayor protagonismo en nuestra sociedad. En este libro , Francisco A. Castro aborda la propuesta del Papa Francisco de promover la fraternidad universal como el nuevo centro de la doctrina social de la Iglesia. Un estudio que explora distintas antropolog\u00edas y c\u00f3mo pueden afectar negativamente nuestra convivencia social y que desentra\u00f1a la relaci\u00f3n intr\u00ednseca entre la fe cristiana y el humanismo, una antropolog\u00eda que es espacio de di\u00e1logo y encuentro. En definitiva, este ensayo ofrece un un s\u00f3lido razonamiento sobre la importancia del cristianismo en la construcci\u00f3n de una sociedad m\u00e1s humana.<\/p>\n","protected":false},"excerpt":{"rendered":"<p>CASTRO P\u00c9REZ, FRANCISCO A. <\/p>\n","protected":false},"featured_media":416050,"template":"","meta":{"_acf_changed":false,"om_disable_all_campaigns":false,"rs_blank_template":"","rs_page_bg_color":"","slide_template_v7":"","inline_featured_image":false,"_monsterinsights_skip_tracking":false,"_monsterinsights_sitenote_active":false,"_monsterinsights_sitenote_note":"","_monsterinsights_sitenote_category":0},"product_brand":[],"product_cat":[278,508,542,92],"product_tag":[],"class_list":{"0":"post-416049","1":"product","2":"type-product","3":"status-publish","4":"has-post-thumbnail","6":"product_cat-misteri-de-deu","7":"product_cat-misterio-de-dios","8":"product_cat-vida-religiosa-1_espiritualidad-spa","9":"product_cat-vida-religiosa","11":"first","12":"instock","13":"taxable","14":"shipping-taxable","15":"purchasable","16":"product-type-simple"},"acf":{"autor":"CASTRO P\u00c9REZ, FRANCISCO A. ","codart":"842933162","libros-coleccion":"SAL TERRAE- PRESENCIA TEOL\u00d3GICA","ediciones":"1","encuadernacion":"R\u00fastica","fecha_de_publicacion":"10\/03\/2023","novedad":"1","paginas":"144","subtitulo":"SER HUMANOS EN UN TIEMPO INHUMANO ","orden":"0","portada":"0","idioma":"spa","editorial":[{"ID":6351,"post_author":"3","post_date":"2022-07-28 17:50:19","post_date_gmt":"2022-07-28 15:50:19","post_content":"","post_title":"Sal Terrae","post_excerpt":"","post_status":"publish","comment_status":"closed","ping_status":"closed","post_password":"","post_name":"sal-terrae","to_ping":"","pinged":"","post_modified":"2022-07-28 17:50:19","post_modified_gmt":"2022-07-28 15:50:19","post_content_filtered":"","post_parent":0,"guid":"http:\/\/dev.claret.cat\/editorial\/sal-terrae\/","menu_order":0,"post_type":"editorial","post_mime_type":"","comment_count":"0","filter":"raw"}],"autores-libros":[{"ID":156211,"post_author":"3","post_date":"2022-10-14 15:19:00","post_date_gmt":"2022-10-14 13:19:00","post_content":"","post_title":"FRANCISCO A. CASTRO P\u00c9REZ","post_excerpt":"","post_status":"publish","comment_status":"closed","ping_status":"closed","post_password":"","post_name":"francisco-a-castro-perez","to_ping":"","pinged":"","post_modified":"2022-10-14 15:19:00","post_modified_gmt":"2022-10-14 13:19:00","post_content_filtered":"","post_parent":0,"guid":"http:\/\/dev.claret.cat\/autor\/francisco-a-castro-perez\/","menu_order":0,"post_type":"autor","post_mime_type":"","comment_count":"0","filter":"raw"}],"booktrailer":"","resenas":""},"aioseo_notices":[],"_links":{"self":[{"href":"https:\/\/www.claret.cat\/es\/wp-json\/wp\/v2\/product\/416049","targetHints":{"allow":["GET"]}}],"collection":[{"href":"https:\/\/www.claret.cat\/es\/wp-json\/wp\/v2\/product"}],"about":[{"href":"https:\/\/www.claret.cat\/es\/wp-json\/wp\/v2\/types\/product"}],"wp:featuredmedia":[{"embeddable":true,"href":"https:\/\/www.claret.cat\/es\/wp-json\/wp\/v2\/media\/416050"}],"wp:attachment":[{"href":"https:\/\/www.claret.cat\/es\/wp-json\/wp\/v2\/media?parent=416049"}],"wp:term":[{"taxonomy":"product_brand","embeddable":true,"href":"https:\/\/www.claret.cat\/es\/wp-json\/wp\/v2\/product_brand?post=416049"},{"taxonomy":"product_cat","embeddable":true,"href":"https:\/\/www.claret.cat\/es\/wp-json\/wp\/v2\/product_cat?post=416049"},{"taxonomy":"product_tag","embeddable":true,"href":"https:\/\/www.claret.cat\/es\/wp-json\/wp\/v2\/product_tag?post=416049"}],"curies":[{"name":"wp","href":"https:\/\/api.w.org\/{rel}","templated":true}]}}