{"id":416053,"date":"2023-04-06T11:23:44","date_gmt":"2023-04-06T09:23:44","guid":{"rendered":"https:\/\/www.claret.cat\/llibre\/caminos-para-tomar-una-decision-9788429330991\/"},"modified":"2026-04-01T06:38:23","modified_gmt":"2026-04-01T04:38:23","slug":"caminos-para-tomar-una-decision-9788429330991","status":"publish","type":"product","link":"https:\/\/www.claret.cat\/es\/libro\/caminos-para-tomar-una-decision-9788429330991\/","title":{"rendered":"CAMINOS PARA TOMAR UNA DECISI\u00d3N"},"content":{"rendered":"<p>Este libro explora las ideas clave de San Ignacio que han inspirado y siguen inspirando a los jesuitas. Una espiritualidad que reconoce la presencia de Dios en sentimientos, deseos y acciones. A trav\u00e9s de diez cap\u00edtulos, Jim Mahner, SJ muestra c\u00f3mo estas intuiciones pueden ayudar a encontrar a Dios y tomar buenas decisiones. Este libro, accesible y f\u00e1cil de leer, es ideal para aquellos relacionados con los jesuitas o que comparten su espiritualidad, o para cualquier persona que quiera conocer mejor esta corriente de la Iglesia. Ser\u00e1 un recurso valioso para el crecimiento espiritual.<\/p>\n","protected":false},"excerpt":{"rendered":"<p>MAHER, JIM<\/p>\n","protected":false},"featured_media":416054,"template":"","meta":{"_acf_changed":false,"om_disable_all_campaigns":false,"rs_blank_template":"","rs_page_bg_color":"","slide_template_v7":"","inline_featured_image":false,"_monsterinsights_skip_tracking":false,"_monsterinsights_sitenote_active":false,"_monsterinsights_sitenote_note":"","_monsterinsights_sitenote_category":0},"product_brand":[],"product_cat":[418,284,308],"product_tag":[],"class_list":{"0":"post-416053","1":"product","2":"type-product","3":"status-publish","4":"has-post-thumbnail","6":"product_cat-espiritual-teologia-1_espiritualidad","7":"product_cat-espiritual","8":"product_cat-castella","10":"first","11":"instock","12":"taxable","13":"shipping-taxable","14":"purchasable","15":"product-type-simple"},"acf":{"autor":"MAHER, JIM","codart":"842933099","libros-coleccion":"Servidores y Testigos","ediciones":"1","encuadernacion":"R\u00fastica","fecha_de_publicacion":"10\/03\/2023","novedad":"1","paginas":"128","subtitulo":"CON IGNACIO DE LOYOLA ","orden":"1000","portada":"0","idioma":"spa","editorial":[{"ID":6351,"post_author":"3","post_date":"2022-07-28 17:50:19","post_date_gmt":"2022-07-28 15:50:19","post_content":"","post_title":"Sal Terrae","post_excerpt":"","post_status":"publish","comment_status":"closed","ping_status":"closed","post_password":"","post_name":"sal-terrae","to_ping":"","pinged":"","post_modified":"2022-07-28 17:50:19","post_modified_gmt":"2022-07-28 15:50:19","post_content_filtered":"","post_parent":0,"guid":"http:\/\/dev.claret.cat\/editorial\/sal-terrae\/","menu_order":0,"post_type":"editorial","post_mime_type":"","comment_count":"0","filter":"raw"}],"autores-libros":[{"ID":416052,"post_author":"3","post_date":"2023-04-06 11:20:02","post_date_gmt":"2023-04-06 09:20:02","post_content":"","post_title":"JIM MAHER","post_excerpt":"","post_status":"publish","comment_status":"closed","ping_status":"closed","post_password":"","post_name":"jim-maher","to_ping":"","pinged":"","post_modified":"2023-04-06 11:20:02","post_modified_gmt":"2023-04-06 09:20:02","post_content_filtered":"","post_parent":0,"guid":"https:\/\/www.claret.cat\/autor\/jim-maher\/","menu_order":0,"post_type":"autor","post_mime_type":"","comment_count":"0","filter":"raw"}],"traductores-libros":"","ilustradores-libros":"","formato":"","linkebook":"","precioebook":"0","ebookportada":false,"ficha":"","muestra":"","presentacion":"","booktrailer":"","resenas":"","recomendamos":"","mas_vendido":""},"aioseo_notices":[],"_links":{"self":[{"href":"https:\/\/www.claret.cat\/es\/wp-json\/wp\/v2\/product\/416053","targetHints":{"allow":["GET"]}}],"collection":[{"href":"https:\/\/www.claret.cat\/es\/wp-json\/wp\/v2\/product"}],"about":[{"href":"https:\/\/www.claret.cat\/es\/wp-json\/wp\/v2\/types\/product"}],"wp:featuredmedia":[{"embeddable":true,"href":"https:\/\/www.claret.cat\/es\/wp-json\/wp\/v2\/media\/416054"}],"wp:attachment":[{"href":"https:\/\/www.claret.cat\/es\/wp-json\/wp\/v2\/media?parent=416053"}],"wp:term":[{"taxonomy":"product_brand","embeddable":true,"href":"https:\/\/www.claret.cat\/es\/wp-json\/wp\/v2\/product_brand?post=416053"},{"taxonomy":"product_cat","embeddable":true,"href":"https:\/\/www.claret.cat\/es\/wp-json\/wp\/v2\/product_cat?post=416053"},{"taxonomy":"product_tag","embeddable":true,"href":"https:\/\/www.claret.cat\/es\/wp-json\/wp\/v2\/product_tag?post=416053"}],"curies":[{"name":"wp","href":"https:\/\/api.w.org\/{rel}","templated":true}]}}