{"id":416321,"date":"2023-04-11T09:45:03","date_gmt":"2023-04-11T07:45:03","guid":{"rendered":"https:\/\/www.claret.cat\/llibre\/brujas-sapos-y-aquelarres-9788477029403\/"},"modified":"2023-10-11T03:11:02","modified_gmt":"2023-10-11T01:11:02","slug":"brujas-sapos-y-aquelarres-9788477029403","status":"publish","type":"product","link":"https:\/\/www.claret.cat\/es\/libro\/brujas-sapos-y-aquelarres-9788477029403\/","title":{"rendered":"BRUJAS, SAPOS Y AQUELARRES"},"content":{"rendered":"<p>(Edici\u00f3n corregida y ampliada)<br \/> En Brujas, sapos y aquelarres Pilar Pedraza lleva a cabo<br \/> un recorrido hist\u00f3rico y tem\u00e1tico por los momentos y<br \/> lugares m\u00e1s relevantes de la brujer\u00eda a trav\u00e9s de los tiempos, deteni\u00e9ndose en aquellos aspectos que generalmente<br \/> son menos conocidos, como la brujer\u00eda antigua, la pintura de diabler\u00edas barroca o el cine de g\u00e9nero de brujas.<br \/> Las brujas vuelan desde la antig\u00fcedad y son capaces<br \/> de quebrantar las leyes de la naturaleza y de los dioses. Los magos, brujas y hechiceros han proclamado siempre su poder<br \/> por medio de un marketing m\u00e1s o menos espectacular, dirigi\u00e9ndose<br \/> como due\u00f1os a los astros, los elementos, los animales y las plantas. <br \/> La autora nos habla en primer lugar de las brujas divinas, H\u00e9cate, Circe<br \/> y Medea, para pasar luego a las de estirpe m\u00e1s popular.<br \/> El estudio ahonda tambi\u00e9n, con amenidad, humor y gran conocimiento del tema, en la intensa y controvertida relaci\u00f3n entre el cristianismo y la brujer\u00eda: los procesos de la Inquisici\u00f3n, la brujer\u00eda vasca o las brujas de Salem. A continuaci\u00f3n el lector encontrar\u00e1 un an\u00e1lisis est\u00e9tico y cultural del arquetipo de la bruja y sus distintas encarnaciones:<br \/> la bruja vieja, la brujer\u00eda er\u00f3tica y de sal\u00f3n y la brujer\u00eda moderna (la Wicca, el satanismo?) Finalmente, la autora nos ofrece una amplia visi\u00f3n del panorama cinematogr\u00e1fico sobre el tema:<br \/> la pel\u00edcula pionera H\u00e4xan, del dan\u00e9s Christensen, las comedias inglesas y americanas, la trilog\u00eda dedicada por Dario Argento a las tres Madres de DeQuincey, o la m\u00e1s reciente El proyecto de la Bruja de Blair, que pone en evidencia una vez m\u00e1s la cinefilia de Pilar Pedraza.<br \/> Y todo ello ampliamente ilustrado con obras de la pintura cl\u00e1sica y fotogramas del cine m\u00e1s moderno: todo un fest\u00edn.<\/p>\n<p> Pilar Pedraza naci\u00f3 en Toledo en 1951. Es doctora en Historia y profesora de Historia del Arte de la Universidad de Valencia desde 1982. Especialista en los diversos aspectos culturales del Renacimiento y el Barroco, se interesa tambi\u00e9n por la historia de la misoginia y por el Cine.<br \/> Escritora de culto, creadora de atm\u00f3sferas inquietantes, seguida por un grupo de admiradores incondicionales cada vez m\u00e1s numeroso, Pilar Pedraza ha consolidado una obra singular y extraordinaria al margen de las corrientes y modas imperantes en nuestras letras.<br \/> Hasta ahora ha publicado las siguientes novelas: Las joyas de la serpiente, La peque\u00f1a pasi\u00f3n, y Las novias inm\u00f3viles,  En Valdemar han aparecido seis novelas: Paisaje con reptiles (1996), Piel de s\u00e1tiro (1997),  La perra  de Alejandr\u00eda (2003), El s\u00edndrome de Ambras (2008), La fase del rub\u00ed (2009) (1987-Tusquets), y Lucifer Circus (2012); un volumen de cuentos: Arcano trece (2000),  y tres ensayo: M\u00e1quinas de amar (1998), Espectra (2004), y Brujas, sapos y aquelarres (2014).<\/p>\n","protected":false},"excerpt":{"rendered":"<p>PEDRAZA MART\u00cdNEZ, PILAR<\/p>\n","protected":false},"featured_media":416322,"template":"","meta":{"_acf_changed":false,"om_disable_all_campaigns":false,"rs_blank_template":"","rs_page_bg_color":"","slide_template_v7":"","inline_featured_image":false,"_monsterinsights_skip_tracking":false,"_monsterinsights_sitenote_active":false,"_monsterinsights_sitenote_note":"","_monsterinsights_sitenote_category":0},"product_brand":[],"product_cat":[90,524,300,540],"product_tag":[],"class_list":{"0":"post-416321","1":"product","2":"type-product","3":"status-publish","4":"has-post-thumbnail","6":"product_cat-altres","7":"product_cat-guias-y-viajes","8":"product_cat-guies-i-viatges","9":"product_cat-otros","11":"first","12":"instock","13":"taxable","14":"shipping-taxable","15":"purchasable","16":"product-type-simple"},"acf":{"autor":"PEDRAZA MART\u00cdNEZ, PILAR","codart":"8477029407","libros-coleccion":"Intempestivas","ediciones":"1","encuadernacion":"R\u00fastica","fecha_de_publicacion":"01\/04\/2023","novedad":"1","paginas":"0","subtitulo":"","orden":"0","portada":"1","idioma":"spa","editorial":[{"ID":148943,"post_author":"3","post_date":"2022-10-14 12:02:13","post_date_gmt":"2022-10-14 10:02:13","post_content":"","post_title":"Valdemar","post_excerpt":"","post_status":"publish","comment_status":"closed","ping_status":"closed","post_password":"","post_name":"valdemar","to_ping":"","pinged":"","post_modified":"2022-10-14 12:02:13","post_modified_gmt":"2022-10-14 10:02:13","post_content_filtered":"","post_parent":0,"guid":"http:\/\/dev.claret.cat\/editorial\/valdemar\/","menu_order":0,"post_type":"editorial","post_mime_type":"","comment_count":"0","filter":"raw"}],"autores-libros":[{"ID":416320,"post_author":"3","post_date":"2023-04-11 09:40:01","post_date_gmt":"2023-04-11 07:40:01","post_content":"","post_title":"PILAR PEDRAZA MART\u00cdNEZ","post_excerpt":"","post_status":"publish","comment_status":"closed","ping_status":"closed","post_password":"","post_name":"pilar-pedraza-martinez","to_ping":"","pinged":"","post_modified":"2023-04-11 09:40:01","post_modified_gmt":"2023-04-11 07:40:01","post_content_filtered":"","post_parent":0,"guid":"https:\/\/www.claret.cat\/autor\/pilar-pedraza-martinez\/","menu_order":0,"post_type":"autor","post_mime_type":"","comment_count":"0","filter":"raw"}]},"aioseo_notices":[],"_links":{"self":[{"href":"https:\/\/www.claret.cat\/es\/wp-json\/wp\/v2\/product\/416321","targetHints":{"allow":["GET"]}}],"collection":[{"href":"https:\/\/www.claret.cat\/es\/wp-json\/wp\/v2\/product"}],"about":[{"href":"https:\/\/www.claret.cat\/es\/wp-json\/wp\/v2\/types\/product"}],"wp:featuredmedia":[{"embeddable":true,"href":"https:\/\/www.claret.cat\/es\/wp-json\/wp\/v2\/media\/416322"}],"wp:attachment":[{"href":"https:\/\/www.claret.cat\/es\/wp-json\/wp\/v2\/media?parent=416321"}],"wp:term":[{"taxonomy":"product_brand","embeddable":true,"href":"https:\/\/www.claret.cat\/es\/wp-json\/wp\/v2\/product_brand?post=416321"},{"taxonomy":"product_cat","embeddable":true,"href":"https:\/\/www.claret.cat\/es\/wp-json\/wp\/v2\/product_cat?post=416321"},{"taxonomy":"product_tag","embeddable":true,"href":"https:\/\/www.claret.cat\/es\/wp-json\/wp\/v2\/product_tag?post=416321"}],"curies":[{"name":"wp","href":"https:\/\/api.w.org\/{rel}","templated":true}]}}