{"id":416354,"date":"2023-04-11T13:30:12","date_gmt":"2023-04-11T11:30:12","guid":{"rendered":"https:\/\/www.claret.cat\/llibre\/el-rosa-el-blau-i-tu-9788419607270\/"},"modified":"2023-10-11T03:10:32","modified_gmt":"2023-10-11T01:10:32","slug":"el-rosa-el-blau-i-tu-9788419607270","status":"publish","type":"product","link":"https:\/\/www.claret.cat\/es\/libro\/el-rosa-el-blau-i-tu-9788419607270\/","title":{"rendered":"EL ROSA, EL BLAU I TU"},"content":{"rendered":"<p>Els monopatins s\u00f3n nom\u00e9s per a nois? Els dinosaures tamb\u00e9? Nom\u00e9s les noies poden tenir cura dels nadons? Les dones nom\u00e9s es poden casar amb homes?<br \/> Hi ha moltes q\u00fcestions sobre la identitat de g\u00e8nere que, sovint, donem per fetes. Per\u00f2 qui va fer aquestes normes? De veritat cal que les seguim? Aquest \u00e0lbum il\u00b7lustrat pret\u00e9n ensenyar als infants que un altre m\u00f3n \u00e9s possible: un m\u00f3n en qu\u00e8 tots visquem en igualtat de condicions i se&#8217;ns estimi i respecti, siguem qui siguem, i siguem com siguem o com ens sentim.<\/p>\n","protected":false},"excerpt":{"rendered":"<p>GRAVEL, ELISE \/ BLAIS, MYKAELL<\/p>\n","protected":false},"featured_media":416355,"template":"","meta":{"_acf_changed":false,"om_disable_all_campaigns":false,"rs_blank_template":"","rs_page_bg_color":"","slide_template_v7":"","inline_featured_image":false,"_monsterinsights_skip_tracking":false,"_monsterinsights_sitenote_active":false,"_monsterinsights_sitenote_note":"","_monsterinsights_sitenote_category":0},"product_brand":[],"product_cat":[131,132,361,362],"product_tag":[],"class_list":{"0":"post-416354","1":"product","2":"type-product","3":"status-publish","4":"has-post-thumbnail","6":"product_cat-contes-per-infants-0-6-anys","7":"product_cat-lectures-per-preadolescents-6-12-anys","8":"product_cat-cuentos-para-ninos-0-6-anos","9":"product_cat-libros-preadolescentes-6-12-anos","11":"first","12":"instock","13":"taxable","14":"shipping-taxable","15":"purchasable","16":"product-type-simple"},"acf":{"autor":"GRAVEL, ELISE \/ BLAIS, MYKAELL","codart":"841960727","libros-coleccion":"Egalite","ediciones":"1","encuadernacion":"Carton\u00e9","fecha_de_publicacion":"01\/04\/2023","novedad":"1","paginas":"40","subtitulo":"","orden":"0","portada":"0","idioma":"cat","editorial":[{"ID":148592,"post_author":"3","post_date":"2022-10-14 11:59:27","post_date_gmt":"2022-10-14 09:59:27","post_content":"","post_title":"NUBEOCHO","post_excerpt":"","post_status":"publish","comment_status":"closed","ping_status":"closed","post_password":"","post_name":"nubeocho","to_ping":"","pinged":"","post_modified":"2022-10-14 11:59:27","post_modified_gmt":"2022-10-14 09:59:27","post_content_filtered":"","post_parent":0,"guid":"http:\/\/dev.claret.cat\/editorial\/nubeocho\/","menu_order":0,"post_type":"editorial","post_mime_type":"","comment_count":"0","filter":"raw"}],"autores-libros":[{"ID":154834,"post_author":"3","post_date":"2022-10-14 15:08:01","post_date_gmt":"2022-10-14 13:08:01","post_content":"","post_title":"ELISE GRAVEL","post_excerpt":"","post_status":"publish","comment_status":"closed","ping_status":"closed","post_password":"","post_name":"elise-gravel","to_ping":"","pinged":"","post_modified":"2022-10-14 15:08:01","post_modified_gmt":"2022-10-14 13:08:01","post_content_filtered":"","post_parent":0,"guid":"http:\/\/dev.claret.cat\/autor\/elise-gravel\/","menu_order":0,"post_type":"autor","post_mime_type":"","comment_count":"0","filter":"raw"},{"ID":416353,"post_author":"3","post_date":"2023-04-11 13:25:31","post_date_gmt":"2023-04-11 11:25:31","post_content":"","post_title":"MYKAELL BLAIS","post_excerpt":"","post_status":"publish","comment_status":"closed","ping_status":"closed","post_password":"","post_name":"mykaell-blais","to_ping":"","pinged":"","post_modified":"2023-04-11 13:25:31","post_modified_gmt":"2023-04-11 11:25:31","post_content_filtered":"","post_parent":0,"guid":"https:\/\/www.claret.cat\/autor\/mykaell-blais\/","menu_order":0,"post_type":"autor","post_mime_type":"","comment_count":"0","filter":"raw"}]},"aioseo_notices":[],"_links":{"self":[{"href":"https:\/\/www.claret.cat\/es\/wp-json\/wp\/v2\/product\/416354","targetHints":{"allow":["GET"]}}],"collection":[{"href":"https:\/\/www.claret.cat\/es\/wp-json\/wp\/v2\/product"}],"about":[{"href":"https:\/\/www.claret.cat\/es\/wp-json\/wp\/v2\/types\/product"}],"wp:featuredmedia":[{"embeddable":true,"href":"https:\/\/www.claret.cat\/es\/wp-json\/wp\/v2\/media\/416355"}],"wp:attachment":[{"href":"https:\/\/www.claret.cat\/es\/wp-json\/wp\/v2\/media?parent=416354"}],"wp:term":[{"taxonomy":"product_brand","embeddable":true,"href":"https:\/\/www.claret.cat\/es\/wp-json\/wp\/v2\/product_brand?post=416354"},{"taxonomy":"product_cat","embeddable":true,"href":"https:\/\/www.claret.cat\/es\/wp-json\/wp\/v2\/product_cat?post=416354"},{"taxonomy":"product_tag","embeddable":true,"href":"https:\/\/www.claret.cat\/es\/wp-json\/wp\/v2\/product_tag?post=416354"}],"curies":[{"name":"wp","href":"https:\/\/api.w.org\/{rel}","templated":true}]}}