{"id":416380,"date":"2023-04-11T14:09:18","date_gmt":"2023-04-11T12:09:18","guid":{"rendered":"https:\/\/www.claret.cat\/llibre\/vampyroteuthis-infernalis-9788425448645\/"},"modified":"2026-01-28T11:21:43","modified_gmt":"2026-01-28T10:21:43","slug":"vampyroteuthis-infernalis-9788425448645","status":"publish","type":"product","link":"https:\/\/www.claret.cat\/es\/libro\/vampyroteuthis-infernalis-9788425448645\/","title":{"rendered":"VAMPYROTEUTHIS INFERNALIS"},"content":{"rendered":"<p>\u00bfQu\u00e9 distancia hay entre los humanos y los animales, incluso el &#8216;calamar vampiro del infierno&#8217;? El cient\u00edfico, fil\u00f3sofo y divulgador  Vil\u00e9m Flusser utiliza esta pregunta como trampol\u00edn para sumergirse en un oc\u00e9ano literal y filos\u00f3fico. En parte tratado cient\u00edfico, en  parte burla, en parte discurso filos\u00f3fico, en parte f\u00e1bula, Vampyroteuthis Infernalis ofrece una comprensi\u00f3n filos\u00f3fica posthumanista \u00fanica de la fenomenolog\u00eda y abre el camino a una no-filosof\u00eda de la vida.  Esta es una f\u00e1bula de dos animales que comparten el ser \u00fanicas especies de su g\u00e9nero. El primero -nuestro protagonista explicito, el Vampyroteuthis inferna lis- Vive en las profundidades submarinas absorbiendo el mundo con su cuerpo. El segundo animal, el Homo sapiens, aparece t\u00e1citamente como contraparte del primero. Pero es quien observa y describe, quien construye teor\u00edas y relatos desde el cielo luminoso de la raz\u00f3n y el esp\u00edritu. Sim\u00e9tricamente opuestos en la escala animal, hombre y oct\u00f3podo se reflejan seg\u00fan una extra\u00f1a correspondencia que es el eje del relato. De una descripci\u00f3n cient\u00edfica, el texto se transforma en una especulaci\u00f3<\/p>\n","protected":false},"excerpt":{"rendered":"<p>FLUSSER, VIL\u00c9M\/BEC, LOUIS<\/p>\n","protected":false},"featured_media":416381,"template":"","meta":{"_acf_changed":false,"om_disable_all_campaigns":false,"rs_blank_template":"","rs_page_bg_color":"","slide_template_v7":"","inline_featured_image":false,"_monsterinsights_skip_tracking":false,"_monsterinsights_sitenote_active":false,"_monsterinsights_sitenote_note":"","_monsterinsights_sitenote_category":0},"product_brand":[],"product_cat":[375,174,373,166,440,169],"product_tag":[],"class_list":{"0":"post-416380","1":"product","2":"type-product","3":"status-publish","4":"has-post-thumbnail","6":"product_cat-antropologia-filosofia-2_humanidades","7":"product_cat-antropologia","8":"product_cat-autores","9":"product_cat-autors-filosofia","10":"product_cat-de-la-ciencia-filosofia-2_humanidades","11":"product_cat-de-la-ciencia","13":"first","14":"instock","15":"taxable","16":"shipping-taxable","17":"purchasable","18":"product-type-simple"},"acf":{"autor":"FLUSSER, VIL\u00c9M\/BEC, LOUIS","codart":"842544864","libros-coleccion":"Filosof\u00eda","ediciones":"1","encuadernacion":"Carpeta","fecha_de_publicacion":"01\/03\/2023","novedad":"0","paginas":"0","subtitulo":"","orden":"0","portada":"0","idioma":"spa","editorial":[{"ID":6266,"post_author":"3","post_date":"2022-07-28 17:48:31","post_date_gmt":"2022-07-28 15:48:31","post_content":"","post_title":"HERDER","post_excerpt":"","post_status":"publish","comment_status":"closed","ping_status":"closed","post_password":"","post_name":"herder","to_ping":"","pinged":"","post_modified":"2022-07-28 17:48:31","post_modified_gmt":"2022-07-28 15:48:31","post_content_filtered":"","post_parent":0,"guid":"http:\/\/dev.claret.cat\/editorial\/herder\/","menu_order":0,"post_type":"editorial","post_mime_type":"","comment_count":"0","filter":"raw"}],"autores-libros":[{"ID":416379,"post_author":"3","post_date":"2023-04-11 14:05:01","post_date_gmt":"2023-04-11 12:05:01","post_content":"","post_title":"VILEM FLUSSER","post_excerpt":"","post_status":"publish","comment_status":"closed","ping_status":"closed","post_password":"","post_name":"vilem-flusser","to_ping":"","pinged":"","post_modified":"2023-04-11 14:05:01","post_modified_gmt":"2023-04-11 12:05:01","post_content_filtered":"","post_parent":0,"guid":"https:\/\/www.claret.cat\/autor\/vilem-flusser\/","menu_order":0,"post_type":"autor","post_mime_type":"","comment_count":"0","filter":"raw"},{"ID":416378,"post_author":"3","post_date":"2023-04-11 14:00:23","post_date_gmt":"2023-04-11 12:00:23","post_content":"","post_title":"LOUIS BEC","post_excerpt":"","post_status":"publish","comment_status":"closed","ping_status":"closed","post_password":"","post_name":"louis-bec","to_ping":"","pinged":"","post_modified":"2023-04-11 14:00:23","post_modified_gmt":"2023-04-11 12:00:23","post_content_filtered":"","post_parent":0,"guid":"https:\/\/www.claret.cat\/autor\/louis-bec\/","menu_order":0,"post_type":"autor","post_mime_type":"","comment_count":"0","filter":"raw"}],"booktrailer":"","resenas":""},"aioseo_notices":[],"_links":{"self":[{"href":"https:\/\/www.claret.cat\/es\/wp-json\/wp\/v2\/product\/416380","targetHints":{"allow":["GET"]}}],"collection":[{"href":"https:\/\/www.claret.cat\/es\/wp-json\/wp\/v2\/product"}],"about":[{"href":"https:\/\/www.claret.cat\/es\/wp-json\/wp\/v2\/types\/product"}],"wp:featuredmedia":[{"embeddable":true,"href":"https:\/\/www.claret.cat\/es\/wp-json\/wp\/v2\/media\/416381"}],"wp:attachment":[{"href":"https:\/\/www.claret.cat\/es\/wp-json\/wp\/v2\/media?parent=416380"}],"wp:term":[{"taxonomy":"product_brand","embeddable":true,"href":"https:\/\/www.claret.cat\/es\/wp-json\/wp\/v2\/product_brand?post=416380"},{"taxonomy":"product_cat","embeddable":true,"href":"https:\/\/www.claret.cat\/es\/wp-json\/wp\/v2\/product_cat?post=416380"},{"taxonomy":"product_tag","embeddable":true,"href":"https:\/\/www.claret.cat\/es\/wp-json\/wp\/v2\/product_tag?post=416380"}],"curies":[{"name":"wp","href":"https:\/\/api.w.org\/{rel}","templated":true}]}}